{"id":991,"date":"2016-08-17T15:44:40","date_gmt":"2016-08-17T13:44:40","guid":{"rendered":"http:\/\/www.roeltgen.de\/shop\/computer-controlled-numbering-head-kopie\/?lang=en"},"modified":"2025-12-16T07:44:43","modified_gmt":"2025-12-16T06:44:43","slug":"electric-heating","status":"publish","type":"product","link":"https:\/\/www.roeltgen.de\/en\/product\/electric-heating\/","title":{"rendered":"Heating for numbering heads"},"content":{"rendered":"<p>All of our <b>numbering machines<\/b> and <b>embossing type holders<\/b> can be equipped with <b>electric heating<\/b>. This allows plastics and many other materials to be embossed particularly cleanly. The use of heat creates a controlled process in which the material <b>melts<\/b> slightly, resulting in a very clear, permanent and uniform embossing.<\/p>\n<p>Hot embossing is particularly suitable for:<\/p>\n<ul>\n<li><strong>Plastics<\/strong><\/li>\n<li><strong>Leather<\/strong><\/li>\n<li><strong>Celluloid<\/strong><\/li>\n<li><strong>Wood<\/strong><\/li>\n<li>Many other thermally deformable materials<\/li>\n<\/ul>\n<p>Thanks to the heating, you hardly need to use any force, as the material becomes more malleable under heat. All heating devices are designed for operation with 230 V alternating current and can be easily integrated.<\/p>\n<h2><strong>Note on engraving for hot stamping systems<\/strong><\/h2>\n<p>If you use heating elements or foil transport, the stamping tools and stamping types must be designed with a <b>flat engraving<\/b>. This type of engraving is ideal for hot stamping processes, as it ensures clean melting and uniform deformation of the material.<\/p>\n<h2><strong>Group 1693 0000 \u2013 electric heating with temperature control<\/strong><\/h2>\n<p>For particularly demanding applications, we offer <b>Group 1693 0000<\/b>, an electric heating system with precise temperature control. This system works very accurately and allows <b>separate fine adjustment of the temperature<\/b>, which is particularly important for sensitive materials.<\/p>\n<h3><strong>Technical advantages:<\/strong><\/h3>\n<ul>\n<li><strong>Continuously variable temperature range from approx. 50\u00b0C to 200\u00b0C<\/strong><\/li>\n<li><b>Indicator light<\/b> as soon as the desired temperature is reached<\/li>\n<li>Extremely <b>precise temperature setting<\/b> for high-quality hot stamping<\/li>\n<li>Can be used in <b>all models<\/b> of our numbering machines and stamp holders<\/li>\n<li><b>Mini numbering machines<\/b> can also be equipped with this heating system<\/li>\n<\/ul>\n<p>Thanks to its precise control, this system is ideal for <b>heat embossing<\/b> when materials require a precisely defined temperature to achieve optimal results.<\/p>\n<h2><strong>Why hot embossing with heated embossing tools? \u2013 Your advantages<\/strong><\/h2>\n<ul>\n<li><b>Clean and sharp embossing results<\/b>, even with difficult materials<\/li>\n<li><b>Permanent marking<\/b>, as the material is specifically deformed or melted<\/li>\n<li><b>Very little effort required<\/b>, as the heat softens the material<\/li>\n<li>Ideal for <b>marking plastic<\/b>, leather, wood and other thermoplastic materials<\/li>\n<li>Compatible with a wide range of our embossing tools<\/li>\n<li><b>Precise temperature control<\/b> for consistently high quality<\/li>\n<\/ul>\n<h2><strong>Conclusion \u2013 Perfect markings through heat and precision<\/strong><\/h2>\n<p>Electrically heated numbering machines and embossing type holders enable you to achieve particularly <b>clean, durable and resistant embossing<\/b>. Hot embossing is ideal for plastics and other thermally deformable materials, as these can be optimally shaped under heat.<\/p>\n<p>Thanks to precise temperature control, robust construction and flexible application options, our systems offer a powerful solution for many industries.<\/p>\n<p>If you want to mark material permanently, clearly and with minimal effort, <b>heat embossing<\/b> is the ideal method.<\/p>\n<a href='\/wp-content\/uploads\/_fb\/markingtools_and_machines\/54\/index.html' class='small-button smallblue' target=\"_blank\">View in catalog<\/a>\n<p>&nbsp;<\/p>\n","protected":false},"excerpt":{"rendered":"<h1>Perfect results when marking plastic and other materials<\/h1>\n","protected":false},"featured_media":101468,"template":"","meta":{"_et_pb_use_builder":"","_et_pb_old_content":"","_et_gb_content_width":""},"product_brand":[],"product_cat":[24,20],"product_tag":[],"class_list":{"0":"post-991","1":"product","2":"type-product","3":"status-publish","4":"has-post-thumbnail","6":"product_cat-hotstamping","7":"product_cat-metal-plastics-wood","9":"first","10":"outofstock","11":"shipping-taxable","12":"product-type-simple"},"yoast_head":"<!-- This site is optimized with the Yoast SEO Premium plugin v27.3 (Yoast SEO v27.3) - https:\/\/yoast.com\/product\/yoast-seo-premium-wordpress\/ -->\n<title>Electric heating for numbering heads - R\u00d6LTGEN MARKING SYSTEMS<\/title>\n<meta name=\"description\" content=\"Perfect results All numbering and embossing units and all embossing type holders can be equipped with electric heating, e.g. for marking plastics. When marking plastics and other materials\" \/>\n<meta name=\"robots\" content=\"index, follow, max-snippet:-1, max-image-preview:large, max-video-preview:-1\" \/>\n<link rel=\"canonical\" href=\"https:\/\/www.roeltgen.de\/en\/product\/electric-heating\/\" \/>\n<meta property=\"og:locale\" content=\"en_US\" \/>\n<meta property=\"og:type\" content=\"article\" \/>\n<meta property=\"og:title\" content=\"R\u00f6ltgen GmbH &amp; Co. KG \u2013 Spezialist f\u00fcr Kennzeichnungswerkzeuge und Kennzeichnungsmaschinen.\" \/>\n<meta property=\"og:description\" content=\"Hochwertige Kennzeichnungswerkzeuge und leistungsstarke Kennzeichnungsmaschinen \u2013 daf\u00fcr steht die R\u00f6ltgen GmbH &amp; Co. KG.\" \/>\n<meta property=\"og:url\" content=\"https:\/\/www.roeltgen.de\/en\/product\/electric-heating\/\" \/>\n<meta property=\"og:site_name\" content=\"R\u00d6LTGEN MARKING SYSTEMS\" \/>\n<meta property=\"article:publisher\" content=\"https:\/\/www.facebook.com\/Roeltgen\/\" \/>\n<meta property=\"article:modified_time\" content=\"2025-12-16T06:44:43+00:00\" \/>\n<meta property=\"og:image\" content=\"https:\/\/www.roeltgen.de\/wp-content\/uploads\/2016\/08\/Beheizung-Praegewerke2.jpg\" \/>\n\t<meta property=\"og:image:width\" content=\"1280\" \/>\n\t<meta property=\"og:image:height\" content=\"1280\" \/>\n\t<meta property=\"og:image:type\" content=\"image\/jpeg\" \/>\n<meta name=\"twitter:card\" content=\"summary_large_image\" \/>\n<meta name=\"twitter:label1\" content=\"Price\" \/>\n\t<meta name=\"twitter:data1\" content=\"\" \/>\n\t<meta name=\"twitter:label2\" content=\"Availability\" \/>\n\t<meta name=\"twitter:data2\" content=\"Out of stock\" \/>\n<script type=\"application\/ld+json\" class=\"yoast-schema-graph\">{\"@context\":\"https:\\\/\\\/schema.org\",\"@graph\":[{\"@type\":\"WebPage\",\"@id\":\"https:\\\/\\\/www.roeltgen.de\\\/en\\\/product\\\/electric-heating\\\/\",\"url\":\"https:\\\/\\\/www.roeltgen.de\\\/en\\\/product\\\/electric-heating\\\/\",\"name\":\"Electric heating for numbering heads - R\u00d6LTGEN MARKING SYSTEMS\",\"isPartOf\":{\"@id\":\"https:\\\/\\\/www.roeltgen.de\\\/#website\"},\"primaryImageOfPage\":{\"@id\":\"https:\\\/\\\/www.roeltgen.de\\\/en\\\/product\\\/electric-heating\\\/#primaryimage\"},\"image\":{\"@id\":\"https:\\\/\\\/www.roeltgen.de\\\/en\\\/product\\\/electric-heating\\\/#primaryimage\"},\"thumbnailUrl\":\"https:\\\/\\\/www.roeltgen.de\\\/wp-content\\\/uploads\\\/2016\\\/08\\\/Beheizung-Praegewerke2.jpg\",\"datePublished\":\"2016-08-17T13:44:40+00:00\",\"dateModified\":\"2025-12-16T06:44:43+00:00\",\"description\":\"Perfect results All numbering and embossing units and all embossing type holders can be equipped with electric heating, e.g. for marking plastics. When marking plastics and other materials\",\"breadcrumb\":{\"@id\":\"https:\\\/\\\/www.roeltgen.de\\\/en\\\/product\\\/electric-heating\\\/#breadcrumb\"},\"inLanguage\":\"en-US\",\"potentialAction\":[{\"@type\":\"ReadAction\",\"target\":[\"https:\\\/\\\/www.roeltgen.de\\\/en\\\/product\\\/electric-heating\\\/\"]}]},{\"@type\":\"ImageObject\",\"inLanguage\":\"en-US\",\"@id\":\"https:\\\/\\\/www.roeltgen.de\\\/en\\\/product\\\/electric-heating\\\/#primaryimage\",\"url\":\"https:\\\/\\\/www.roeltgen.de\\\/wp-content\\\/uploads\\\/2016\\\/08\\\/Beheizung-Praegewerke2.jpg\",\"contentUrl\":\"https:\\\/\\\/www.roeltgen.de\\\/wp-content\\\/uploads\\\/2016\\\/08\\\/Beheizung-Praegewerke2.jpg\",\"width\":1280,\"height\":1280,\"caption\":\"Elektrische Beheizung f\u00fcr Pr\u00e4gewerke mit Temperaturregelung\"},{\"@type\":\"BreadcrumbList\",\"@id\":\"https:\\\/\\\/www.roeltgen.de\\\/en\\\/product\\\/electric-heating\\\/#breadcrumb\",\"itemListElement\":[{\"@type\":\"ListItem\",\"position\":1,\"name\":\"Home\",\"item\":\"https:\\\/\\\/www.roeltgen.de\\\/en\\\/\"},{\"@type\":\"ListItem\",\"position\":2,\"name\":\"Products\",\"item\":\"https:\\\/\\\/www.roeltgen.de\\\/en\\\/products-for-industrial-marking\\\/\"},{\"@type\":\"ListItem\",\"position\":3,\"name\":\"Heating for numbering heads\"}]},{\"@type\":\"WebSite\",\"@id\":\"https:\\\/\\\/www.roeltgen.de\\\/#website\",\"url\":\"https:\\\/\\\/www.roeltgen.de\\\/\",\"name\":\"R\u00f6ltgen GmbH & Co. KG \u2013 Ihr Experte f\u00fcr Kennzeichnungswerkzeuge und -maschinen.\",\"description\":\"R\u00f6ltgen \u2013 Qualit\u00e4t, die pr\u00e4gt!\",\"publisher\":{\"@id\":\"https:\\\/\\\/www.roeltgen.de\\\/#organization\"},\"alternateName\":\"R\u00f6ltgen GmbH & Co. KG\",\"potentialAction\":[{\"@type\":\"SearchAction\",\"target\":{\"@type\":\"EntryPoint\",\"urlTemplate\":\"https:\\\/\\\/www.roeltgen.de\\\/?s={search_term_string}\"},\"query-input\":{\"@type\":\"PropertyValueSpecification\",\"valueRequired\":true,\"valueName\":\"search_term_string\"}}],\"inLanguage\":\"en-US\"},{\"@type\":\"Organization\",\"@id\":\"https:\\\/\\\/www.roeltgen.de\\\/#organization\",\"name\":\"R\u00d6LTGEN GmbH & Co. KG\",\"alternateName\":\"R\u00f6ltgen Marking-System\",\"url\":\"https:\\\/\\\/www.roeltgen.de\\\/\",\"logo\":{\"@type\":\"ImageObject\",\"inLanguage\":\"en-US\",\"@id\":\"https:\\\/\\\/www.roeltgen.de\\\/#\\\/schema\\\/logo\\\/image\\\/\",\"url\":\"https:\\\/\\\/www.roeltgen.de\\\/wp-content\\\/uploads\\\/2026\\\/01\\\/Roeltgen-Kurzzeichen.jpg\",\"contentUrl\":\"https:\\\/\\\/www.roeltgen.de\\\/wp-content\\\/uploads\\\/2026\\\/01\\\/Roeltgen-Kurzzeichen.jpg\",\"width\":241,\"height\":180,\"caption\":\"R\u00d6LTGEN GmbH & Co. KG\"},\"image\":{\"@id\":\"https:\\\/\\\/www.roeltgen.de\\\/#\\\/schema\\\/logo\\\/image\\\/\"},\"sameAs\":[\"https:\\\/\\\/www.facebook.com\\\/Roeltgen\\\/\"],\"description\":\"Die R\u00f6ltgen GmbH & Co. KG ist ein erfahrener Hersteller und Spezialist f\u00fcr Kennzeichnungswerkzeuge und Kennzeichnungsmaschinen. Das Unternehmen entwickelt und fertigt pr\u00e4zise, langlebige L\u00f6sungen f\u00fcr die industrielle Kennzeichnung unterschiedlichster Materialien. Mit hoher Fertigungstiefe, technischem Know-how und praxisnaher Beratung steht R\u00f6ltgen f\u00fcr Qualit\u00e4t, Zuverl\u00e4ssigkeit und ma\u00dfgeschneiderte Kennzeichnungsl\u00f6sungen. Die Produkte kommen branchen\u00fcbergreifend in Industrie, Handwerk und Fertigung zum Einsatz und erf\u00fcllen h\u00f6chste Anforderungen an Pr\u00e4zision und Best\u00e4ndigkeit.\",\"email\":\"info@roeltgen.de\",\"telephone\":\"+49-(0)212-3399-0\",\"legalName\":\"R\u00f6ltgen GmbH und Co. KG\",\"foundingDate\":\"1941-04-01\",\"vatID\":\"DE120961312\",\"taxID\":\"128\\\/5915\\\/4235\",\"duns\":\"317021913\",\"numberOfEmployees\":{\"@type\":\"QuantitativeValue\",\"minValue\":\"11\",\"maxValue\":\"50\"}}]}<\/script>\n<meta property=\"product:price:currency\" content=\"GBP\" \/>\n<meta property=\"og:availability\" content=\"out of stock\" \/>\n<meta property=\"product:availability\" content=\"out of stock\" \/>\n<meta property=\"product:retailer_item_id\" content=\"RLT-1693-0000-EH\" \/>\n<meta property=\"product:condition\" content=\"new\" \/>\n<!-- \/ Yoast SEO Premium plugin. -->","yoast_head_json":{"title":"Electric heating for numbering heads - R\u00d6LTGEN MARKING SYSTEMS","description":"Perfect results All numbering and embossing units and all embossing type holders can be equipped with electric heating, e.g. for marking plastics. When marking plastics and other materials","robots":{"index":"index","follow":"follow","max-snippet":"max-snippet:-1","max-image-preview":"max-image-preview:large","max-video-preview":"max-video-preview:-1"},"canonical":"https:\/\/www.roeltgen.de\/en\/product\/electric-heating\/","og_locale":"en_US","og_type":"article","og_title":"R\u00f6ltgen GmbH & Co. KG \u2013 Spezialist f\u00fcr Kennzeichnungswerkzeuge und Kennzeichnungsmaschinen.","og_description":"Hochwertige Kennzeichnungswerkzeuge und leistungsstarke Kennzeichnungsmaschinen \u2013 daf\u00fcr steht die R\u00f6ltgen GmbH & Co. KG.","og_url":"https:\/\/www.roeltgen.de\/en\/product\/electric-heating\/","og_site_name":"R\u00d6LTGEN MARKING SYSTEMS","article_publisher":"https:\/\/www.facebook.com\/Roeltgen\/","article_modified_time":"2025-12-16T06:44:43+00:00","og_image":[{"width":1280,"height":1280,"url":"https:\/\/www.roeltgen.de\/wp-content\/uploads\/2016\/08\/Beheizung-Praegewerke2.jpg","type":"image\/jpeg"}],"twitter_card":"summary_large_image","twitter_misc":{"Price":"","Availability":"Out of stock"},"schema":{"@context":"https:\/\/schema.org","@graph":[{"@type":"WebPage","@id":"https:\/\/www.roeltgen.de\/en\/product\/electric-heating\/","url":"https:\/\/www.roeltgen.de\/en\/product\/electric-heating\/","name":"Electric heating for numbering heads - R\u00d6LTGEN MARKING SYSTEMS","isPartOf":{"@id":"https:\/\/www.roeltgen.de\/#website"},"primaryImageOfPage":{"@id":"https:\/\/www.roeltgen.de\/en\/product\/electric-heating\/#primaryimage"},"image":{"@id":"https:\/\/www.roeltgen.de\/en\/product\/electric-heating\/#primaryimage"},"thumbnailUrl":"https:\/\/www.roeltgen.de\/wp-content\/uploads\/2016\/08\/Beheizung-Praegewerke2.jpg","datePublished":"2016-08-17T13:44:40+00:00","dateModified":"2025-12-16T06:44:43+00:00","description":"Perfect results All numbering and embossing units and all embossing type holders can be equipped with electric heating, e.g. for marking plastics. When marking plastics and other materials","breadcrumb":{"@id":"https:\/\/www.roeltgen.de\/en\/product\/electric-heating\/#breadcrumb"},"inLanguage":"en-US","potentialAction":[{"@type":"ReadAction","target":["https:\/\/www.roeltgen.de\/en\/product\/electric-heating\/"]}]},{"@type":"ImageObject","inLanguage":"en-US","@id":"https:\/\/www.roeltgen.de\/en\/product\/electric-heating\/#primaryimage","url":"https:\/\/www.roeltgen.de\/wp-content\/uploads\/2016\/08\/Beheizung-Praegewerke2.jpg","contentUrl":"https:\/\/www.roeltgen.de\/wp-content\/uploads\/2016\/08\/Beheizung-Praegewerke2.jpg","width":1280,"height":1280,"caption":"Elektrische Beheizung f\u00fcr Pr\u00e4gewerke mit Temperaturregelung"},{"@type":"BreadcrumbList","@id":"https:\/\/www.roeltgen.de\/en\/product\/electric-heating\/#breadcrumb","itemListElement":[{"@type":"ListItem","position":1,"name":"Home","item":"https:\/\/www.roeltgen.de\/en\/"},{"@type":"ListItem","position":2,"name":"Products","item":"https:\/\/www.roeltgen.de\/en\/products-for-industrial-marking\/"},{"@type":"ListItem","position":3,"name":"Heating for numbering heads"}]},{"@type":"WebSite","@id":"https:\/\/www.roeltgen.de\/#website","url":"https:\/\/www.roeltgen.de\/","name":"R\u00f6ltgen GmbH & Co. KG \u2013 Ihr Experte f\u00fcr Kennzeichnungswerkzeuge und -maschinen.","description":"R\u00f6ltgen \u2013 Qualit\u00e4t, die pr\u00e4gt!","publisher":{"@id":"https:\/\/www.roeltgen.de\/#organization"},"alternateName":"R\u00f6ltgen GmbH & Co. KG","potentialAction":[{"@type":"SearchAction","target":{"@type":"EntryPoint","urlTemplate":"https:\/\/www.roeltgen.de\/?s={search_term_string}"},"query-input":{"@type":"PropertyValueSpecification","valueRequired":true,"valueName":"search_term_string"}}],"inLanguage":"en-US"},{"@type":"Organization","@id":"https:\/\/www.roeltgen.de\/#organization","name":"R\u00d6LTGEN GmbH & Co. KG","alternateName":"R\u00f6ltgen Marking-System","url":"https:\/\/www.roeltgen.de\/","logo":{"@type":"ImageObject","inLanguage":"en-US","@id":"https:\/\/www.roeltgen.de\/#\/schema\/logo\/image\/","url":"https:\/\/www.roeltgen.de\/wp-content\/uploads\/2026\/01\/Roeltgen-Kurzzeichen.jpg","contentUrl":"https:\/\/www.roeltgen.de\/wp-content\/uploads\/2026\/01\/Roeltgen-Kurzzeichen.jpg","width":241,"height":180,"caption":"R\u00d6LTGEN GmbH & Co. KG"},"image":{"@id":"https:\/\/www.roeltgen.de\/#\/schema\/logo\/image\/"},"sameAs":["https:\/\/www.facebook.com\/Roeltgen\/"],"description":"Die R\u00f6ltgen GmbH & Co. KG ist ein erfahrener Hersteller und Spezialist f\u00fcr Kennzeichnungswerkzeuge und Kennzeichnungsmaschinen. Das Unternehmen entwickelt und fertigt pr\u00e4zise, langlebige L\u00f6sungen f\u00fcr die industrielle Kennzeichnung unterschiedlichster Materialien. Mit hoher Fertigungstiefe, technischem Know-how und praxisnaher Beratung steht R\u00f6ltgen f\u00fcr Qualit\u00e4t, Zuverl\u00e4ssigkeit und ma\u00dfgeschneiderte Kennzeichnungsl\u00f6sungen. Die Produkte kommen branchen\u00fcbergreifend in Industrie, Handwerk und Fertigung zum Einsatz und erf\u00fcllen h\u00f6chste Anforderungen an Pr\u00e4zision und Best\u00e4ndigkeit.","email":"info@roeltgen.de","telephone":"+49-(0)212-3399-0","legalName":"R\u00f6ltgen GmbH und Co. KG","foundingDate":"1941-04-01","vatID":"DE120961312","taxID":"128\/5915\/4235","duns":"317021913","numberOfEmployees":{"@type":"QuantitativeValue","minValue":"11","maxValue":"50"}}]},"product_price_currency":"GBP","og_availability":"out of stock","product_availability":"out of stock","product_retailer_item_id":"RLT-1693-0000-EH","product_condition":"new"},"_links":{"self":[{"href":"https:\/\/www.roeltgen.de\/en\/wp-json\/wp\/v2\/product\/991","targetHints":{"allow":["GET"]}}],"collection":[{"href":"https:\/\/www.roeltgen.de\/en\/wp-json\/wp\/v2\/product"}],"about":[{"href":"https:\/\/www.roeltgen.de\/en\/wp-json\/wp\/v2\/types\/product"}],"wp:featuredmedia":[{"embeddable":true,"href":"https:\/\/www.roeltgen.de\/en\/wp-json\/wp\/v2\/media\/101468"}],"wp:attachment":[{"href":"https:\/\/www.roeltgen.de\/en\/wp-json\/wp\/v2\/media?parent=991"}],"wp:term":[{"taxonomy":"product_brand","embeddable":true,"href":"https:\/\/www.roeltgen.de\/en\/wp-json\/wp\/v2\/product_brand?post=991"},{"taxonomy":"product_cat","embeddable":true,"href":"https:\/\/www.roeltgen.de\/en\/wp-json\/wp\/v2\/product_cat?post=991"},{"taxonomy":"product_tag","embeddable":true,"href":"https:\/\/www.roeltgen.de\/en\/wp-json\/wp\/v2\/product_tag?post=991"}],"curies":[{"name":"wp","href":"https:\/\/api.w.org\/{rel}","templated":true}]}}