{"id":715,"date":"2016-08-16T15:11:25","date_gmt":"2016-08-16T13:11:25","guid":{"rendered":"http:\/\/www.roeltgen.de\/shop\/marktronic-markmate-kopie\/?lang=en"},"modified":"2026-03-13T08:24:03","modified_gmt":"2026-03-13T07:24:03","slug":"marktronic-portadot-130-30","status":"publish","type":"product","link":"https:\/\/www.roeltgen.de\/en\/product\/marktronic-portadot-130-30\/","title":{"rendered":"Marktronic PortaDot 130-30"},"content":{"rendered":"<p data-start=\"321\" data-end=\"680\">In many industrial applications, workpieces are too large, too heavy or too unwieldy to transport to a stationary marking machine. Therefore, a mobile solution is often required. This is exactly why the PortaDot 130-30 dot peen marking machine was developed. Instead of moving the component, you bring the marking device directly to the workpiece.<\/p>\n<p data-start=\"682\" data-end=\"893\">As a result, valuable time is saved. At the same time, complex handling is avoided. Consequently, overall process reliability increases, regardless of whether marking takes place indoors or outdoors.<\/p>\n<h2 data-start=\"900\" data-end=\"955\">Robust design for demanding industrial environments<\/h2>\n<p data-start=\"957\" data-end=\"1291\">Thanks to its robust construction made of sturdy sheet steel, the PortaDot 130-30 is designed for harsh conditions. In addition, the electrically operated dot marking system ensures reliable performance. Therefore, the machine is ideal for use in industry, mechanical engineering, steel construction and plant engineering.<\/p>\n<h3 data-start=\"1298\" data-end=\"1352\"><\/h3>\n<h2 data-start=\"1298\" data-end=\"1352\">Powerful, precise and built for extreme conditions<\/h2>\n<p data-start=\"1354\" data-end=\"1542\">Moreover, the PortaDot 130-30 operates with high-torque motors and precise threaded spindles. As a result, it achieves high repeat accuracy and consistently stable marking quality.<\/p>\n<p data-start=\"1544\" data-end=\"1782\">Furthermore, a carbide stylus is set into vibration by a powerful electromagnet. Thus, the system embosses clear and deeply defined dots. Consequently, the markings remain legible even under demanding environmental conditions.<\/p>\n<h3 data-start=\"1789\" data-end=\"1832\"><\/h3>\n<h2 data-start=\"1789\" data-end=\"1832\">Wide material and surface compatibility<\/h2>\n<p data-start=\"1834\" data-end=\"1927\">In addition, the device marks almost all materials up to 62 HRC \/ 800 VHN, including:<\/p>\n<ul data-start=\"1929\" data-end=\"2033\">\n<li data-start=\"1929\" data-end=\"1969\">\n<p data-start=\"1931\" data-end=\"1969\">Steel, stainless steel and cast iron<\/p>\n<\/li>\n<li data-start=\"1970\" data-end=\"2001\">\n<p data-start=\"1972\" data-end=\"2001\">Aluminium, brass and copper<\/p>\n<\/li>\n<li data-start=\"2002\" data-end=\"2033\">\n<p data-start=\"2004\" data-end=\"2033\">Coated and painted surfaces<\/p>\n<\/li>\n<\/ul>\n<p data-start=\"2035\" data-end=\"2190\">Even if workpieces are uneven, marking remains reliable. This is because the system automatically compensates for height differences of up to 3 mm.<\/p>\n<h3 data-start=\"2197\" data-end=\"2249\"><\/h3>\n<h2 data-start=\"2197\" data-end=\"2249\">Mobile and flexible \u2013 optional battery operation<\/h2>\n<p data-start=\"2251\" data-end=\"2550\">To ensure maximum independence, the PortaDot 130-30 is also available with battery operation. With this option, the powerful rechargeable battery enables several hours of marking. Therefore, the system is ideal for production halls, outdoor areas, warehouses and hard-to-reach locations.<\/p>\n<hr data-start=\"2552\" data-end=\"2555\" \/>\n<h3 data-start=\"2557\" data-end=\"2594\">Complete system for immediate use<\/h3>\n<p data-start=\"2596\" data-end=\"2665\">As standard, you receive a complete marking system consisting of:<\/p>\n<ul data-start=\"2667\" data-end=\"2757\">\n<li data-start=\"2667\" data-end=\"2683\">\n<p data-start=\"2669\" data-end=\"2683\">Marking head<\/p>\n<\/li>\n<li data-start=\"2684\" data-end=\"2700\">\n<p data-start=\"2686\" data-end=\"2700\">Control unit<\/p>\n<\/li>\n<li data-start=\"2701\" data-end=\"2757\">\n<p data-start=\"2703\" data-end=\"2757\">Connection cable (3 m standard, optional 6 m or 9 m)<\/p>\n<\/li>\n<\/ul>\n<p data-start=\"2759\" data-end=\"2866\">If required, customised workpiece supports can also be manufactured to match your components precisely.<\/p>\n<h3 data-start=\"2873\" data-end=\"2937\"><\/h3>\n<h2 data-start=\"2873\" data-end=\"2937\">Conclusion \u2013 maximum flexibility for mobile dot peen marking<\/h2>\n<p data-start=\"2939\" data-end=\"3285\">In conclusion, the PortaDot 130-30 dot peen marker offers a powerful and mobile marking solution for heavy and bulky workpieces. Thanks to its large marking area, high precision and versatile software functions, it meets demanding industrial requirements. Additionally, optional battery technology ensures maximum freedom of movement.<\/p>\n<p>These machines are already in use hundreds of times over in industry. Read a user report from <a href=\"https:\/\/www.roeltgen.de\/en\/case-study-duennewald\/\">D\u00fcnnewald Stahlhandel GmbH &amp; Co. KG<\/a> here or a user report from <a href=\"https:\/\/www.roeltgen.de\/en\/user-report-hoberg-drisch-gmbh-co-kg\/\">Hoberg und Drisch GmbH &amp; Co. KG<\/a> here.<\/p>\n<a href='\/wp-content\/uploads\/_fb\/markingtools_and_machines\/13\/index.html' class='small-button smallblue' target=\"_blank\">View in catalog<\/a>\n","protected":false},"excerpt":{"rendered":"<h1>Mobile needle embosser for large, heavy and unwieldy workpieces<\/h1>\n","protected":false},"featured_media":101654,"template":"","meta":{"_et_pb_use_builder":"","_et_pb_old_content":"","_et_gb_content_width":""},"product_brand":[],"product_cat":[21,20,126],"product_tag":[],"class_list":{"0":"post-715","1":"product","2":"type-product","3":"status-publish","4":"has-post-thumbnail","6":"product_cat-dot-peen-marking-machines","7":"product_cat-metal-plastics-wood","8":"product_cat-mobile-dot-peen-marking-machines","10":"first","11":"instock","12":"shipping-taxable","13":"product-type-simple"},"yoast_head":"<!-- This site is optimized with the Yoast SEO Premium plugin v27.3 (Yoast SEO v27.4) - https:\/\/yoast.com\/product\/yoast-seo-premium-wordpress\/ -->\n<title>Dot peen marking machine Marktronic PortaDot 130-30<\/title>\n<meta name=\"description\" content=\"The dot peen marking machine Portadot 130-30 offers a larger marking area and more power for deeper marking. (Marking area 130 mm x 30 mm)\" \/>\n<meta name=\"robots\" content=\"index, follow, max-snippet:-1, max-image-preview:large, max-video-preview:-1\" \/>\n<link rel=\"canonical\" href=\"https:\/\/www.roeltgen.de\/en\/product\/marktronic-portadot-130-30\/\" \/>\n<meta property=\"og:locale\" content=\"en_US\" \/>\n<meta property=\"og:type\" content=\"article\" \/>\n<meta property=\"og:title\" content=\"R\u00f6ltgen GmbH &amp; Co. KG \u2013 Spezialist f\u00fcr Kennzeichnungswerkzeuge und Kennzeichnungsmaschinen.\" \/>\n<meta property=\"og:description\" content=\"Hochwertige Kennzeichnungswerkzeuge und leistungsstarke Kennzeichnungsmaschinen \u2013 daf\u00fcr steht die R\u00f6ltgen GmbH &amp; Co. KG.\" \/>\n<meta property=\"og:url\" content=\"https:\/\/www.roeltgen.de\/en\/product\/marktronic-portadot-130-30\/\" \/>\n<meta property=\"og:site_name\" content=\"R\u00d6LTGEN MARKING SYSTEMS\" \/>\n<meta property=\"article:publisher\" content=\"https:\/\/www.facebook.com\/Roeltgen\/\" \/>\n<meta property=\"article:modified_time\" content=\"2026-03-13T07:24:03+00:00\" \/>\n<meta property=\"og:image\" content=\"https:\/\/www.roeltgen.de\/wp-content\/uploads\/2016\/08\/Portadot_130-30.jpg\" \/>\n\t<meta property=\"og:image:width\" content=\"1280\" \/>\n\t<meta property=\"og:image:height\" content=\"1280\" \/>\n\t<meta property=\"og:image:type\" content=\"image\/jpeg\" \/>\n<meta name=\"twitter:card\" content=\"summary_large_image\" \/>\n<meta name=\"twitter:label1\" content=\"Price\" \/>\n\t<meta name=\"twitter:data1\" content=\"\" \/>\n\t<meta name=\"twitter:label2\" content=\"Availability\" \/>\n\t<meta name=\"twitter:data2\" content=\"In stock\" \/>\n<script type=\"application\/ld+json\" class=\"yoast-schema-graph\">{\"@context\":\"https:\\\/\\\/schema.org\",\"@graph\":[{\"@type\":\"WebPage\",\"@id\":\"https:\\\/\\\/www.roeltgen.de\\\/en\\\/product\\\/marktronic-portadot-130-30\\\/\",\"url\":\"https:\\\/\\\/www.roeltgen.de\\\/en\\\/product\\\/marktronic-portadot-130-30\\\/\",\"name\":\"Dot peen marking machine Marktronic PortaDot 130-30\",\"isPartOf\":{\"@id\":\"https:\\\/\\\/www.roeltgen.de\\\/#website\"},\"primaryImageOfPage\":{\"@id\":\"https:\\\/\\\/www.roeltgen.de\\\/en\\\/product\\\/marktronic-portadot-130-30\\\/#primaryimage\"},\"image\":{\"@id\":\"https:\\\/\\\/www.roeltgen.de\\\/en\\\/product\\\/marktronic-portadot-130-30\\\/#primaryimage\"},\"thumbnailUrl\":\"https:\\\/\\\/www.roeltgen.de\\\/wp-content\\\/uploads\\\/2016\\\/08\\\/Portadot_130-30.jpg\",\"datePublished\":\"2016-08-16T13:11:25+00:00\",\"dateModified\":\"2026-03-13T07:24:03+00:00\",\"description\":\"The dot peen marking machine Portadot 130-30 offers a larger marking area and more power for deeper marking. (Marking area 130 mm x 30 mm)\",\"breadcrumb\":{\"@id\":\"https:\\\/\\\/www.roeltgen.de\\\/en\\\/product\\\/marktronic-portadot-130-30\\\/#breadcrumb\"},\"inLanguage\":\"en-US\",\"potentialAction\":[{\"@type\":\"ReadAction\",\"target\":[\"https:\\\/\\\/www.roeltgen.de\\\/en\\\/product\\\/marktronic-portadot-130-30\\\/\"]}]},{\"@type\":\"ImageObject\",\"inLanguage\":\"en-US\",\"@id\":\"https:\\\/\\\/www.roeltgen.de\\\/en\\\/product\\\/marktronic-portadot-130-30\\\/#primaryimage\",\"url\":\"https:\\\/\\\/www.roeltgen.de\\\/wp-content\\\/uploads\\\/2016\\\/08\\\/Portadot_130-30.jpg\",\"contentUrl\":\"https:\\\/\\\/www.roeltgen.de\\\/wp-content\\\/uploads\\\/2016\\\/08\\\/Portadot_130-30.jpg\",\"width\":1280,\"height\":1280,\"caption\":\"Marktronic Portadot 130-30 - mobiler Nadelpr\u00e4ger\"},{\"@type\":\"BreadcrumbList\",\"@id\":\"https:\\\/\\\/www.roeltgen.de\\\/en\\\/product\\\/marktronic-portadot-130-30\\\/#breadcrumb\",\"itemListElement\":[{\"@type\":\"ListItem\",\"position\":1,\"name\":\"Home\",\"item\":\"https:\\\/\\\/www.roeltgen.de\\\/en\\\/\"},{\"@type\":\"ListItem\",\"position\":2,\"name\":\"Products\",\"item\":\"https:\\\/\\\/www.roeltgen.de\\\/en\\\/products-for-industrial-marking\\\/\"},{\"@type\":\"ListItem\",\"position\":3,\"name\":\"Marktronic PortaDot 130-30\"}]},{\"@type\":\"WebSite\",\"@id\":\"https:\\\/\\\/www.roeltgen.de\\\/#website\",\"url\":\"https:\\\/\\\/www.roeltgen.de\\\/\",\"name\":\"R\u00f6ltgen GmbH & Co. KG \u2013 Ihr Experte f\u00fcr Kennzeichnungswerkzeuge und -maschinen.\",\"description\":\"R\u00f6ltgen \u2013 Qualit\u00e4t, die pr\u00e4gt!\",\"publisher\":{\"@id\":\"https:\\\/\\\/www.roeltgen.de\\\/#organization\"},\"alternateName\":\"R\u00f6ltgen GmbH & Co. KG\",\"potentialAction\":[{\"@type\":\"SearchAction\",\"target\":{\"@type\":\"EntryPoint\",\"urlTemplate\":\"https:\\\/\\\/www.roeltgen.de\\\/?s={search_term_string}\"},\"query-input\":{\"@type\":\"PropertyValueSpecification\",\"valueRequired\":true,\"valueName\":\"search_term_string\"}}],\"inLanguage\":\"en-US\"},{\"@type\":\"Organization\",\"@id\":\"https:\\\/\\\/www.roeltgen.de\\\/#organization\",\"name\":\"R\u00d6LTGEN GmbH & Co. KG\",\"alternateName\":\"R\u00f6ltgen Marking-System\",\"url\":\"https:\\\/\\\/www.roeltgen.de\\\/\",\"logo\":{\"@type\":\"ImageObject\",\"inLanguage\":\"en-US\",\"@id\":\"https:\\\/\\\/www.roeltgen.de\\\/#\\\/schema\\\/logo\\\/image\\\/\",\"url\":\"https:\\\/\\\/www.roeltgen.de\\\/wp-content\\\/uploads\\\/2026\\\/01\\\/Roeltgen-Kurzzeichen.jpg\",\"contentUrl\":\"https:\\\/\\\/www.roeltgen.de\\\/wp-content\\\/uploads\\\/2026\\\/01\\\/Roeltgen-Kurzzeichen.jpg\",\"width\":241,\"height\":180,\"caption\":\"R\u00d6LTGEN GmbH & Co. KG\"},\"image\":{\"@id\":\"https:\\\/\\\/www.roeltgen.de\\\/#\\\/schema\\\/logo\\\/image\\\/\"},\"sameAs\":[\"https:\\\/\\\/www.facebook.com\\\/Roeltgen\\\/\"],\"description\":\"Die R\u00f6ltgen GmbH & Co. KG ist ein erfahrener Hersteller und Spezialist f\u00fcr Kennzeichnungswerkzeuge und Kennzeichnungsmaschinen. Das Unternehmen entwickelt und fertigt pr\u00e4zise, langlebige L\u00f6sungen f\u00fcr die industrielle Kennzeichnung unterschiedlichster Materialien. Mit hoher Fertigungstiefe, technischem Know-how und praxisnaher Beratung steht R\u00f6ltgen f\u00fcr Qualit\u00e4t, Zuverl\u00e4ssigkeit und ma\u00dfgeschneiderte Kennzeichnungsl\u00f6sungen. Die Produkte kommen branchen\u00fcbergreifend in Industrie, Handwerk und Fertigung zum Einsatz und erf\u00fcllen h\u00f6chste Anforderungen an Pr\u00e4zision und Best\u00e4ndigkeit.\",\"email\":\"info@roeltgen.de\",\"telephone\":\"+49-(0)212-3399-0\",\"legalName\":\"R\u00f6ltgen GmbH und Co. KG\",\"foundingDate\":\"1941-04-01\",\"vatID\":\"DE120961312\",\"taxID\":\"128\\\/5915\\\/4235\",\"duns\":\"317021913\",\"numberOfEmployees\":{\"@type\":\"QuantitativeValue\",\"minValue\":\"11\",\"maxValue\":\"50\"}}]}<\/script>\n<meta property=\"product:price:currency\" content=\"GBP\" \/>\n<meta property=\"og:availability\" content=\"instock\" \/>\n<meta property=\"product:availability\" content=\"instock\" \/>\n<meta property=\"product:retailer_item_id\" content=\"MP-PORTADOT-130-30\" \/>\n<meta property=\"product:condition\" content=\"new\" \/>\n<!-- \/ Yoast SEO Premium plugin. -->","yoast_head_json":{"title":"Dot peen marking machine Marktronic PortaDot 130-30","description":"The dot peen marking machine Portadot 130-30 offers a larger marking area and more power for deeper marking. (Marking area 130 mm x 30 mm)","robots":{"index":"index","follow":"follow","max-snippet":"max-snippet:-1","max-image-preview":"max-image-preview:large","max-video-preview":"max-video-preview:-1"},"canonical":"https:\/\/www.roeltgen.de\/en\/product\/marktronic-portadot-130-30\/","og_locale":"en_US","og_type":"article","og_title":"R\u00f6ltgen GmbH & Co. KG \u2013 Spezialist f\u00fcr Kennzeichnungswerkzeuge und Kennzeichnungsmaschinen.","og_description":"Hochwertige Kennzeichnungswerkzeuge und leistungsstarke Kennzeichnungsmaschinen \u2013 daf\u00fcr steht die R\u00f6ltgen GmbH & Co. KG.","og_url":"https:\/\/www.roeltgen.de\/en\/product\/marktronic-portadot-130-30\/","og_site_name":"R\u00d6LTGEN MARKING SYSTEMS","article_publisher":"https:\/\/www.facebook.com\/Roeltgen\/","article_modified_time":"2026-03-13T07:24:03+00:00","og_image":[{"width":1280,"height":1280,"url":"https:\/\/www.roeltgen.de\/wp-content\/uploads\/2016\/08\/Portadot_130-30.jpg","type":"image\/jpeg"}],"twitter_card":"summary_large_image","twitter_misc":{"Price":"","Availability":"In stock"},"schema":{"@context":"https:\/\/schema.org","@graph":[{"@type":"WebPage","@id":"https:\/\/www.roeltgen.de\/en\/product\/marktronic-portadot-130-30\/","url":"https:\/\/www.roeltgen.de\/en\/product\/marktronic-portadot-130-30\/","name":"Dot peen marking machine Marktronic PortaDot 130-30","isPartOf":{"@id":"https:\/\/www.roeltgen.de\/#website"},"primaryImageOfPage":{"@id":"https:\/\/www.roeltgen.de\/en\/product\/marktronic-portadot-130-30\/#primaryimage"},"image":{"@id":"https:\/\/www.roeltgen.de\/en\/product\/marktronic-portadot-130-30\/#primaryimage"},"thumbnailUrl":"https:\/\/www.roeltgen.de\/wp-content\/uploads\/2016\/08\/Portadot_130-30.jpg","datePublished":"2016-08-16T13:11:25+00:00","dateModified":"2026-03-13T07:24:03+00:00","description":"The dot peen marking machine Portadot 130-30 offers a larger marking area and more power for deeper marking. (Marking area 130 mm x 30 mm)","breadcrumb":{"@id":"https:\/\/www.roeltgen.de\/en\/product\/marktronic-portadot-130-30\/#breadcrumb"},"inLanguage":"en-US","potentialAction":[{"@type":"ReadAction","target":["https:\/\/www.roeltgen.de\/en\/product\/marktronic-portadot-130-30\/"]}]},{"@type":"ImageObject","inLanguage":"en-US","@id":"https:\/\/www.roeltgen.de\/en\/product\/marktronic-portadot-130-30\/#primaryimage","url":"https:\/\/www.roeltgen.de\/wp-content\/uploads\/2016\/08\/Portadot_130-30.jpg","contentUrl":"https:\/\/www.roeltgen.de\/wp-content\/uploads\/2016\/08\/Portadot_130-30.jpg","width":1280,"height":1280,"caption":"Marktronic Portadot 130-30 - mobiler Nadelpr\u00e4ger"},{"@type":"BreadcrumbList","@id":"https:\/\/www.roeltgen.de\/en\/product\/marktronic-portadot-130-30\/#breadcrumb","itemListElement":[{"@type":"ListItem","position":1,"name":"Home","item":"https:\/\/www.roeltgen.de\/en\/"},{"@type":"ListItem","position":2,"name":"Products","item":"https:\/\/www.roeltgen.de\/en\/products-for-industrial-marking\/"},{"@type":"ListItem","position":3,"name":"Marktronic PortaDot 130-30"}]},{"@type":"WebSite","@id":"https:\/\/www.roeltgen.de\/#website","url":"https:\/\/www.roeltgen.de\/","name":"R\u00f6ltgen GmbH & Co. KG \u2013 Ihr Experte f\u00fcr Kennzeichnungswerkzeuge und -maschinen.","description":"R\u00f6ltgen \u2013 Qualit\u00e4t, die pr\u00e4gt!","publisher":{"@id":"https:\/\/www.roeltgen.de\/#organization"},"alternateName":"R\u00f6ltgen GmbH & Co. KG","potentialAction":[{"@type":"SearchAction","target":{"@type":"EntryPoint","urlTemplate":"https:\/\/www.roeltgen.de\/?s={search_term_string}"},"query-input":{"@type":"PropertyValueSpecification","valueRequired":true,"valueName":"search_term_string"}}],"inLanguage":"en-US"},{"@type":"Organization","@id":"https:\/\/www.roeltgen.de\/#organization","name":"R\u00d6LTGEN GmbH & Co. KG","alternateName":"R\u00f6ltgen Marking-System","url":"https:\/\/www.roeltgen.de\/","logo":{"@type":"ImageObject","inLanguage":"en-US","@id":"https:\/\/www.roeltgen.de\/#\/schema\/logo\/image\/","url":"https:\/\/www.roeltgen.de\/wp-content\/uploads\/2026\/01\/Roeltgen-Kurzzeichen.jpg","contentUrl":"https:\/\/www.roeltgen.de\/wp-content\/uploads\/2026\/01\/Roeltgen-Kurzzeichen.jpg","width":241,"height":180,"caption":"R\u00d6LTGEN GmbH & Co. KG"},"image":{"@id":"https:\/\/www.roeltgen.de\/#\/schema\/logo\/image\/"},"sameAs":["https:\/\/www.facebook.com\/Roeltgen\/"],"description":"Die R\u00f6ltgen GmbH & Co. KG ist ein erfahrener Hersteller und Spezialist f\u00fcr Kennzeichnungswerkzeuge und Kennzeichnungsmaschinen. Das Unternehmen entwickelt und fertigt pr\u00e4zise, langlebige L\u00f6sungen f\u00fcr die industrielle Kennzeichnung unterschiedlichster Materialien. Mit hoher Fertigungstiefe, technischem Know-how und praxisnaher Beratung steht R\u00f6ltgen f\u00fcr Qualit\u00e4t, Zuverl\u00e4ssigkeit und ma\u00dfgeschneiderte Kennzeichnungsl\u00f6sungen. Die Produkte kommen branchen\u00fcbergreifend in Industrie, Handwerk und Fertigung zum Einsatz und erf\u00fcllen h\u00f6chste Anforderungen an Pr\u00e4zision und Best\u00e4ndigkeit.","email":"info@roeltgen.de","telephone":"+49-(0)212-3399-0","legalName":"R\u00f6ltgen GmbH und Co. KG","foundingDate":"1941-04-01","vatID":"DE120961312","taxID":"128\/5915\/4235","duns":"317021913","numberOfEmployees":{"@type":"QuantitativeValue","minValue":"11","maxValue":"50"}}]},"product_price_currency":"GBP","og_availability":"instock","product_availability":"instock","product_retailer_item_id":"MP-PORTADOT-130-30","product_condition":"new"},"_links":{"self":[{"href":"https:\/\/www.roeltgen.de\/en\/wp-json\/wp\/v2\/product\/715","targetHints":{"allow":["GET"]}}],"collection":[{"href":"https:\/\/www.roeltgen.de\/en\/wp-json\/wp\/v2\/product"}],"about":[{"href":"https:\/\/www.roeltgen.de\/en\/wp-json\/wp\/v2\/types\/product"}],"wp:featuredmedia":[{"embeddable":true,"href":"https:\/\/www.roeltgen.de\/en\/wp-json\/wp\/v2\/media\/101654"}],"wp:attachment":[{"href":"https:\/\/www.roeltgen.de\/en\/wp-json\/wp\/v2\/media?parent=715"}],"wp:term":[{"taxonomy":"product_brand","embeddable":true,"href":"https:\/\/www.roeltgen.de\/en\/wp-json\/wp\/v2\/product_brand?post=715"},{"taxonomy":"product_cat","embeddable":true,"href":"https:\/\/www.roeltgen.de\/en\/wp-json\/wp\/v2\/product_cat?post=715"},{"taxonomy":"product_tag","embeddable":true,"href":"https:\/\/www.roeltgen.de\/en\/wp-json\/wp\/v2\/product_tag?post=715"}],"curies":[{"name":"wp","href":"https:\/\/api.w.org\/{rel}","templated":true}]}}