{"id":105082,"date":"2016-08-17T15:51:47","date_gmt":"2016-08-17T13:51:47","guid":{"rendered":"https:\/\/relaunch.roeltgen.de\/produkt\/standard-stahltypen\/"},"modified":"2025-12-19T13:58:54","modified_gmt":"2025-12-19T12:58:54","slug":"steel-types","status":"publish","type":"product","link":"https:\/\/www.roeltgen.de\/en\/product\/steel-types\/","title":{"rendered":"Steel types"},"content":{"rendered":"<p>On this page, you will find the R\u00f6ltgen standard steel types with all relevant information on body dimensions, font heights and storage options. The embossing types are designed for industrial use and impress with their high precision and long service life.<\/p>\n<p>The steel types shown are compatible with all type holders in group 1300 (side clamping) and group 1310 (holding pin). Nevertheless, we recommend that you always select the exact type size when ordering in order to achieve optimum embossing results.<\/p>\n<h3>Characters available from stock<\/h3>\n<p>The following versions are usually available for immediate delivery:<\/p>\n<ul>\n<li>Capital letters<\/li>\n<li>Numbers<\/li>\n<li>Punctuation .:-,\/<\/li>\n<\/ul>\n<p>Engraving is available in either DIN 1451 or the proven Automator font, which was specially developed for industrial marking.<\/p>\n<h3>High-quality material for maximum service life<\/h3>\n<p>The steel types are made from 90MnCrV8 (1.2842) tool steel. They are then:<\/p>\n<ul>\n<li>hardened to approx. 60\u201362 HRC<\/li>\n<li>precision ground on all sides<\/li>\n<li>nickel-plated to protect against corrosion<\/li>\n<\/ul>\n<p>The tight manufacturing tolerance of +0 \/ \u22120.02 mm guarantees consistently high embossing quality.<\/p>\n<h3>Block types and custom-made products<\/h3>\n<p>On request, we also manufacture block types that contain several frequently used character combinations. This significantly reduces set-up times. In addition, logos, special characters and individual engravings can also be easily realised.<\/p>\n<p>R\u00f6ltgen steel types stand for precise marking, reliability and flexibility in industrial embossing.<\/p>\n","protected":false},"excerpt":{"rendered":"<h1>Industrial steel types for embossing \u2013 precise, hardened and available immediately<\/h1>\n","protected":false},"featured_media":101528,"template":"","meta":{"_et_pb_use_builder":"off","_et_pb_old_content":"<p class=\"p1\">The steel types shown on this page fit all type holders of the group 1300 with lateral clamping or 1310 with holding pin. Please order the correct size anyway.<\/p>\r\n<p class=\"p1\">Capital letters, numbers and punctuation marks are available from stock.<\/p>\r\n<p class=\"p1\">The engraving of the steel types is done according to DIN 1451 or according to Automator font. Furthermore, the steel types are made of the material 90MnCrV8 (1.2842), hardened to approx. 60 \u2013 62 HrC, ground on all sides and nickel-plated to protect against rust. The tolerance is +0\/-0.02 mm.<\/p>\r\n<p class=\"p1\">We are also happy to manufacture so-called block types for you, on which several, recurring letter or number combinations are combined. This makes it easier to change the steel types. Of course, logos or special characters are also possible.<\/p>","_et_gb_content_width":""},"product_brand":[],"product_cat":[27,26,20],"product_tag":[],"class_list":{"0":"post-105082","1":"product","2":"type-product","3":"status-publish","4":"has-post-thumbnail","6":"product_cat-machine-tools-for-embossing","7":"product_cat-manual-embossing-tools","8":"product_cat-metal-plastics-wood","10":"first","11":"instock","12":"shipping-taxable","13":"product-type-simple"},"yoast_head":"<!-- This site is optimized with the Yoast SEO Premium plugin v27.3 (Yoast SEO v27.4) - https:\/\/yoast.com\/product\/yoast-seo-premium-wordpress\/ -->\n<title>R\u00f6ltgen GmbH &amp; Co. KG \u2013 Spezialist f\u00fcr Kennzeichnungswerkzeuge und Kennzeichnungsmaschinen.<\/title>\n<meta name=\"description\" content=\"Here you will find the R\u00f6ltgen standard steel types with information on exact body dimensions, font heights and storage options.\" \/>\n<meta name=\"robots\" content=\"index, follow, max-snippet:-1, max-image-preview:large, max-video-preview:-1\" \/>\n<link rel=\"canonical\" href=\"https:\/\/www.roeltgen.de\/en\/product\/steel-types\/\" \/>\n<meta property=\"og:locale\" content=\"en_US\" \/>\n<meta property=\"og:type\" content=\"article\" \/>\n<meta property=\"og:title\" content=\"R\u00f6ltgen GmbH &amp; Co. KG \u2013 Spezialist f\u00fcr Kennzeichnungswerkzeuge und Kennzeichnungsmaschinen.\" \/>\n<meta property=\"og:description\" content=\"Hochwertige Kennzeichnungswerkzeuge und leistungsstarke Kennzeichnungsmaschinen \u2013 daf\u00fcr steht die R\u00f6ltgen GmbH &amp; Co. KG.\" \/>\n<meta property=\"og:url\" content=\"https:\/\/www.roeltgen.de\/en\/product\/steel-types\/\" \/>\n<meta property=\"og:site_name\" content=\"R\u00d6LTGEN MARKING SYSTEMS\" \/>\n<meta property=\"article:publisher\" content=\"https:\/\/www.facebook.com\/Roeltgen\/\" \/>\n<meta property=\"article:modified_time\" content=\"2025-12-19T12:58:54+00:00\" \/>\n<meta property=\"og:image\" content=\"https:\/\/www.roeltgen.de\/wp-content\/uploads\/2016\/08\/Stahltypen3.jpg\" \/>\n\t<meta property=\"og:image:width\" content=\"1280\" \/>\n\t<meta property=\"og:image:height\" content=\"1280\" \/>\n\t<meta property=\"og:image:type\" content=\"image\/jpeg\" \/>\n<meta name=\"twitter:card\" content=\"summary_large_image\" \/>\n<meta name=\"twitter:label1\" content=\"Price\" \/>\n\t<meta name=\"twitter:data1\" content=\"\" \/>\n\t<meta name=\"twitter:label2\" content=\"Availability\" \/>\n\t<meta name=\"twitter:data2\" content=\"In stock\" \/>\n<script type=\"application\/ld+json\" class=\"yoast-schema-graph\">{\"@context\":\"https:\\\/\\\/schema.org\",\"@graph\":[{\"@type\":\"WebPage\",\"@id\":\"https:\\\/\\\/www.roeltgen.de\\\/en\\\/product\\\/steel-types\\\/\",\"url\":\"https:\\\/\\\/www.roeltgen.de\\\/en\\\/product\\\/steel-types\\\/\",\"name\":\"R\u00f6ltgen GmbH & Co. KG \u2013 Spezialist f\u00fcr Kennzeichnungswerkzeuge und Kennzeichnungsmaschinen.\",\"isPartOf\":{\"@id\":\"https:\\\/\\\/www.roeltgen.de\\\/#website\"},\"primaryImageOfPage\":{\"@id\":\"https:\\\/\\\/www.roeltgen.de\\\/en\\\/product\\\/steel-types\\\/#primaryimage\"},\"image\":{\"@id\":\"https:\\\/\\\/www.roeltgen.de\\\/en\\\/product\\\/steel-types\\\/#primaryimage\"},\"thumbnailUrl\":\"https:\\\/\\\/www.roeltgen.de\\\/wp-content\\\/uploads\\\/2016\\\/08\\\/Stahltypen3.jpg\",\"datePublished\":\"2016-08-17T13:51:47+00:00\",\"dateModified\":\"2025-12-19T12:58:54+00:00\",\"description\":\"Here you will find the R\u00f6ltgen standard steel types with information on exact body dimensions, font heights and storage options.\",\"breadcrumb\":{\"@id\":\"https:\\\/\\\/www.roeltgen.de\\\/en\\\/product\\\/steel-types\\\/#breadcrumb\"},\"inLanguage\":\"en-US\",\"potentialAction\":[{\"@type\":\"ReadAction\",\"target\":[\"https:\\\/\\\/www.roeltgen.de\\\/en\\\/product\\\/steel-types\\\/\"]}]},{\"@type\":\"ImageObject\",\"inLanguage\":\"en-US\",\"@id\":\"https:\\\/\\\/www.roeltgen.de\\\/en\\\/product\\\/steel-types\\\/#primaryimage\",\"url\":\"https:\\\/\\\/www.roeltgen.de\\\/wp-content\\\/uploads\\\/2016\\\/08\\\/Stahltypen3.jpg\",\"contentUrl\":\"https:\\\/\\\/www.roeltgen.de\\\/wp-content\\\/uploads\\\/2016\\\/08\\\/Stahltypen3.jpg\",\"width\":1280,\"height\":1280,\"caption\":\"Stahltypen\"},{\"@type\":\"BreadcrumbList\",\"@id\":\"https:\\\/\\\/www.roeltgen.de\\\/en\\\/product\\\/steel-types\\\/#breadcrumb\",\"itemListElement\":[{\"@type\":\"ListItem\",\"position\":1,\"name\":\"Home\",\"item\":\"https:\\\/\\\/www.roeltgen.de\\\/en\\\/\"},{\"@type\":\"ListItem\",\"position\":2,\"name\":\"Products\",\"item\":\"https:\\\/\\\/www.roeltgen.de\\\/en\\\/products-for-industrial-marking\\\/\"},{\"@type\":\"ListItem\",\"position\":3,\"name\":\"Steel types\"}]},{\"@type\":\"WebSite\",\"@id\":\"https:\\\/\\\/www.roeltgen.de\\\/#website\",\"url\":\"https:\\\/\\\/www.roeltgen.de\\\/\",\"name\":\"R\u00f6ltgen GmbH & Co. KG \u2013 Ihr Experte f\u00fcr Kennzeichnungswerkzeuge und -maschinen.\",\"description\":\"R\u00f6ltgen \u2013 Qualit\u00e4t, die pr\u00e4gt!\",\"publisher\":{\"@id\":\"https:\\\/\\\/www.roeltgen.de\\\/#organization\"},\"alternateName\":\"R\u00f6ltgen GmbH & Co. KG\",\"potentialAction\":[{\"@type\":\"SearchAction\",\"target\":{\"@type\":\"EntryPoint\",\"urlTemplate\":\"https:\\\/\\\/www.roeltgen.de\\\/?s={search_term_string}\"},\"query-input\":{\"@type\":\"PropertyValueSpecification\",\"valueRequired\":true,\"valueName\":\"search_term_string\"}}],\"inLanguage\":\"en-US\"},{\"@type\":\"Organization\",\"@id\":\"https:\\\/\\\/www.roeltgen.de\\\/#organization\",\"name\":\"R\u00d6LTGEN GmbH & Co. KG\",\"alternateName\":\"R\u00f6ltgen Marking-System\",\"url\":\"https:\\\/\\\/www.roeltgen.de\\\/\",\"logo\":{\"@type\":\"ImageObject\",\"inLanguage\":\"en-US\",\"@id\":\"https:\\\/\\\/www.roeltgen.de\\\/#\\\/schema\\\/logo\\\/image\\\/\",\"url\":\"https:\\\/\\\/www.roeltgen.de\\\/wp-content\\\/uploads\\\/2026\\\/01\\\/Roeltgen-Kurzzeichen.jpg\",\"contentUrl\":\"https:\\\/\\\/www.roeltgen.de\\\/wp-content\\\/uploads\\\/2026\\\/01\\\/Roeltgen-Kurzzeichen.jpg\",\"width\":241,\"height\":180,\"caption\":\"R\u00d6LTGEN GmbH & Co. KG\"},\"image\":{\"@id\":\"https:\\\/\\\/www.roeltgen.de\\\/#\\\/schema\\\/logo\\\/image\\\/\"},\"sameAs\":[\"https:\\\/\\\/www.facebook.com\\\/Roeltgen\\\/\"],\"description\":\"Die R\u00f6ltgen GmbH & Co. KG ist ein erfahrener Hersteller und Spezialist f\u00fcr Kennzeichnungswerkzeuge und Kennzeichnungsmaschinen. Das Unternehmen entwickelt und fertigt pr\u00e4zise, langlebige L\u00f6sungen f\u00fcr die industrielle Kennzeichnung unterschiedlichster Materialien. Mit hoher Fertigungstiefe, technischem Know-how und praxisnaher Beratung steht R\u00f6ltgen f\u00fcr Qualit\u00e4t, Zuverl\u00e4ssigkeit und ma\u00dfgeschneiderte Kennzeichnungsl\u00f6sungen. Die Produkte kommen branchen\u00fcbergreifend in Industrie, Handwerk und Fertigung zum Einsatz und erf\u00fcllen h\u00f6chste Anforderungen an Pr\u00e4zision und Best\u00e4ndigkeit.\",\"email\":\"info@roeltgen.de\",\"telephone\":\"+49-(0)212-3399-0\",\"legalName\":\"R\u00f6ltgen GmbH und Co. KG\",\"foundingDate\":\"1941-04-01\",\"vatID\":\"DE120961312\",\"taxID\":\"128\\\/5915\\\/4235\",\"duns\":\"317021913\",\"numberOfEmployees\":{\"@type\":\"QuantitativeValue\",\"minValue\":\"11\",\"maxValue\":\"50\"}}]}<\/script>\n<meta property=\"product:price:currency\" content=\"GBP\" \/>\n<meta property=\"og:availability\" content=\"instock\" \/>\n<meta property=\"product:availability\" content=\"instock\" \/>\n<meta property=\"product:retailer_item_id\" content=\"ST-TH-1451-XMM\" \/>\n<meta property=\"product:condition\" content=\"new\" \/>\n<!-- \/ Yoast SEO Premium plugin. -->","yoast_head_json":{"title":"R\u00f6ltgen GmbH & Co. KG \u2013 Spezialist f\u00fcr Kennzeichnungswerkzeuge und Kennzeichnungsmaschinen.","description":"Here you will find the R\u00f6ltgen standard steel types with information on exact body dimensions, font heights and storage options.","robots":{"index":"index","follow":"follow","max-snippet":"max-snippet:-1","max-image-preview":"max-image-preview:large","max-video-preview":"max-video-preview:-1"},"canonical":"https:\/\/www.roeltgen.de\/en\/product\/steel-types\/","og_locale":"en_US","og_type":"article","og_title":"R\u00f6ltgen GmbH & Co. KG \u2013 Spezialist f\u00fcr Kennzeichnungswerkzeuge und Kennzeichnungsmaschinen.","og_description":"Hochwertige Kennzeichnungswerkzeuge und leistungsstarke Kennzeichnungsmaschinen \u2013 daf\u00fcr steht die R\u00f6ltgen GmbH & Co. KG.","og_url":"https:\/\/www.roeltgen.de\/en\/product\/steel-types\/","og_site_name":"R\u00d6LTGEN MARKING SYSTEMS","article_publisher":"https:\/\/www.facebook.com\/Roeltgen\/","article_modified_time":"2025-12-19T12:58:54+00:00","og_image":[{"width":1280,"height":1280,"url":"https:\/\/www.roeltgen.de\/wp-content\/uploads\/2016\/08\/Stahltypen3.jpg","type":"image\/jpeg"}],"twitter_card":"summary_large_image","twitter_misc":{"Price":"","Availability":"In stock"},"schema":{"@context":"https:\/\/schema.org","@graph":[{"@type":"WebPage","@id":"https:\/\/www.roeltgen.de\/en\/product\/steel-types\/","url":"https:\/\/www.roeltgen.de\/en\/product\/steel-types\/","name":"R\u00f6ltgen GmbH & Co. KG \u2013 Spezialist f\u00fcr Kennzeichnungswerkzeuge und Kennzeichnungsmaschinen.","isPartOf":{"@id":"https:\/\/www.roeltgen.de\/#website"},"primaryImageOfPage":{"@id":"https:\/\/www.roeltgen.de\/en\/product\/steel-types\/#primaryimage"},"image":{"@id":"https:\/\/www.roeltgen.de\/en\/product\/steel-types\/#primaryimage"},"thumbnailUrl":"https:\/\/www.roeltgen.de\/wp-content\/uploads\/2016\/08\/Stahltypen3.jpg","datePublished":"2016-08-17T13:51:47+00:00","dateModified":"2025-12-19T12:58:54+00:00","description":"Here you will find the R\u00f6ltgen standard steel types with information on exact body dimensions, font heights and storage options.","breadcrumb":{"@id":"https:\/\/www.roeltgen.de\/en\/product\/steel-types\/#breadcrumb"},"inLanguage":"en-US","potentialAction":[{"@type":"ReadAction","target":["https:\/\/www.roeltgen.de\/en\/product\/steel-types\/"]}]},{"@type":"ImageObject","inLanguage":"en-US","@id":"https:\/\/www.roeltgen.de\/en\/product\/steel-types\/#primaryimage","url":"https:\/\/www.roeltgen.de\/wp-content\/uploads\/2016\/08\/Stahltypen3.jpg","contentUrl":"https:\/\/www.roeltgen.de\/wp-content\/uploads\/2016\/08\/Stahltypen3.jpg","width":1280,"height":1280,"caption":"Stahltypen"},{"@type":"BreadcrumbList","@id":"https:\/\/www.roeltgen.de\/en\/product\/steel-types\/#breadcrumb","itemListElement":[{"@type":"ListItem","position":1,"name":"Home","item":"https:\/\/www.roeltgen.de\/en\/"},{"@type":"ListItem","position":2,"name":"Products","item":"https:\/\/www.roeltgen.de\/en\/products-for-industrial-marking\/"},{"@type":"ListItem","position":3,"name":"Steel types"}]},{"@type":"WebSite","@id":"https:\/\/www.roeltgen.de\/#website","url":"https:\/\/www.roeltgen.de\/","name":"R\u00f6ltgen GmbH & Co. KG \u2013 Ihr Experte f\u00fcr Kennzeichnungswerkzeuge und -maschinen.","description":"R\u00f6ltgen \u2013 Qualit\u00e4t, die pr\u00e4gt!","publisher":{"@id":"https:\/\/www.roeltgen.de\/#organization"},"alternateName":"R\u00f6ltgen GmbH & Co. KG","potentialAction":[{"@type":"SearchAction","target":{"@type":"EntryPoint","urlTemplate":"https:\/\/www.roeltgen.de\/?s={search_term_string}"},"query-input":{"@type":"PropertyValueSpecification","valueRequired":true,"valueName":"search_term_string"}}],"inLanguage":"en-US"},{"@type":"Organization","@id":"https:\/\/www.roeltgen.de\/#organization","name":"R\u00d6LTGEN GmbH & Co. KG","alternateName":"R\u00f6ltgen Marking-System","url":"https:\/\/www.roeltgen.de\/","logo":{"@type":"ImageObject","inLanguage":"en-US","@id":"https:\/\/www.roeltgen.de\/#\/schema\/logo\/image\/","url":"https:\/\/www.roeltgen.de\/wp-content\/uploads\/2026\/01\/Roeltgen-Kurzzeichen.jpg","contentUrl":"https:\/\/www.roeltgen.de\/wp-content\/uploads\/2026\/01\/Roeltgen-Kurzzeichen.jpg","width":241,"height":180,"caption":"R\u00d6LTGEN GmbH & Co. KG"},"image":{"@id":"https:\/\/www.roeltgen.de\/#\/schema\/logo\/image\/"},"sameAs":["https:\/\/www.facebook.com\/Roeltgen\/"],"description":"Die R\u00f6ltgen GmbH & Co. KG ist ein erfahrener Hersteller und Spezialist f\u00fcr Kennzeichnungswerkzeuge und Kennzeichnungsmaschinen. Das Unternehmen entwickelt und fertigt pr\u00e4zise, langlebige L\u00f6sungen f\u00fcr die industrielle Kennzeichnung unterschiedlichster Materialien. Mit hoher Fertigungstiefe, technischem Know-how und praxisnaher Beratung steht R\u00f6ltgen f\u00fcr Qualit\u00e4t, Zuverl\u00e4ssigkeit und ma\u00dfgeschneiderte Kennzeichnungsl\u00f6sungen. Die Produkte kommen branchen\u00fcbergreifend in Industrie, Handwerk und Fertigung zum Einsatz und erf\u00fcllen h\u00f6chste Anforderungen an Pr\u00e4zision und Best\u00e4ndigkeit.","email":"info@roeltgen.de","telephone":"+49-(0)212-3399-0","legalName":"R\u00f6ltgen GmbH und Co. KG","foundingDate":"1941-04-01","vatID":"DE120961312","taxID":"128\/5915\/4235","duns":"317021913","numberOfEmployees":{"@type":"QuantitativeValue","minValue":"11","maxValue":"50"}}]},"product_price_currency":"GBP","og_availability":"instock","product_availability":"instock","product_retailer_item_id":"ST-TH-1451-XMM","product_condition":"new"},"_links":{"self":[{"href":"https:\/\/www.roeltgen.de\/en\/wp-json\/wp\/v2\/product\/105082","targetHints":{"allow":["GET"]}}],"collection":[{"href":"https:\/\/www.roeltgen.de\/en\/wp-json\/wp\/v2\/product"}],"about":[{"href":"https:\/\/www.roeltgen.de\/en\/wp-json\/wp\/v2\/types\/product"}],"wp:featuredmedia":[{"embeddable":true,"href":"https:\/\/www.roeltgen.de\/en\/wp-json\/wp\/v2\/media\/101528"}],"wp:attachment":[{"href":"https:\/\/www.roeltgen.de\/en\/wp-json\/wp\/v2\/media?parent=105082"}],"wp:term":[{"taxonomy":"product_brand","embeddable":true,"href":"https:\/\/www.roeltgen.de\/en\/wp-json\/wp\/v2\/product_brand?post=105082"},{"taxonomy":"product_cat","embeddable":true,"href":"https:\/\/www.roeltgen.de\/en\/wp-json\/wp\/v2\/product_cat?post=105082"},{"taxonomy":"product_tag","embeddable":true,"href":"https:\/\/www.roeltgen.de\/en\/wp-json\/wp\/v2\/product_tag?post=105082"}],"curies":[{"name":"wp","href":"https:\/\/api.w.org\/{rel}","templated":true}]}}