{"id":104751,"date":"2023-10-14T08:27:31","date_gmt":"2023-10-14T06:27:31","guid":{"rendered":"https:\/\/relaunch.roeltgen.de\/?post_type=product&#038;p=104751"},"modified":"2025-12-12T12:01:50","modified_gmt":"2025-12-12T11:01:50","slug":"steel-types-for-packaging-machines","status":"publish","type":"product","link":"https:\/\/www.roeltgen.de\/en\/product\/steel-types-for-packaging-machines\/","title":{"rendered":"Steel types for packaging machines"},"content":{"rendered":"<p>For decades, R\u00f6ltgen has been supplying high-quality <b>embossing dies<\/b> and <b>steel dies<\/b> for almost all common <b>packaging machines<\/b> and <b>blister machines<\/b>. Many well-known machine manufacturers rely on our dies ex works \u2013 a clear sign of quality, precision and reliability.<\/p>\n<p>Our products are used worldwide in the <b>pharmaceutical industry<\/b>, food industry, cosmetics industry and in the technical sector, ensuring permanently clear, standard-compliant markings.<\/p>\n<h2><strong>Embossing dies in many shapes and materials \u2013 perfectly tailored to your application<\/strong><\/h2>\n<p>Our <b>coding tools<\/b> are made from different materials depending on the area of application:<\/p>\n<h3><strong>Steel dies \u2013 robust, precise and durable<\/strong><\/h3>\n<p>&nbsp;<\/p>\n<ul>\n<li>the most commonly used material<\/li>\n<li>ideal for demanding and permanent embossing<\/li>\n<li>High resistance and precise engraving<\/li>\n<li><b>Additionally chemically nickel-plated<\/b> \u2013 as corrosion-free, food and pharmaceutical-grade rust protection<\/li>\n<\/ul>\n<h3><b>Stainless steel embossing dies<\/b><\/h3>\n<p>&nbsp;<\/p>\n<ul>\n<li>Excellent corrosion resistance<\/li>\n<li>Particularly popular in the <b>pharmaceutical industry<\/b> and food processing<\/li>\n<\/ul>\n<h3><strong>Brass dies<\/strong><\/h3>\n<p>&nbsp;<\/p>\n<ul>\n<li>Ideal for special applications and heat-assisted embossing<\/li>\n<li>Clean, detailed markings on a wide variety of materials<\/li>\n<\/ul>\n<p>All types \u2013 regardless of the material \u2013 are <b>ground on all sides<\/b> at R\u00f6ltgen to ensure a perfect fit and high repeat accuracy.<\/p>\n<h2><strong>Fast delivery from large stock<\/strong><\/h2>\n<p>We have an extensive range of the most common <b>shapes, sizes and typefaces<\/b>. Many standard types are available immediately and can be delivered <b>within 24 hours<\/b>.<\/p>\n<p>As an example, you will find the most common steel types, which are frequently used in packaging and blister machines, on the <b>PR320 drawing<\/b>.<\/p>\n<h2><strong>Customised production \u2013 exactly according to your drawing or sample<\/strong><\/h2>\n<p>If a required type is not in stock, we will be happy to manufacture it for you.<\/p>\n<p>The following is usually sufficient for production:<\/p>\n<ul>\n<li>a technical drawing<\/li>\n<li>a sample<\/li>\n<li>or a sketch from you.<\/li>\n<\/ul>\n<p>Thanks to our flexible production, we can create <b>customised embossing types and steel types<\/b> in any shape, size and design \u2013 perfectly tailored to your packaging machine.<\/p>\n<h2><strong>Competent advice for embossing problems<\/strong><\/h2>\n<p>Unclear typeface? Broken digits? Unclear embossing?<\/p>\n<p>On request, we will be happy to come to your premises and analyse your application. Our team of experts will advise you on:<\/p>\n<ul>\n<li>Material problems<\/li>\n<li>Incorrect type geometry<\/li>\n<li>Wear and tear due to stress<\/li>\n<li>Insufficient engraving depths<\/li>\n<\/ul>\n<p>Together, we will find a solution so that your <b>coding tools<\/b> deliver optimal results again.<\/p>\n<h2><strong>Enquire now \u2013 we will provide you with fast and reliable support<\/strong><\/h2>\n<p>Whether standard steel types, customised embossing types, complex coding tools or advice for the <b>pharmaceutical industry<\/b>:<\/p>\n<p>Contact us \u2013 we deliver quickly, reliably and in the highest quality.<\/p>\n","protected":false},"excerpt":{"rendered":"<h2>Embossing types from the main supplier of packaging machine manufacturers in best quality, engraved, ground and nickel-plated.<\/h2>\n","protected":false},"featured_media":101530,"template":"","meta":{"_et_pb_use_builder":"","_et_pb_old_content":"","_et_gb_content_width":""},"product_brand":[],"product_cat":[104],"product_tag":[],"class_list":{"0":"post-104751","1":"product","2":"type-product","3":"status-publish","4":"has-post-thumbnail","6":"product_cat-coding-tools","8":"first","9":"instock","10":"shipping-taxable","11":"product-type-simple"},"yoast_head":"<!-- This site is optimized with the Yoast SEO Premium plugin v27.4 (Yoast SEO v27.5) - https:\/\/yoast.com\/product\/yoast-seo-premium-wordpress\/ -->\n<title>R\u00f6ltgen GmbH &amp; Co. KG \u2013 Spezialist f\u00fcr Kennzeichnungswerkzeuge und Kennzeichnungsmaschinen.<\/title>\n<meta name=\"description\" content=\"Here you will find the R\u00f6ltgen standard steel types with information on exact body dimensions, font heights and storage options.\" \/>\n<meta name=\"robots\" content=\"index, follow, max-snippet:-1, max-image-preview:large, max-video-preview:-1\" \/>\n<link rel=\"canonical\" href=\"https:\/\/www.roeltgen.de\/en\/product\/steel-types-for-packaging-machines\/\" \/>\n<meta property=\"og:locale\" content=\"en_US\" \/>\n<meta property=\"og:type\" content=\"article\" \/>\n<meta property=\"og:title\" content=\"R\u00f6ltgen GmbH &amp; Co. KG \u2013 Spezialist f\u00fcr Kennzeichnungswerkzeuge und Kennzeichnungsmaschinen.\" \/>\n<meta property=\"og:description\" content=\"Hochwertige Kennzeichnungswerkzeuge und leistungsstarke Kennzeichnungsmaschinen \u2013 daf\u00fcr steht die R\u00f6ltgen GmbH &amp; Co. KG.\" \/>\n<meta property=\"og:url\" content=\"https:\/\/www.roeltgen.de\/en\/product\/steel-types-for-packaging-machines\/\" \/>\n<meta property=\"og:site_name\" content=\"R\u00d6LTGEN MARKING SYSTEMS\" \/>\n<meta property=\"article:publisher\" content=\"https:\/\/www.facebook.com\/Roeltgen\/\" \/>\n<meta property=\"article:modified_time\" content=\"2025-12-12T11:01:50+00:00\" \/>\n<meta property=\"og:image\" content=\"https:\/\/www.roeltgen.de\/wp-content\/uploads\/2016\/08\/Stahltypen2.jpg\" \/>\n\t<meta property=\"og:image:width\" content=\"1280\" \/>\n\t<meta property=\"og:image:height\" content=\"1280\" \/>\n\t<meta property=\"og:image:type\" content=\"image\/jpeg\" \/>\n<meta name=\"twitter:card\" content=\"summary_large_image\" \/>\n<meta name=\"twitter:label1\" content=\"Price\" \/>\n\t<meta name=\"twitter:data1\" content=\"\" \/>\n\t<meta name=\"twitter:label2\" content=\"Availability\" \/>\n\t<meta name=\"twitter:data2\" content=\"In stock\" \/>\n<script type=\"application\/ld+json\" class=\"yoast-schema-graph\">{\"@context\":\"https:\\\/\\\/schema.org\",\"@graph\":[{\"@type\":\"WebPage\",\"@id\":\"https:\\\/\\\/www.roeltgen.de\\\/en\\\/product\\\/steel-types-for-packaging-machines\\\/\",\"url\":\"https:\\\/\\\/www.roeltgen.de\\\/en\\\/product\\\/steel-types-for-packaging-machines\\\/\",\"name\":\"R\u00f6ltgen GmbH & Co. KG \u2013 Spezialist f\u00fcr Kennzeichnungswerkzeuge und Kennzeichnungsmaschinen.\",\"isPartOf\":{\"@id\":\"https:\\\/\\\/www.roeltgen.de\\\/#website\"},\"primaryImageOfPage\":{\"@id\":\"https:\\\/\\\/www.roeltgen.de\\\/en\\\/product\\\/steel-types-for-packaging-machines\\\/#primaryimage\"},\"image\":{\"@id\":\"https:\\\/\\\/www.roeltgen.de\\\/en\\\/product\\\/steel-types-for-packaging-machines\\\/#primaryimage\"},\"thumbnailUrl\":\"https:\\\/\\\/www.roeltgen.de\\\/wp-content\\\/uploads\\\/2016\\\/08\\\/Stahltypen2.jpg\",\"datePublished\":\"2023-10-14T06:27:31+00:00\",\"dateModified\":\"2025-12-12T11:01:50+00:00\",\"description\":\"Here you will find the R\u00f6ltgen standard steel types with information on exact body dimensions, font heights and storage options.\",\"breadcrumb\":{\"@id\":\"https:\\\/\\\/www.roeltgen.de\\\/en\\\/product\\\/steel-types-for-packaging-machines\\\/#breadcrumb\"},\"inLanguage\":\"en-US\",\"potentialAction\":[{\"@type\":\"ReadAction\",\"target\":[\"https:\\\/\\\/www.roeltgen.de\\\/en\\\/product\\\/steel-types-for-packaging-machines\\\/\"]}]},{\"@type\":\"ImageObject\",\"inLanguage\":\"en-US\",\"@id\":\"https:\\\/\\\/www.roeltgen.de\\\/en\\\/product\\\/steel-types-for-packaging-machines\\\/#primaryimage\",\"url\":\"https:\\\/\\\/www.roeltgen.de\\\/wp-content\\\/uploads\\\/2016\\\/08\\\/Stahltypen2.jpg\",\"contentUrl\":\"https:\\\/\\\/www.roeltgen.de\\\/wp-content\\\/uploads\\\/2016\\\/08\\\/Stahltypen2.jpg\",\"width\":1280,\"height\":1280,\"caption\":\"Stahltypen\"},{\"@type\":\"BreadcrumbList\",\"@id\":\"https:\\\/\\\/www.roeltgen.de\\\/en\\\/product\\\/steel-types-for-packaging-machines\\\/#breadcrumb\",\"itemListElement\":[{\"@type\":\"ListItem\",\"position\":1,\"name\":\"Home\",\"item\":\"https:\\\/\\\/www.roeltgen.de\\\/en\\\/home\\\/\"},{\"@type\":\"ListItem\",\"position\":2,\"name\":\"Products\",\"item\":\"https:\\\/\\\/www.roeltgen.de\\\/en\\\/products-for-industrial-marking\\\/\"},{\"@type\":\"ListItem\",\"position\":3,\"name\":\"Steel types for packaging machines\"}]},{\"@type\":\"WebSite\",\"@id\":\"https:\\\/\\\/www.roeltgen.de\\\/#website\",\"url\":\"https:\\\/\\\/www.roeltgen.de\\\/\",\"name\":\"R\u00f6ltgen GmbH & Co. KG \u2013 Ihr Experte f\u00fcr Kennzeichnungswerkzeuge und -maschinen.\",\"description\":\"R\u00f6ltgen \u2013 Qualit\u00e4t, die pr\u00e4gt!\",\"publisher\":{\"@id\":\"https:\\\/\\\/www.roeltgen.de\\\/#organization\"},\"alternateName\":\"R\u00f6ltgen GmbH & Co. KG\",\"potentialAction\":[{\"@type\":\"SearchAction\",\"target\":{\"@type\":\"EntryPoint\",\"urlTemplate\":\"https:\\\/\\\/www.roeltgen.de\\\/?s={search_term_string}\"},\"query-input\":{\"@type\":\"PropertyValueSpecification\",\"valueRequired\":true,\"valueName\":\"search_term_string\"}}],\"inLanguage\":\"en-US\"},{\"@type\":\"Organization\",\"@id\":\"https:\\\/\\\/www.roeltgen.de\\\/#organization\",\"name\":\"R\u00d6LTGEN GmbH & Co. KG\",\"alternateName\":\"R\u00f6ltgen Marking-System\",\"url\":\"https:\\\/\\\/www.roeltgen.de\\\/\",\"logo\":{\"@type\":\"ImageObject\",\"inLanguage\":\"en-US\",\"@id\":\"https:\\\/\\\/www.roeltgen.de\\\/#\\\/schema\\\/logo\\\/image\\\/\",\"url\":\"https:\\\/\\\/www.roeltgen.de\\\/wp-content\\\/uploads\\\/2026\\\/01\\\/Roeltgen-Kurzzeichen.jpg\",\"contentUrl\":\"https:\\\/\\\/www.roeltgen.de\\\/wp-content\\\/uploads\\\/2026\\\/01\\\/Roeltgen-Kurzzeichen.jpg\",\"width\":241,\"height\":180,\"caption\":\"R\u00d6LTGEN GmbH & Co. KG\"},\"image\":{\"@id\":\"https:\\\/\\\/www.roeltgen.de\\\/#\\\/schema\\\/logo\\\/image\\\/\"},\"sameAs\":[\"https:\\\/\\\/www.facebook.com\\\/Roeltgen\\\/\"],\"description\":\"Die R\u00f6ltgen GmbH & Co. KG ist ein erfahrener Hersteller und Spezialist f\u00fcr Kennzeichnungswerkzeuge und Kennzeichnungsmaschinen. Das Unternehmen entwickelt und fertigt pr\u00e4zise, langlebige L\u00f6sungen f\u00fcr die industrielle Kennzeichnung unterschiedlichster Materialien. Mit hoher Fertigungstiefe, technischem Know-how und praxisnaher Beratung steht R\u00f6ltgen f\u00fcr Qualit\u00e4t, Zuverl\u00e4ssigkeit und ma\u00dfgeschneiderte Kennzeichnungsl\u00f6sungen. Die Produkte kommen branchen\u00fcbergreifend in Industrie, Handwerk und Fertigung zum Einsatz und erf\u00fcllen h\u00f6chste Anforderungen an Pr\u00e4zision und Best\u00e4ndigkeit.\",\"email\":\"info@roeltgen.de\",\"telephone\":\"+49-(0)212-3399-0\",\"legalName\":\"R\u00f6ltgen GmbH und Co. KG\",\"foundingDate\":\"1941-04-01\",\"vatID\":\"DE120961312\",\"taxID\":\"128\\\/5915\\\/4235\",\"duns\":\"317021913\",\"numberOfEmployees\":{\"@type\":\"QuantitativeValue\",\"minValue\":\"11\",\"maxValue\":\"50\"}}]}<\/script>\n<meta property=\"product:price:currency\" content=\"GBP\" \/>\n<meta property=\"og:availability\" content=\"instock\" \/>\n<meta property=\"product:availability\" content=\"instock\" \/>\n<meta property=\"product:retailer_item_id\" content=\"STP-VERPACKUNG\" \/>\n<meta property=\"product:condition\" content=\"new\" \/>\n<!-- \/ Yoast SEO Premium plugin. -->","yoast_head_json":{"title":"R\u00f6ltgen GmbH & Co. KG \u2013 Spezialist f\u00fcr Kennzeichnungswerkzeuge und Kennzeichnungsmaschinen.","description":"Here you will find the R\u00f6ltgen standard steel types with information on exact body dimensions, font heights and storage options.","robots":{"index":"index","follow":"follow","max-snippet":"max-snippet:-1","max-image-preview":"max-image-preview:large","max-video-preview":"max-video-preview:-1"},"canonical":"https:\/\/www.roeltgen.de\/en\/product\/steel-types-for-packaging-machines\/","og_locale":"en_US","og_type":"article","og_title":"R\u00f6ltgen GmbH & Co. KG \u2013 Spezialist f\u00fcr Kennzeichnungswerkzeuge und Kennzeichnungsmaschinen.","og_description":"Hochwertige Kennzeichnungswerkzeuge und leistungsstarke Kennzeichnungsmaschinen \u2013 daf\u00fcr steht die R\u00f6ltgen GmbH & Co. KG.","og_url":"https:\/\/www.roeltgen.de\/en\/product\/steel-types-for-packaging-machines\/","og_site_name":"R\u00d6LTGEN MARKING SYSTEMS","article_publisher":"https:\/\/www.facebook.com\/Roeltgen\/","article_modified_time":"2025-12-12T11:01:50+00:00","og_image":[{"width":1280,"height":1280,"url":"https:\/\/www.roeltgen.de\/wp-content\/uploads\/2016\/08\/Stahltypen2.jpg","type":"image\/jpeg"}],"twitter_card":"summary_large_image","twitter_misc":{"Price":"","Availability":"In stock"},"schema":{"@context":"https:\/\/schema.org","@graph":[{"@type":"WebPage","@id":"https:\/\/www.roeltgen.de\/en\/product\/steel-types-for-packaging-machines\/","url":"https:\/\/www.roeltgen.de\/en\/product\/steel-types-for-packaging-machines\/","name":"R\u00f6ltgen GmbH & Co. KG \u2013 Spezialist f\u00fcr Kennzeichnungswerkzeuge und Kennzeichnungsmaschinen.","isPartOf":{"@id":"https:\/\/www.roeltgen.de\/#website"},"primaryImageOfPage":{"@id":"https:\/\/www.roeltgen.de\/en\/product\/steel-types-for-packaging-machines\/#primaryimage"},"image":{"@id":"https:\/\/www.roeltgen.de\/en\/product\/steel-types-for-packaging-machines\/#primaryimage"},"thumbnailUrl":"https:\/\/www.roeltgen.de\/wp-content\/uploads\/2016\/08\/Stahltypen2.jpg","datePublished":"2023-10-14T06:27:31+00:00","dateModified":"2025-12-12T11:01:50+00:00","description":"Here you will find the R\u00f6ltgen standard steel types with information on exact body dimensions, font heights and storage options.","breadcrumb":{"@id":"https:\/\/www.roeltgen.de\/en\/product\/steel-types-for-packaging-machines\/#breadcrumb"},"inLanguage":"en-US","potentialAction":[{"@type":"ReadAction","target":["https:\/\/www.roeltgen.de\/en\/product\/steel-types-for-packaging-machines\/"]}]},{"@type":"ImageObject","inLanguage":"en-US","@id":"https:\/\/www.roeltgen.de\/en\/product\/steel-types-for-packaging-machines\/#primaryimage","url":"https:\/\/www.roeltgen.de\/wp-content\/uploads\/2016\/08\/Stahltypen2.jpg","contentUrl":"https:\/\/www.roeltgen.de\/wp-content\/uploads\/2016\/08\/Stahltypen2.jpg","width":1280,"height":1280,"caption":"Stahltypen"},{"@type":"BreadcrumbList","@id":"https:\/\/www.roeltgen.de\/en\/product\/steel-types-for-packaging-machines\/#breadcrumb","itemListElement":[{"@type":"ListItem","position":1,"name":"Home","item":"https:\/\/www.roeltgen.de\/en\/home\/"},{"@type":"ListItem","position":2,"name":"Products","item":"https:\/\/www.roeltgen.de\/en\/products-for-industrial-marking\/"},{"@type":"ListItem","position":3,"name":"Steel types for packaging machines"}]},{"@type":"WebSite","@id":"https:\/\/www.roeltgen.de\/#website","url":"https:\/\/www.roeltgen.de\/","name":"R\u00f6ltgen GmbH & Co. KG \u2013 Ihr Experte f\u00fcr Kennzeichnungswerkzeuge und -maschinen.","description":"R\u00f6ltgen \u2013 Qualit\u00e4t, die pr\u00e4gt!","publisher":{"@id":"https:\/\/www.roeltgen.de\/#organization"},"alternateName":"R\u00f6ltgen GmbH & Co. KG","potentialAction":[{"@type":"SearchAction","target":{"@type":"EntryPoint","urlTemplate":"https:\/\/www.roeltgen.de\/?s={search_term_string}"},"query-input":{"@type":"PropertyValueSpecification","valueRequired":true,"valueName":"search_term_string"}}],"inLanguage":"en-US"},{"@type":"Organization","@id":"https:\/\/www.roeltgen.de\/#organization","name":"R\u00d6LTGEN GmbH & Co. KG","alternateName":"R\u00f6ltgen Marking-System","url":"https:\/\/www.roeltgen.de\/","logo":{"@type":"ImageObject","inLanguage":"en-US","@id":"https:\/\/www.roeltgen.de\/#\/schema\/logo\/image\/","url":"https:\/\/www.roeltgen.de\/wp-content\/uploads\/2026\/01\/Roeltgen-Kurzzeichen.jpg","contentUrl":"https:\/\/www.roeltgen.de\/wp-content\/uploads\/2026\/01\/Roeltgen-Kurzzeichen.jpg","width":241,"height":180,"caption":"R\u00d6LTGEN GmbH & Co. KG"},"image":{"@id":"https:\/\/www.roeltgen.de\/#\/schema\/logo\/image\/"},"sameAs":["https:\/\/www.facebook.com\/Roeltgen\/"],"description":"Die R\u00f6ltgen GmbH & Co. KG ist ein erfahrener Hersteller und Spezialist f\u00fcr Kennzeichnungswerkzeuge und Kennzeichnungsmaschinen. Das Unternehmen entwickelt und fertigt pr\u00e4zise, langlebige L\u00f6sungen f\u00fcr die industrielle Kennzeichnung unterschiedlichster Materialien. Mit hoher Fertigungstiefe, technischem Know-how und praxisnaher Beratung steht R\u00f6ltgen f\u00fcr Qualit\u00e4t, Zuverl\u00e4ssigkeit und ma\u00dfgeschneiderte Kennzeichnungsl\u00f6sungen. Die Produkte kommen branchen\u00fcbergreifend in Industrie, Handwerk und Fertigung zum Einsatz und erf\u00fcllen h\u00f6chste Anforderungen an Pr\u00e4zision und Best\u00e4ndigkeit.","email":"info@roeltgen.de","telephone":"+49-(0)212-3399-0","legalName":"R\u00f6ltgen GmbH und Co. KG","foundingDate":"1941-04-01","vatID":"DE120961312","taxID":"128\/5915\/4235","duns":"317021913","numberOfEmployees":{"@type":"QuantitativeValue","minValue":"11","maxValue":"50"}}]},"product_price_currency":"GBP","og_availability":"instock","product_availability":"instock","product_retailer_item_id":"STP-VERPACKUNG","product_condition":"new"},"_links":{"self":[{"href":"https:\/\/www.roeltgen.de\/en\/wp-json\/wp\/v2\/product\/104751","targetHints":{"allow":["GET"]}}],"collection":[{"href":"https:\/\/www.roeltgen.de\/en\/wp-json\/wp\/v2\/product"}],"about":[{"href":"https:\/\/www.roeltgen.de\/en\/wp-json\/wp\/v2\/types\/product"}],"wp:featuredmedia":[{"embeddable":true,"href":"https:\/\/www.roeltgen.de\/en\/wp-json\/wp\/v2\/media\/101530"}],"wp:attachment":[{"href":"https:\/\/www.roeltgen.de\/en\/wp-json\/wp\/v2\/media?parent=104751"}],"wp:term":[{"taxonomy":"product_brand","embeddable":true,"href":"https:\/\/www.roeltgen.de\/en\/wp-json\/wp\/v2\/product_brand?post=104751"},{"taxonomy":"product_cat","embeddable":true,"href":"https:\/\/www.roeltgen.de\/en\/wp-json\/wp\/v2\/product_cat?post=104751"},{"taxonomy":"product_tag","embeddable":true,"href":"https:\/\/www.roeltgen.de\/en\/wp-json\/wp\/v2\/product_tag?post=104751"}],"curies":[{"name":"wp","href":"https:\/\/api.w.org\/{rel}","templated":true}]}}