{"id":104511,"date":"2023-09-28T10:48:24","date_gmt":"2023-09-28T08:48:24","guid":{"rendered":"https:\/\/relaunch.roeltgen.de\/?post_type=product&#038;p=104511"},"modified":"2025-12-15T18:28:03","modified_gmt":"2025-12-15T17:28:03","slug":"mobile-inkjet-printer-jetstamp-990","status":"publish","type":"product","link":"https:\/\/www.roeltgen.de\/en\/product\/mobile-inkjet-printer-jetstamp-990\/","title":{"rendered":"Mobile inkjet printer jetStamp 990"},"content":{"rendered":"<p><strong>Group 2050 9000<\/strong><br \/>\nMobile inkjet printer jetStamp 990<\/p>\n<p>The jetStamp 990 is the smallest mobile marking device and the ideal solution for marking small parts. Whether stationary or mobile, metal, plastic and glass can be marked easily and quickly with the jetStamp 990. Marking on flat and uneven surfaces is easy, quiet and fast. A maximum of two lines with 20 characters per line can be applied. The integrated LCD display makes the set print image easy to read.<\/p>\n<p><strong>Features:<\/strong><\/p>\n<ul>\n<li>Number, date, time and text in one and two-line imprints<\/li>\n<li>Fonts from narrow to wide (max. print width 42 mm)<\/li>\n<li>Simple menu navigation with user-friendly LCD display<\/li>\n<li>Different print images can be stored in the stamp<\/li>\n<\/ul>\n<p><strong>Technical data:<\/strong><\/p>\n<ul>\n<li>Dimensions: 85 x 105 x 160 mm (W x H x D)<\/li>\n<li>Dimensions base station: 155 x 140 x 30 mm (W x H x D)<\/li>\n<li>Weight: approx. 520 g<\/li>\n<li>Printing area: Two lines \u00e1 42 x 3,2 mm (W x H)<\/li>\n<li>Max. Print speed: &lt; 1 s\/print<\/li>\n<li>Print resolution: 300 dpi<\/li>\n<li>Battery capacity: up to 1,000 prints<\/li>\n<li>Printing technology: Inkjet<\/li>\n<\/ul>\n","protected":false},"excerpt":{"rendered":"<h2>The entry-level model of the mobile inkjet printers can print text, date and serial numbers on straight or curved surfaces.<\/h2>\n","protected":false},"featured_media":104519,"template":"","meta":{"_et_pb_use_builder":"","_et_pb_old_content":"","_et_gb_content_width":""},"product_brand":[],"product_cat":[114,101],"product_tag":[],"class_list":{"0":"post-104511","1":"product","2":"type-product","3":"status-publish","4":"has-post-thumbnail","6":"product_cat-inkjet-printers-mobile","7":"product_cat-mobile-inkjet-printer","9":"first","10":"instock","11":"shipping-taxable","12":"product-type-simple"},"yoast_head":"<!-- This site is optimized with the Yoast SEO Premium plugin v27.3 (Yoast SEO v27.3) - https:\/\/yoast.com\/product\/yoast-seo-premium-wordpress\/ -->\n<title>R\u00f6ltgen GmbH &amp; Co. KG \u2013 Spezialist f\u00fcr Kennzeichnungswerkzeuge und Kennzeichnungsmaschinen.<\/title>\n<meta name=\"description\" content=\"The entry-level model of mobile inkjet printers can print text, dates and serial numbers on straight or curved surfaces.\" \/>\n<meta name=\"robots\" content=\"index, follow, max-snippet:-1, max-image-preview:large, max-video-preview:-1\" \/>\n<link rel=\"canonical\" href=\"https:\/\/www.roeltgen.de\/en\/product\/mobile-inkjet-printer-jetstamp-990\/\" \/>\n<meta property=\"og:locale\" content=\"en_US\" \/>\n<meta property=\"og:type\" content=\"article\" \/>\n<meta property=\"og:title\" content=\"R\u00f6ltgen GmbH &amp; Co. KG \u2013 Spezialist f\u00fcr Kennzeichnungswerkzeuge und Kennzeichnungsmaschinen.\" \/>\n<meta property=\"og:description\" content=\"Hochwertige Kennzeichnungswerkzeuge und leistungsstarke Kennzeichnungsmaschinen \u2013 daf\u00fcr steht die R\u00f6ltgen GmbH &amp; Co. KG.\" \/>\n<meta property=\"og:url\" content=\"https:\/\/www.roeltgen.de\/en\/product\/mobile-inkjet-printer-jetstamp-990\/\" \/>\n<meta property=\"og:site_name\" content=\"R\u00d6LTGEN MARKING SYSTEMS\" \/>\n<meta property=\"article:publisher\" content=\"https:\/\/www.facebook.com\/Roeltgen\/\" \/>\n<meta property=\"article:modified_time\" content=\"2025-12-15T17:28:03+00:00\" \/>\n<meta property=\"og:image\" content=\"https:\/\/www.roeltgen.de\/wp-content\/uploads\/2023\/09\/jetStamp990300dpijetStamp990-scaled.jpg\" \/>\n\t<meta property=\"og:image:width\" content=\"2560\" \/>\n\t<meta property=\"og:image:height\" content=\"1706\" \/>\n\t<meta property=\"og:image:type\" content=\"image\/jpeg\" \/>\n<meta name=\"twitter:card\" content=\"summary_large_image\" \/>\n<meta name=\"twitter:label1\" content=\"Price\" \/>\n\t<meta name=\"twitter:data1\" content=\"\" \/>\n\t<meta name=\"twitter:label2\" content=\"Availability\" \/>\n\t<meta name=\"twitter:data2\" content=\"In stock\" \/>\n<script type=\"application\/ld+json\" class=\"yoast-schema-graph\">{\"@context\":\"https:\\\/\\\/schema.org\",\"@graph\":[{\"@type\":\"WebPage\",\"@id\":\"https:\\\/\\\/www.roeltgen.de\\\/en\\\/product\\\/mobile-inkjet-printer-jetstamp-990\\\/\",\"url\":\"https:\\\/\\\/www.roeltgen.de\\\/en\\\/product\\\/mobile-inkjet-printer-jetstamp-990\\\/\",\"name\":\"R\u00f6ltgen GmbH & Co. KG \u2013 Spezialist f\u00fcr Kennzeichnungswerkzeuge und Kennzeichnungsmaschinen.\",\"isPartOf\":{\"@id\":\"https:\\\/\\\/www.roeltgen.de\\\/#website\"},\"primaryImageOfPage\":{\"@id\":\"https:\\\/\\\/www.roeltgen.de\\\/en\\\/product\\\/mobile-inkjet-printer-jetstamp-990\\\/#primaryimage\"},\"image\":{\"@id\":\"https:\\\/\\\/www.roeltgen.de\\\/en\\\/product\\\/mobile-inkjet-printer-jetstamp-990\\\/#primaryimage\"},\"thumbnailUrl\":\"https:\\\/\\\/www.roeltgen.de\\\/wp-content\\\/uploads\\\/2023\\\/09\\\/jetStamp990300dpijetStamp990-scaled.jpg\",\"datePublished\":\"2023-09-28T08:48:24+00:00\",\"dateModified\":\"2025-12-15T17:28:03+00:00\",\"description\":\"The entry-level model of mobile inkjet printers can print text, dates and serial numbers on straight or curved surfaces.\",\"breadcrumb\":{\"@id\":\"https:\\\/\\\/www.roeltgen.de\\\/en\\\/product\\\/mobile-inkjet-printer-jetstamp-990\\\/#breadcrumb\"},\"inLanguage\":\"en-US\",\"potentialAction\":[{\"@type\":\"ReadAction\",\"target\":[\"https:\\\/\\\/www.roeltgen.de\\\/en\\\/product\\\/mobile-inkjet-printer-jetstamp-990\\\/\"]}]},{\"@type\":\"ImageObject\",\"inLanguage\":\"en-US\",\"@id\":\"https:\\\/\\\/www.roeltgen.de\\\/en\\\/product\\\/mobile-inkjet-printer-jetstamp-990\\\/#primaryimage\",\"url\":\"https:\\\/\\\/www.roeltgen.de\\\/wp-content\\\/uploads\\\/2023\\\/09\\\/jetStamp990300dpijetStamp990-scaled.jpg\",\"contentUrl\":\"https:\\\/\\\/www.roeltgen.de\\\/wp-content\\\/uploads\\\/2023\\\/09\\\/jetStamp990300dpijetStamp990-scaled.jpg\",\"width\":2560,\"height\":1706,\"caption\":\"Mobiler Ink Jet Drucker\"},{\"@type\":\"BreadcrumbList\",\"@id\":\"https:\\\/\\\/www.roeltgen.de\\\/en\\\/product\\\/mobile-inkjet-printer-jetstamp-990\\\/#breadcrumb\",\"itemListElement\":[{\"@type\":\"ListItem\",\"position\":1,\"name\":\"Home\",\"item\":\"https:\\\/\\\/www.roeltgen.de\\\/en\\\/\"},{\"@type\":\"ListItem\",\"position\":2,\"name\":\"Products\",\"item\":\"https:\\\/\\\/www.roeltgen.de\\\/en\\\/products-for-industrial-marking\\\/\"},{\"@type\":\"ListItem\",\"position\":3,\"name\":\"Mobile inkjet printer jetStamp 990\"}]},{\"@type\":\"WebSite\",\"@id\":\"https:\\\/\\\/www.roeltgen.de\\\/#website\",\"url\":\"https:\\\/\\\/www.roeltgen.de\\\/\",\"name\":\"R\u00f6ltgen GmbH & Co. KG \u2013 Ihr Experte f\u00fcr Kennzeichnungswerkzeuge und -maschinen.\",\"description\":\"R\u00f6ltgen \u2013 Qualit\u00e4t, die pr\u00e4gt!\",\"publisher\":{\"@id\":\"https:\\\/\\\/www.roeltgen.de\\\/#organization\"},\"alternateName\":\"R\u00f6ltgen GmbH & Co. KG\",\"potentialAction\":[{\"@type\":\"SearchAction\",\"target\":{\"@type\":\"EntryPoint\",\"urlTemplate\":\"https:\\\/\\\/www.roeltgen.de\\\/?s={search_term_string}\"},\"query-input\":{\"@type\":\"PropertyValueSpecification\",\"valueRequired\":true,\"valueName\":\"search_term_string\"}}],\"inLanguage\":\"en-US\"},{\"@type\":\"Organization\",\"@id\":\"https:\\\/\\\/www.roeltgen.de\\\/#organization\",\"name\":\"R\u00d6LTGEN GmbH & Co. KG\",\"alternateName\":\"R\u00f6ltgen Marking-System\",\"url\":\"https:\\\/\\\/www.roeltgen.de\\\/\",\"logo\":{\"@type\":\"ImageObject\",\"inLanguage\":\"en-US\",\"@id\":\"https:\\\/\\\/www.roeltgen.de\\\/#\\\/schema\\\/logo\\\/image\\\/\",\"url\":\"https:\\\/\\\/www.roeltgen.de\\\/wp-content\\\/uploads\\\/2026\\\/01\\\/Roeltgen-Kurzzeichen.jpg\",\"contentUrl\":\"https:\\\/\\\/www.roeltgen.de\\\/wp-content\\\/uploads\\\/2026\\\/01\\\/Roeltgen-Kurzzeichen.jpg\",\"width\":241,\"height\":180,\"caption\":\"R\u00d6LTGEN GmbH & Co. KG\"},\"image\":{\"@id\":\"https:\\\/\\\/www.roeltgen.de\\\/#\\\/schema\\\/logo\\\/image\\\/\"},\"sameAs\":[\"https:\\\/\\\/www.facebook.com\\\/Roeltgen\\\/\"],\"description\":\"Die R\u00f6ltgen GmbH & Co. KG ist ein erfahrener Hersteller und Spezialist f\u00fcr Kennzeichnungswerkzeuge und Kennzeichnungsmaschinen. Das Unternehmen entwickelt und fertigt pr\u00e4zise, langlebige L\u00f6sungen f\u00fcr die industrielle Kennzeichnung unterschiedlichster Materialien. Mit hoher Fertigungstiefe, technischem Know-how und praxisnaher Beratung steht R\u00f6ltgen f\u00fcr Qualit\u00e4t, Zuverl\u00e4ssigkeit und ma\u00dfgeschneiderte Kennzeichnungsl\u00f6sungen. Die Produkte kommen branchen\u00fcbergreifend in Industrie, Handwerk und Fertigung zum Einsatz und erf\u00fcllen h\u00f6chste Anforderungen an Pr\u00e4zision und Best\u00e4ndigkeit.\",\"email\":\"info@roeltgen.de\",\"telephone\":\"+49-(0)212-3399-0\",\"legalName\":\"R\u00f6ltgen GmbH und Co. KG\",\"foundingDate\":\"1941-04-01\",\"vatID\":\"DE120961312\",\"taxID\":\"128\\\/5915\\\/4235\",\"duns\":\"317021913\",\"numberOfEmployees\":{\"@type\":\"QuantitativeValue\",\"minValue\":\"11\",\"maxValue\":\"50\"}}]}<\/script>\n<meta property=\"product:price:currency\" content=\"GBP\" \/>\n<meta property=\"og:availability\" content=\"instock\" \/>\n<meta property=\"product:availability\" content=\"instock\" \/>\n<meta property=\"product:retailer_item_id\" content=\"jetStamp 990\" \/>\n<meta property=\"product:condition\" content=\"new\" \/>\n<!-- \/ Yoast SEO Premium plugin. -->","yoast_head_json":{"title":"R\u00f6ltgen GmbH & Co. KG \u2013 Spezialist f\u00fcr Kennzeichnungswerkzeuge und Kennzeichnungsmaschinen.","description":"The entry-level model of mobile inkjet printers can print text, dates and serial numbers on straight or curved surfaces.","robots":{"index":"index","follow":"follow","max-snippet":"max-snippet:-1","max-image-preview":"max-image-preview:large","max-video-preview":"max-video-preview:-1"},"canonical":"https:\/\/www.roeltgen.de\/en\/product\/mobile-inkjet-printer-jetstamp-990\/","og_locale":"en_US","og_type":"article","og_title":"R\u00f6ltgen GmbH & Co. KG \u2013 Spezialist f\u00fcr Kennzeichnungswerkzeuge und Kennzeichnungsmaschinen.","og_description":"Hochwertige Kennzeichnungswerkzeuge und leistungsstarke Kennzeichnungsmaschinen \u2013 daf\u00fcr steht die R\u00f6ltgen GmbH & Co. KG.","og_url":"https:\/\/www.roeltgen.de\/en\/product\/mobile-inkjet-printer-jetstamp-990\/","og_site_name":"R\u00d6LTGEN MARKING SYSTEMS","article_publisher":"https:\/\/www.facebook.com\/Roeltgen\/","article_modified_time":"2025-12-15T17:28:03+00:00","og_image":[{"width":2560,"height":1706,"url":"https:\/\/www.roeltgen.de\/wp-content\/uploads\/2023\/09\/jetStamp990300dpijetStamp990-scaled.jpg","type":"image\/jpeg"}],"twitter_card":"summary_large_image","twitter_misc":{"Price":"","Availability":"In stock"},"schema":{"@context":"https:\/\/schema.org","@graph":[{"@type":"WebPage","@id":"https:\/\/www.roeltgen.de\/en\/product\/mobile-inkjet-printer-jetstamp-990\/","url":"https:\/\/www.roeltgen.de\/en\/product\/mobile-inkjet-printer-jetstamp-990\/","name":"R\u00f6ltgen GmbH & Co. KG \u2013 Spezialist f\u00fcr Kennzeichnungswerkzeuge und Kennzeichnungsmaschinen.","isPartOf":{"@id":"https:\/\/www.roeltgen.de\/#website"},"primaryImageOfPage":{"@id":"https:\/\/www.roeltgen.de\/en\/product\/mobile-inkjet-printer-jetstamp-990\/#primaryimage"},"image":{"@id":"https:\/\/www.roeltgen.de\/en\/product\/mobile-inkjet-printer-jetstamp-990\/#primaryimage"},"thumbnailUrl":"https:\/\/www.roeltgen.de\/wp-content\/uploads\/2023\/09\/jetStamp990300dpijetStamp990-scaled.jpg","datePublished":"2023-09-28T08:48:24+00:00","dateModified":"2025-12-15T17:28:03+00:00","description":"The entry-level model of mobile inkjet printers can print text, dates and serial numbers on straight or curved surfaces.","breadcrumb":{"@id":"https:\/\/www.roeltgen.de\/en\/product\/mobile-inkjet-printer-jetstamp-990\/#breadcrumb"},"inLanguage":"en-US","potentialAction":[{"@type":"ReadAction","target":["https:\/\/www.roeltgen.de\/en\/product\/mobile-inkjet-printer-jetstamp-990\/"]}]},{"@type":"ImageObject","inLanguage":"en-US","@id":"https:\/\/www.roeltgen.de\/en\/product\/mobile-inkjet-printer-jetstamp-990\/#primaryimage","url":"https:\/\/www.roeltgen.de\/wp-content\/uploads\/2023\/09\/jetStamp990300dpijetStamp990-scaled.jpg","contentUrl":"https:\/\/www.roeltgen.de\/wp-content\/uploads\/2023\/09\/jetStamp990300dpijetStamp990-scaled.jpg","width":2560,"height":1706,"caption":"Mobiler Ink Jet Drucker"},{"@type":"BreadcrumbList","@id":"https:\/\/www.roeltgen.de\/en\/product\/mobile-inkjet-printer-jetstamp-990\/#breadcrumb","itemListElement":[{"@type":"ListItem","position":1,"name":"Home","item":"https:\/\/www.roeltgen.de\/en\/"},{"@type":"ListItem","position":2,"name":"Products","item":"https:\/\/www.roeltgen.de\/en\/products-for-industrial-marking\/"},{"@type":"ListItem","position":3,"name":"Mobile inkjet printer jetStamp 990"}]},{"@type":"WebSite","@id":"https:\/\/www.roeltgen.de\/#website","url":"https:\/\/www.roeltgen.de\/","name":"R\u00f6ltgen GmbH & Co. KG \u2013 Ihr Experte f\u00fcr Kennzeichnungswerkzeuge und -maschinen.","description":"R\u00f6ltgen \u2013 Qualit\u00e4t, die pr\u00e4gt!","publisher":{"@id":"https:\/\/www.roeltgen.de\/#organization"},"alternateName":"R\u00f6ltgen GmbH & Co. KG","potentialAction":[{"@type":"SearchAction","target":{"@type":"EntryPoint","urlTemplate":"https:\/\/www.roeltgen.de\/?s={search_term_string}"},"query-input":{"@type":"PropertyValueSpecification","valueRequired":true,"valueName":"search_term_string"}}],"inLanguage":"en-US"},{"@type":"Organization","@id":"https:\/\/www.roeltgen.de\/#organization","name":"R\u00d6LTGEN GmbH & Co. KG","alternateName":"R\u00f6ltgen Marking-System","url":"https:\/\/www.roeltgen.de\/","logo":{"@type":"ImageObject","inLanguage":"en-US","@id":"https:\/\/www.roeltgen.de\/#\/schema\/logo\/image\/","url":"https:\/\/www.roeltgen.de\/wp-content\/uploads\/2026\/01\/Roeltgen-Kurzzeichen.jpg","contentUrl":"https:\/\/www.roeltgen.de\/wp-content\/uploads\/2026\/01\/Roeltgen-Kurzzeichen.jpg","width":241,"height":180,"caption":"R\u00d6LTGEN GmbH & Co. KG"},"image":{"@id":"https:\/\/www.roeltgen.de\/#\/schema\/logo\/image\/"},"sameAs":["https:\/\/www.facebook.com\/Roeltgen\/"],"description":"Die R\u00f6ltgen GmbH & Co. KG ist ein erfahrener Hersteller und Spezialist f\u00fcr Kennzeichnungswerkzeuge und Kennzeichnungsmaschinen. Das Unternehmen entwickelt und fertigt pr\u00e4zise, langlebige L\u00f6sungen f\u00fcr die industrielle Kennzeichnung unterschiedlichster Materialien. Mit hoher Fertigungstiefe, technischem Know-how und praxisnaher Beratung steht R\u00f6ltgen f\u00fcr Qualit\u00e4t, Zuverl\u00e4ssigkeit und ma\u00dfgeschneiderte Kennzeichnungsl\u00f6sungen. Die Produkte kommen branchen\u00fcbergreifend in Industrie, Handwerk und Fertigung zum Einsatz und erf\u00fcllen h\u00f6chste Anforderungen an Pr\u00e4zision und Best\u00e4ndigkeit.","email":"info@roeltgen.de","telephone":"+49-(0)212-3399-0","legalName":"R\u00f6ltgen GmbH und Co. KG","foundingDate":"1941-04-01","vatID":"DE120961312","taxID":"128\/5915\/4235","duns":"317021913","numberOfEmployees":{"@type":"QuantitativeValue","minValue":"11","maxValue":"50"}}]},"product_price_currency":"GBP","og_availability":"instock","product_availability":"instock","product_retailer_item_id":"jetStamp 990","product_condition":"new"},"_links":{"self":[{"href":"https:\/\/www.roeltgen.de\/en\/wp-json\/wp\/v2\/product\/104511","targetHints":{"allow":["GET"]}}],"collection":[{"href":"https:\/\/www.roeltgen.de\/en\/wp-json\/wp\/v2\/product"}],"about":[{"href":"https:\/\/www.roeltgen.de\/en\/wp-json\/wp\/v2\/types\/product"}],"wp:featuredmedia":[{"embeddable":true,"href":"https:\/\/www.roeltgen.de\/en\/wp-json\/wp\/v2\/media\/104519"}],"wp:attachment":[{"href":"https:\/\/www.roeltgen.de\/en\/wp-json\/wp\/v2\/media?parent=104511"}],"wp:term":[{"taxonomy":"product_brand","embeddable":true,"href":"https:\/\/www.roeltgen.de\/en\/wp-json\/wp\/v2\/product_brand?post=104511"},{"taxonomy":"product_cat","embeddable":true,"href":"https:\/\/www.roeltgen.de\/en\/wp-json\/wp\/v2\/product_cat?post=104511"},{"taxonomy":"product_tag","embeddable":true,"href":"https:\/\/www.roeltgen.de\/en\/wp-json\/wp\/v2\/product_tag?post=104511"}],"curies":[{"name":"wp","href":"https:\/\/api.w.org\/{rel}","templated":true}]}}