{"id":104485,"date":"2023-09-28T10:32:51","date_gmt":"2023-09-28T08:32:51","guid":{"rendered":"https:\/\/relaunch.roeltgen.de\/?post_type=product&#038;p=104485"},"modified":"2025-12-15T18:34:49","modified_gmt":"2025-12-15T17:34:49","slug":"mobile-inkjet-printer-jetstamp-1025","status":"publish","type":"product","link":"https:\/\/www.roeltgen.de\/en\/product\/mobile-inkjet-printer-jetstamp-1025\/","title":{"rendered":"Mobile inkjet printer jetStamp 1025"},"content":{"rendered":"<p>The <strong>mobile inkjet printer jetStamp Graphic 970<\/strong> is a versatile, mobile inkjet printer that enables simple, fast and precise marking of documents and products. Whether numbering, date, time, text, barcodes or even individual graphics and logos \u2013 the jetStamp graphic 970 offers maximum flexibility in a handy, portable device. This makes it ideal for companies that need <b>flexible marking solutions<\/b> without having to rely on stationary systems.<\/p>\n<p>Thanks to the specially developed <b>MP ink<\/b>, both <b>absorbent and non-absorbent surfaces<\/b> can be printed on reliably. These include materials such as <b>metal, plastic, painted surfaces, paper or labels<\/b>. The ink dries particularly quickly, is smudge-proof and guarantees permanently legible results \u2013 ideal for production-related applications, quality control, shipping processes, file labelling or logo printing in corporate design.<\/p>\n<p>The jetStamp Graphic 970 mobile inkjet printer also impresses with its <b>convenient programmability<\/b>. Print images can be easily created on a PC and then transferred directly to the device via USB \u2013 or optionally via Bluetooth. Battery operation allows the printer to be easily moved to the object to be marked, enabling maximum mobility in everyday work.<\/p>\n<h2><strong>Performance features of the jetStamp graphic 970<\/strong><\/h2>\n<ul>\n<li><b>Versatile printing options:<\/b> numbers, date, time, text, graphics, barcodes and logo printing<\/li>\n<li><b>Memory for up to 4 print images<\/b> directly in the device<\/li>\n<li><b>Easy design on a PC:<\/b> quickly create print images and transfer them via USB or optionally Bluetooth<\/li>\n<li><b>Portable and flexible:<\/b> Battery operation makes it ideal for mobile use in the office, production and logistics<\/li>\n<li><b>Fast, customised labelling<\/b> for documents, products or packaging<\/li>\n<li><b>MP ink for demanding surfaces:<\/b> Reliably prints on metal, plastic and other smooth materials; dries quickly and is smudge-proof<\/li>\n<li><b>Suitable for absorbent and non-absorbent surfaces<\/b> \u2013 maximum versatility<\/li>\n<\/ul>\n<h2><b>Technical data<\/b><\/h2>\n<ul>\n<li><b>Dimensions:<\/b> 140 \u00d7 160 \u00d7 85 mm (W \u00d7 H \u00d7 D)<\/li>\n<li><b>Base station:<\/b> 155 \u00d7 140 \u00d7 30 mm (W \u00d7 H \u00d7 D)<\/li>\n<li><b>Weight:<\/b> approx. 520 g<\/li>\n<li><b>Printing area:<\/b> 65 \u00d7 12.7 mm (W \u00d7 H)<\/li>\n<li><b>Max. printing speed:<\/b> &lt; 1 second per print<\/li>\n<li><b>Print resolution:<\/b> 300 dpi for clear, professional markings<\/li>\n<li><b>Battery capacity:<\/b> Up to 1,000 prints per charge<\/li>\n<li><b>Printing technology:<\/b> Modern inkjet technology<\/li>\n<\/ul>\n<a href='\/wp-content\/uploads\/_fb\/pharma_and_packaging\/18\/index.html' class='small-button smallblue' target=\"_blank\">View in catalog<\/a>\n","protected":false},"excerpt":{"rendered":"<h2>The largest portable inkjet printer offers a particularly large marking area.<\/h2>\n","protected":false},"featured_media":104487,"template":"","meta":{"_et_pb_use_builder":"","_et_pb_old_content":"","_et_gb_content_width":""},"product_brand":[],"product_cat":[114,101],"product_tag":[],"class_list":{"0":"post-104485","1":"product","2":"type-product","3":"status-publish","4":"has-post-thumbnail","6":"product_cat-inkjet-printers-mobile","7":"product_cat-mobile-inkjet-printer","9":"first","10":"instock","11":"shipping-taxable","12":"product-type-simple"},"yoast_head":"<!-- This site is optimized with the Yoast SEO Premium plugin v27.4 (Yoast SEO v27.4) - https:\/\/yoast.com\/product\/yoast-seo-premium-wordpress\/ -->\n<title>R\u00f6ltgen GmbH &amp; Co. KG \u2013 Spezialist f\u00fcr Kennzeichnungswerkzeuge und Kennzeichnungsmaschinen.<\/title>\n<meta name=\"description\" content=\"The largest portable inkjet printer offers a particularly large marking area.\" \/>\n<meta name=\"robots\" content=\"index, follow, max-snippet:-1, max-image-preview:large, max-video-preview:-1\" \/>\n<link rel=\"canonical\" href=\"https:\/\/www.roeltgen.de\/en\/product\/mobile-inkjet-printer-jetstamp-1025\/\" \/>\n<meta property=\"og:locale\" content=\"en_US\" \/>\n<meta property=\"og:type\" content=\"article\" \/>\n<meta property=\"og:title\" content=\"R\u00f6ltgen GmbH &amp; Co. KG \u2013 Spezialist f\u00fcr Kennzeichnungswerkzeuge und Kennzeichnungsmaschinen.\" \/>\n<meta property=\"og:description\" content=\"Hochwertige Kennzeichnungswerkzeuge und leistungsstarke Kennzeichnungsmaschinen \u2013 daf\u00fcr steht die R\u00f6ltgen GmbH &amp; Co. KG.\" \/>\n<meta property=\"og:url\" content=\"https:\/\/www.roeltgen.de\/en\/product\/mobile-inkjet-printer-jetstamp-1025\/\" \/>\n<meta property=\"og:site_name\" content=\"R\u00d6LTGEN MARKING SYSTEMS\" \/>\n<meta property=\"article:publisher\" content=\"https:\/\/www.facebook.com\/Roeltgen\/\" \/>\n<meta property=\"article:modified_time\" content=\"2025-12-15T17:34:49+00:00\" \/>\n<meta property=\"og:image\" content=\"https:\/\/www.roeltgen.de\/wp-content\/uploads\/2023\/09\/jetStamp1025300dpijetStamp1025-Seitenansichtschraegrechts-scaled.jpg\" \/>\n\t<meta property=\"og:image:width\" content=\"2560\" \/>\n\t<meta property=\"og:image:height\" content=\"1707\" \/>\n\t<meta property=\"og:image:type\" content=\"image\/jpeg\" \/>\n<meta name=\"twitter:card\" content=\"summary_large_image\" \/>\n<meta name=\"twitter:label1\" content=\"Price\" \/>\n\t<meta name=\"twitter:data1\" content=\"\" \/>\n\t<meta name=\"twitter:label2\" content=\"Availability\" \/>\n\t<meta name=\"twitter:data2\" content=\"In stock\" \/>\n<script type=\"application\/ld+json\" class=\"yoast-schema-graph\">{\"@context\":\"https:\\\/\\\/schema.org\",\"@graph\":[{\"@type\":\"WebPage\",\"@id\":\"https:\\\/\\\/www.roeltgen.de\\\/en\\\/product\\\/mobile-inkjet-printer-jetstamp-1025\\\/\",\"url\":\"https:\\\/\\\/www.roeltgen.de\\\/en\\\/product\\\/mobile-inkjet-printer-jetstamp-1025\\\/\",\"name\":\"R\u00f6ltgen GmbH & Co. KG \u2013 Spezialist f\u00fcr Kennzeichnungswerkzeuge und Kennzeichnungsmaschinen.\",\"isPartOf\":{\"@id\":\"https:\\\/\\\/www.roeltgen.de\\\/#website\"},\"primaryImageOfPage\":{\"@id\":\"https:\\\/\\\/www.roeltgen.de\\\/en\\\/product\\\/mobile-inkjet-printer-jetstamp-1025\\\/#primaryimage\"},\"image\":{\"@id\":\"https:\\\/\\\/www.roeltgen.de\\\/en\\\/product\\\/mobile-inkjet-printer-jetstamp-1025\\\/#primaryimage\"},\"thumbnailUrl\":\"https:\\\/\\\/www.roeltgen.de\\\/wp-content\\\/uploads\\\/2023\\\/09\\\/jetStamp1025300dpijetStamp1025-Seitenansichtschraegrechts-scaled.jpg\",\"datePublished\":\"2023-09-28T08:32:51+00:00\",\"dateModified\":\"2025-12-15T17:34:49+00:00\",\"description\":\"The largest portable inkjet printer offers a particularly large marking area.\",\"breadcrumb\":{\"@id\":\"https:\\\/\\\/www.roeltgen.de\\\/en\\\/product\\\/mobile-inkjet-printer-jetstamp-1025\\\/#breadcrumb\"},\"inLanguage\":\"en-US\",\"potentialAction\":[{\"@type\":\"ReadAction\",\"target\":[\"https:\\\/\\\/www.roeltgen.de\\\/en\\\/product\\\/mobile-inkjet-printer-jetstamp-1025\\\/\"]}]},{\"@type\":\"ImageObject\",\"inLanguage\":\"en-US\",\"@id\":\"https:\\\/\\\/www.roeltgen.de\\\/en\\\/product\\\/mobile-inkjet-printer-jetstamp-1025\\\/#primaryimage\",\"url\":\"https:\\\/\\\/www.roeltgen.de\\\/wp-content\\\/uploads\\\/2023\\\/09\\\/jetStamp1025300dpijetStamp1025-Seitenansichtschraegrechts-scaled.jpg\",\"contentUrl\":\"https:\\\/\\\/www.roeltgen.de\\\/wp-content\\\/uploads\\\/2023\\\/09\\\/jetStamp1025300dpijetStamp1025-Seitenansichtschraegrechts-scaled.jpg\",\"width\":2560,\"height\":1707,\"caption\":\"Mobiler Ink Jet Drucker\"},{\"@type\":\"BreadcrumbList\",\"@id\":\"https:\\\/\\\/www.roeltgen.de\\\/en\\\/product\\\/mobile-inkjet-printer-jetstamp-1025\\\/#breadcrumb\",\"itemListElement\":[{\"@type\":\"ListItem\",\"position\":1,\"name\":\"Home\",\"item\":\"https:\\\/\\\/www.roeltgen.de\\\/en\\\/home\\\/\"},{\"@type\":\"ListItem\",\"position\":2,\"name\":\"Products\",\"item\":\"https:\\\/\\\/www.roeltgen.de\\\/en\\\/products-for-industrial-marking\\\/\"},{\"@type\":\"ListItem\",\"position\":3,\"name\":\"Mobile inkjet printer jetStamp 1025\"}]},{\"@type\":\"WebSite\",\"@id\":\"https:\\\/\\\/www.roeltgen.de\\\/#website\",\"url\":\"https:\\\/\\\/www.roeltgen.de\\\/\",\"name\":\"R\u00f6ltgen GmbH & Co. KG \u2013 Ihr Experte f\u00fcr Kennzeichnungswerkzeuge und -maschinen.\",\"description\":\"R\u00f6ltgen \u2013 Qualit\u00e4t, die pr\u00e4gt!\",\"publisher\":{\"@id\":\"https:\\\/\\\/www.roeltgen.de\\\/#organization\"},\"alternateName\":\"R\u00f6ltgen GmbH & Co. KG\",\"potentialAction\":[{\"@type\":\"SearchAction\",\"target\":{\"@type\":\"EntryPoint\",\"urlTemplate\":\"https:\\\/\\\/www.roeltgen.de\\\/?s={search_term_string}\"},\"query-input\":{\"@type\":\"PropertyValueSpecification\",\"valueRequired\":true,\"valueName\":\"search_term_string\"}}],\"inLanguage\":\"en-US\"},{\"@type\":\"Organization\",\"@id\":\"https:\\\/\\\/www.roeltgen.de\\\/#organization\",\"name\":\"R\u00d6LTGEN GmbH & Co. KG\",\"alternateName\":\"R\u00f6ltgen Marking-System\",\"url\":\"https:\\\/\\\/www.roeltgen.de\\\/\",\"logo\":{\"@type\":\"ImageObject\",\"inLanguage\":\"en-US\",\"@id\":\"https:\\\/\\\/www.roeltgen.de\\\/#\\\/schema\\\/logo\\\/image\\\/\",\"url\":\"https:\\\/\\\/www.roeltgen.de\\\/wp-content\\\/uploads\\\/2026\\\/01\\\/Roeltgen-Kurzzeichen.jpg\",\"contentUrl\":\"https:\\\/\\\/www.roeltgen.de\\\/wp-content\\\/uploads\\\/2026\\\/01\\\/Roeltgen-Kurzzeichen.jpg\",\"width\":241,\"height\":180,\"caption\":\"R\u00d6LTGEN GmbH & Co. KG\"},\"image\":{\"@id\":\"https:\\\/\\\/www.roeltgen.de\\\/#\\\/schema\\\/logo\\\/image\\\/\"},\"sameAs\":[\"https:\\\/\\\/www.facebook.com\\\/Roeltgen\\\/\"],\"description\":\"Die R\u00f6ltgen GmbH & Co. KG ist ein erfahrener Hersteller und Spezialist f\u00fcr Kennzeichnungswerkzeuge und Kennzeichnungsmaschinen. Das Unternehmen entwickelt und fertigt pr\u00e4zise, langlebige L\u00f6sungen f\u00fcr die industrielle Kennzeichnung unterschiedlichster Materialien. Mit hoher Fertigungstiefe, technischem Know-how und praxisnaher Beratung steht R\u00f6ltgen f\u00fcr Qualit\u00e4t, Zuverl\u00e4ssigkeit und ma\u00dfgeschneiderte Kennzeichnungsl\u00f6sungen. Die Produkte kommen branchen\u00fcbergreifend in Industrie, Handwerk und Fertigung zum Einsatz und erf\u00fcllen h\u00f6chste Anforderungen an Pr\u00e4zision und Best\u00e4ndigkeit.\",\"email\":\"info@roeltgen.de\",\"telephone\":\"+49-(0)212-3399-0\",\"legalName\":\"R\u00f6ltgen GmbH und Co. KG\",\"foundingDate\":\"1941-04-01\",\"vatID\":\"DE120961312\",\"taxID\":\"128\\\/5915\\\/4235\",\"duns\":\"317021913\",\"numberOfEmployees\":{\"@type\":\"QuantitativeValue\",\"minValue\":\"11\",\"maxValue\":\"50\"}}]}<\/script>\n<meta property=\"product:price:currency\" content=\"GBP\" \/>\n<meta property=\"og:availability\" content=\"instock\" \/>\n<meta property=\"product:availability\" content=\"instock\" \/>\n<meta property=\"product:retailer_item_id\" content=\"JS-1025\" \/>\n<meta property=\"product:condition\" content=\"new\" \/>\n<!-- \/ Yoast SEO Premium plugin. -->","yoast_head_json":{"title":"R\u00f6ltgen GmbH & Co. KG \u2013 Spezialist f\u00fcr Kennzeichnungswerkzeuge und Kennzeichnungsmaschinen.","description":"The largest portable inkjet printer offers a particularly large marking area.","robots":{"index":"index","follow":"follow","max-snippet":"max-snippet:-1","max-image-preview":"max-image-preview:large","max-video-preview":"max-video-preview:-1"},"canonical":"https:\/\/www.roeltgen.de\/en\/product\/mobile-inkjet-printer-jetstamp-1025\/","og_locale":"en_US","og_type":"article","og_title":"R\u00f6ltgen GmbH & Co. KG \u2013 Spezialist f\u00fcr Kennzeichnungswerkzeuge und Kennzeichnungsmaschinen.","og_description":"Hochwertige Kennzeichnungswerkzeuge und leistungsstarke Kennzeichnungsmaschinen \u2013 daf\u00fcr steht die R\u00f6ltgen GmbH & Co. KG.","og_url":"https:\/\/www.roeltgen.de\/en\/product\/mobile-inkjet-printer-jetstamp-1025\/","og_site_name":"R\u00d6LTGEN MARKING SYSTEMS","article_publisher":"https:\/\/www.facebook.com\/Roeltgen\/","article_modified_time":"2025-12-15T17:34:49+00:00","og_image":[{"width":2560,"height":1707,"url":"https:\/\/www.roeltgen.de\/wp-content\/uploads\/2023\/09\/jetStamp1025300dpijetStamp1025-Seitenansichtschraegrechts-scaled.jpg","type":"image\/jpeg"}],"twitter_card":"summary_large_image","twitter_misc":{"Price":"","Availability":"In stock"},"schema":{"@context":"https:\/\/schema.org","@graph":[{"@type":"WebPage","@id":"https:\/\/www.roeltgen.de\/en\/product\/mobile-inkjet-printer-jetstamp-1025\/","url":"https:\/\/www.roeltgen.de\/en\/product\/mobile-inkjet-printer-jetstamp-1025\/","name":"R\u00f6ltgen GmbH & Co. KG \u2013 Spezialist f\u00fcr Kennzeichnungswerkzeuge und Kennzeichnungsmaschinen.","isPartOf":{"@id":"https:\/\/www.roeltgen.de\/#website"},"primaryImageOfPage":{"@id":"https:\/\/www.roeltgen.de\/en\/product\/mobile-inkjet-printer-jetstamp-1025\/#primaryimage"},"image":{"@id":"https:\/\/www.roeltgen.de\/en\/product\/mobile-inkjet-printer-jetstamp-1025\/#primaryimage"},"thumbnailUrl":"https:\/\/www.roeltgen.de\/wp-content\/uploads\/2023\/09\/jetStamp1025300dpijetStamp1025-Seitenansichtschraegrechts-scaled.jpg","datePublished":"2023-09-28T08:32:51+00:00","dateModified":"2025-12-15T17:34:49+00:00","description":"The largest portable inkjet printer offers a particularly large marking area.","breadcrumb":{"@id":"https:\/\/www.roeltgen.de\/en\/product\/mobile-inkjet-printer-jetstamp-1025\/#breadcrumb"},"inLanguage":"en-US","potentialAction":[{"@type":"ReadAction","target":["https:\/\/www.roeltgen.de\/en\/product\/mobile-inkjet-printer-jetstamp-1025\/"]}]},{"@type":"ImageObject","inLanguage":"en-US","@id":"https:\/\/www.roeltgen.de\/en\/product\/mobile-inkjet-printer-jetstamp-1025\/#primaryimage","url":"https:\/\/www.roeltgen.de\/wp-content\/uploads\/2023\/09\/jetStamp1025300dpijetStamp1025-Seitenansichtschraegrechts-scaled.jpg","contentUrl":"https:\/\/www.roeltgen.de\/wp-content\/uploads\/2023\/09\/jetStamp1025300dpijetStamp1025-Seitenansichtschraegrechts-scaled.jpg","width":2560,"height":1707,"caption":"Mobiler Ink Jet Drucker"},{"@type":"BreadcrumbList","@id":"https:\/\/www.roeltgen.de\/en\/product\/mobile-inkjet-printer-jetstamp-1025\/#breadcrumb","itemListElement":[{"@type":"ListItem","position":1,"name":"Home","item":"https:\/\/www.roeltgen.de\/en\/home\/"},{"@type":"ListItem","position":2,"name":"Products","item":"https:\/\/www.roeltgen.de\/en\/products-for-industrial-marking\/"},{"@type":"ListItem","position":3,"name":"Mobile inkjet printer jetStamp 1025"}]},{"@type":"WebSite","@id":"https:\/\/www.roeltgen.de\/#website","url":"https:\/\/www.roeltgen.de\/","name":"R\u00f6ltgen GmbH & Co. KG \u2013 Ihr Experte f\u00fcr Kennzeichnungswerkzeuge und -maschinen.","description":"R\u00f6ltgen \u2013 Qualit\u00e4t, die pr\u00e4gt!","publisher":{"@id":"https:\/\/www.roeltgen.de\/#organization"},"alternateName":"R\u00f6ltgen GmbH & Co. KG","potentialAction":[{"@type":"SearchAction","target":{"@type":"EntryPoint","urlTemplate":"https:\/\/www.roeltgen.de\/?s={search_term_string}"},"query-input":{"@type":"PropertyValueSpecification","valueRequired":true,"valueName":"search_term_string"}}],"inLanguage":"en-US"},{"@type":"Organization","@id":"https:\/\/www.roeltgen.de\/#organization","name":"R\u00d6LTGEN GmbH & Co. KG","alternateName":"R\u00f6ltgen Marking-System","url":"https:\/\/www.roeltgen.de\/","logo":{"@type":"ImageObject","inLanguage":"en-US","@id":"https:\/\/www.roeltgen.de\/#\/schema\/logo\/image\/","url":"https:\/\/www.roeltgen.de\/wp-content\/uploads\/2026\/01\/Roeltgen-Kurzzeichen.jpg","contentUrl":"https:\/\/www.roeltgen.de\/wp-content\/uploads\/2026\/01\/Roeltgen-Kurzzeichen.jpg","width":241,"height":180,"caption":"R\u00d6LTGEN GmbH & Co. KG"},"image":{"@id":"https:\/\/www.roeltgen.de\/#\/schema\/logo\/image\/"},"sameAs":["https:\/\/www.facebook.com\/Roeltgen\/"],"description":"Die R\u00f6ltgen GmbH & Co. KG ist ein erfahrener Hersteller und Spezialist f\u00fcr Kennzeichnungswerkzeuge und Kennzeichnungsmaschinen. Das Unternehmen entwickelt und fertigt pr\u00e4zise, langlebige L\u00f6sungen f\u00fcr die industrielle Kennzeichnung unterschiedlichster Materialien. Mit hoher Fertigungstiefe, technischem Know-how und praxisnaher Beratung steht R\u00f6ltgen f\u00fcr Qualit\u00e4t, Zuverl\u00e4ssigkeit und ma\u00dfgeschneiderte Kennzeichnungsl\u00f6sungen. Die Produkte kommen branchen\u00fcbergreifend in Industrie, Handwerk und Fertigung zum Einsatz und erf\u00fcllen h\u00f6chste Anforderungen an Pr\u00e4zision und Best\u00e4ndigkeit.","email":"info@roeltgen.de","telephone":"+49-(0)212-3399-0","legalName":"R\u00f6ltgen GmbH und Co. KG","foundingDate":"1941-04-01","vatID":"DE120961312","taxID":"128\/5915\/4235","duns":"317021913","numberOfEmployees":{"@type":"QuantitativeValue","minValue":"11","maxValue":"50"}}]},"product_price_currency":"GBP","og_availability":"instock","product_availability":"instock","product_retailer_item_id":"JS-1025","product_condition":"new"},"_links":{"self":[{"href":"https:\/\/www.roeltgen.de\/en\/wp-json\/wp\/v2\/product\/104485","targetHints":{"allow":["GET"]}}],"collection":[{"href":"https:\/\/www.roeltgen.de\/en\/wp-json\/wp\/v2\/product"}],"about":[{"href":"https:\/\/www.roeltgen.de\/en\/wp-json\/wp\/v2\/types\/product"}],"wp:featuredmedia":[{"embeddable":true,"href":"https:\/\/www.roeltgen.de\/en\/wp-json\/wp\/v2\/media\/104487"}],"wp:attachment":[{"href":"https:\/\/www.roeltgen.de\/en\/wp-json\/wp\/v2\/media?parent=104485"}],"wp:term":[{"taxonomy":"product_brand","embeddable":true,"href":"https:\/\/www.roeltgen.de\/en\/wp-json\/wp\/v2\/product_brand?post=104485"},{"taxonomy":"product_cat","embeddable":true,"href":"https:\/\/www.roeltgen.de\/en\/wp-json\/wp\/v2\/product_cat?post=104485"},{"taxonomy":"product_tag","embeddable":true,"href":"https:\/\/www.roeltgen.de\/en\/wp-json\/wp\/v2\/product_tag?post=104485"}],"curies":[{"name":"wp","href":"https:\/\/api.w.org\/{rel}","templated":true}]}}