{"id":107929,"date":"2023-05-10T15:44:19","date_gmt":"2023-05-10T13:44:19","guid":{"rendered":"https:\/\/www.roeltgen.de\/contract-marking-service\/"},"modified":"2026-03-17T10:44:34","modified_gmt":"2026-03-17T09:44:34","slug":"contract-marking-service","status":"publish","type":"page","link":"https:\/\/www.roeltgen.de\/en\/services\/contract-marking-service\/","title":{"rendered":"Contract marking service"},"content":{"rendered":"<p>[et_pb_section fb_built=&#8221;1&#8243; _builder_version=&#8221;4.22.0&#8243; _module_preset=&#8221;default&#8221; use_background_color_gradient=&#8221;on&#8221; background_color_gradient_direction=&#8221;45deg&#8221; background_color_gradient_stops=&#8221;rgba(0,0,0,0.4) 0%|rgba(0,0,0,0.4) 100%&#8221; background_color_gradient_overlays_image=&#8221;on&#8221; background_image=&#8221;https:\/\/www.roeltgen.de\/wp-content\/uploads\/2023\/09\/Lohnkennzeichnung-scaled.jpg&#8221; global_colors_info=&#8221;{}&#8221;][et_pb_row _builder_version=&#8221;4.17.3&#8243; _module_preset=&#8221;default&#8221; custom_padding=&#8221;||0px||false|false&#8221; global_colors_info=&#8221;{}&#8221;][et_pb_column type=&#8221;4_4&#8243; _builder_version=&#8221;4.17.3&#8243; _module_preset=&#8221;default&#8221; global_colors_info=&#8221;{}&#8221;][et_pb_text _builder_version=&#8221;4.22.0&#8243; _module_preset=&#8221;default&#8221; text_font=&#8221;|700||on|||||&#8221; text_text_color=&#8221;#FFFFFF&#8221; text_font_size=&#8221;15px&#8221; custom_margin=&#8221;||2px|2px|false|false&#8221; global_colors_info=&#8221;{}&#8221;]<\/p>\n<p>OUTSOURCING<\/p>\n<p>[\/et_pb_text][et_pb_text _builder_version=&#8221;4.27.5&#8243; _module_preset=&#8221;default&#8221; header_font=&#8221;||||||||&#8221; header_text_color=&#8221;#FFFFFF&#8221; header_font_size=&#8221;60px&#8221; header_2_text_color=&#8221;#FFFFFF&#8221; custom_margin=&#8221;||0px||false|false&#8221; header_font_size_tablet=&#8221;60px&#8221; header_font_size_phone=&#8221;32px&#8221; header_font_size_last_edited=&#8221;on|phone&#8221; global_colors_info=&#8221;{}&#8221;]<\/p>\n<h1>Contract marking service<\/h1>\n<p>[\/et_pb_text][\/et_pb_column][\/et_pb_row][et_pb_row _builder_version=&#8221;4.17.3&#8243; _module_preset=&#8221;default&#8221; custom_padding=&#8221;0px||||false|false&#8221; global_colors_info=&#8221;{}&#8221;][et_pb_column type=&#8221;4_4&#8243; _builder_version=&#8221;4.17.3&#8243; _module_preset=&#8221;default&#8221; global_colors_info=&#8221;{}&#8221;][\/et_pb_column][\/et_pb_row][\/et_pb_section][et_pb_section fb_built=&#8221;1&#8243; _builder_version=&#8221;4.17.3&#8243; _module_preset=&#8221;default&#8221; background_image=&#8221;https:\/\/www.roeltgen.de\/wp-content\/uploads\/2023\/05\/corner-dots-left-top.png&#8221; background_size=&#8221;initial&#8221; background_position=&#8221;top_left&#8221; global_colors_info=&#8221;{}&#8221;][et_pb_row _builder_version=&#8221;4.17.3&#8243; _module_preset=&#8221;default&#8221; global_colors_info=&#8221;{}&#8221;][et_pb_column type=&#8221;4_4&#8243; _builder_version=&#8221;4.17.3&#8243; _module_preset=&#8221;default&#8221; global_colors_info=&#8221;{}&#8221;][et_pb_text _builder_version=&#8221;4.22.0&#8243; _module_preset=&#8221;default&#8221; text_font=&#8221;|700||on|||||&#8221; text_text_color=&#8221;gcid-7ce7b00a-a0f7-4559-8af2-0adef5afd391&#8243; text_font_size=&#8221;15px&#8221; custom_margin=&#8221;||2px|2px|false|false&#8221; global_colors_info=&#8221;{%22gcid-7ce7b00a-a0f7-4559-8af2-0adef5afd391%22:%91%22text_text_color%22%93}&#8221;]<\/p>\n<p>OUTSOURCING<\/p>\n<p>[\/et_pb_text][et_pb_text _builder_version=&#8221;4.27.5&#8243; _module_preset=&#8221;default&#8221; global_colors_info=&#8221;{}&#8221;]<\/p>\n<h1>Marking of industrial components<\/h1>\n<p>[\/et_pb_text][\/et_pb_column][\/et_pb_row][et_pb_row column_structure=&#8221;2_3,1_3&#8243; _builder_version=&#8221;4.17.3&#8243; _module_preset=&#8221;default&#8221; custom_padding=&#8221;0px||35px||false|false&#8221; global_colors_info=&#8221;{}&#8221;][et_pb_column type=&#8221;2_3&#8243; _builder_version=&#8221;4.17.3&#8243; _module_preset=&#8221;default&#8221; global_colors_info=&#8221;{}&#8221;][et_pb_text _builder_version=&#8221;4.27.5&#8243; _module_preset=&#8221;default&#8221; text_font=&#8221;||||||||&#8221; text_font_size=&#8221;18px&#8221; text_line_height=&#8221;1.8em&#8221; global_colors_info=&#8221;{}&#8221;]<\/p>\n<p>Our contract marking service is a flexible and economical solution, because it does not always make sense to have your own marking system. That is why we take care of the marking of your parts directly for you, so that you do not have to purchase expensive technology and still receive permanent, clearly legible markings.<\/p>\n<p><\/p>\n<p>This saves you time and effort, while the results meet the technical and quality requirements you expect.<\/p>\n<p><\/p>\n<p>Our contract marking is particularly suitable for:<\/p>\n<p><\/p>\n<ul>\n<li>Individual components<\/li>\n<li>Small and medium-sized series<\/li>\n<li>Workpieces that are difficult to access<\/li>\n<li>Applications where having your own system would not be economical<\/li>\n<\/ul>\n<p><\/p>\n<hr data-start=\"1153\" data-end=\"1156\" \/><\/p>\n<h3>Versatile processes for different requirements<\/h3>\n<p><\/p>\n<p data-start=\"1224\" data-end=\"1481\">We use various marking methods for wage labelling, depending on what is best suited to your task. We select the technology that delivers the most reliable results for the material, surface and requirements.<br \/>Our methods include:<br \/>Embossing \u2013 classic, mechanical marking technology that enables permanent markings<br \/>while remaining particularly robust and resilient.<br \/>Needle embossing \u2013 suitable for variable texts, numbers or codes, as content can be changed quickly and flexibly.<br \/>Laser marking \u2013 ideal when high-contrast, fine or damage-free markings are required and when the finest details must be visible.<br \/>In other words, we use the best method for your task so that your components are clearly and reliably marked in production, logistics or service.<\/p>\n<p><\/p>\n<hr data-start=\"2156\" data-end=\"2159\" \/><\/p>\n<h3>Advantages of wage marking at R\u00f6ltgen<\/h3>\n<p><\/p>\n<p>Our contract marking combines technical expertise with practical application, which is why we offer you the following advantages:<\/p>\n<p><\/p>\n<ul>\n<li>No investment in your own high-performance technology<\/li>\n<li>Immediate use of the marking solution<\/li>\n<li>Consistent, high quality<\/li>\n<li>Short turnaround times<\/li>\n<li>Suitable processes for every material<\/li>\n<\/ul>\n<p><\/p>\n<p>In addition, we advise you openly before every order so that the best choice for your problem is made.<\/p>\n<p><\/p>\n<hr data-start=\"2670\" data-end=\"2673\" \/><\/p>\n<h3>This is how we handle your wage marking<\/h3>\n<p><\/p>\n<p data-start=\"2727\" data-end=\"2973\">First, we discuss your requirements together and review materials, quantities and desired content. We then decide which process is most suitable, saving time and avoiding errors.<\/p>\n<p><\/p>\n<p data-start=\"2727\" data-end=\"2973\">After marking, your parts are returned to you on time and inspected \u2013 and you can continue working immediately.<\/p>\n<p><\/p>\n<p><a href=\"https:\/\/www.roeltgen.de\/en\/contact\/\">Get in touch<\/a> with us today and let&#8217;s discuss how our contract labelling can optimally support your processes.<\/p>\n<p><\/p>\n<h1 data-start=\"210\" data-end=\"288\">\u200b<\/h1>\n<p>[\/et_pb_text][\/et_pb_column][et_pb_column type=&#8221;1_3&#8243; module_class=&#8221;single-service-column-2&#8243; _builder_version=&#8221;4.17.3&#8243; _module_preset=&#8221;default&#8221; background_color=&#8221;#f4f4f4&#8243; custom_padding=&#8221;35px|35px|35px|35px|true|true&#8221; sticky_position=&#8221;top&#8221; sticky_offset_top=&#8221;35px&#8221; sticky_limit_bottom=&#8221;row&#8221; sticky_position_tablet=&#8221;none&#8221; sticky_position_phone=&#8221;none&#8221; sticky_position_last_edited=&#8221;on|tablet&#8221; border_radii=&#8221;on|10px|10px|10px|10px&#8221; global_colors_info=&#8221;{}&#8221;][et_pb_code admin_label=&#8221;AP &#8211; ProdCat &#8211; EN&#8221; _builder_version=&#8221;4.21.0&#8243; _module_preset=&#8221;default&#8221; global_colors_info=&#8221;{}&#8221; global_module=&#8221;102850&#8243; theme_builder_area=&#8221;post_content&#8221;][et_pb_section global_module=\"102841\"][\/et_pb_section]<!-- [et_pb_line_break_holder] -->[et_pb_section global_module=\"102843\"][\/et_pb_section]<!-- [et_pb_line_break_holder] -->[et_pb_section global_module=\"102844\"][\/et_pb_section]<!-- [et_pb_line_break_holder] -->[et_pb_section global_module=\"102845\"][\/et_pb_section]<!-- [et_pb_line_break_holder] -->[et_pb_section global_module=\"102846\"][\/et_pb_section][\/et_pb_code][\/et_pb_column][\/et_pb_row][et_pb_row _builder_version=&#8221;4.27.5&#8243; _module_preset=&#8221;default&#8221; locked=&#8221;off&#8221; global_colors_info=&#8221;{}&#8221;][et_pb_column type=&#8221;4_4&#8243; _builder_version=&#8221;4.27.5&#8243; _module_preset=&#8221;default&#8221; global_colors_info=&#8221;{}&#8221;][et_pb_text admin_label=&#8221;internealLinks&#8221; _builder_version=&#8221;4.27.5&#8243; _module_preset=&#8221;default&#8221; header_3_font=&#8221;||||on|||#075C97|&#8221; header_3_text_color=&#8221;#075C97&#8243; locked=&#8221;off&#8221; global_colors_info=&#8221;{}&#8221;]<\/p>\n<h3 style=\"text-align: center;\"><a href=\"https:\/\/www.roeltgen.de\/en\/services\/consultancy\/\">Would you like some advice?<\/a><\/h3>\n<h3 style=\"text-align: center;\"><a href=\"https:\/\/www.roeltgen.de\/en\/services\/drawings\/\">Or would you like to have something drawn?<\/a><\/h3>\n<h3 style=\"text-align: center;\"><a href=\"https:\/\/www.roeltgen.de\/en\/news\/\">You can also take a look at our news section.<\/a><\/h3>\n<p>&nbsp;<\/p>\n<p>&nbsp;<\/p>\n<p>[\/et_pb_text][et_pb_text admin_label=&#8221;external Links&#8221; _builder_version=&#8221;4.27.5&#8243; _module_preset=&#8221;default&#8221; global_colors_info=&#8221;{}&#8221;]<\/p>\n<h2 style=\"text-align: center;\">Further information can be found here:<\/h2>\n<p style=\"text-align: center;\"><a href=\"https:\/\/www.vdma.org\/\">VDMA \u2013 German Engineering Federation<\/a><\/p>\n<p style=\"text-align: center;\"><a href=\"https:\/\/www.ilt.fraunhofer.de\/en.html\">Fraunhofer ILT \u2013 Laser Applications<\/a><\/p>\n<p style=\"text-align: center;\"><a href=\"https:\/\/www.din.de\/en\">DIN \/ ISO \u2013 Technical standards<\/a><\/p>\n<p>&nbsp;<\/p>\n<p>[\/et_pb_text][\/et_pb_column][\/et_pb_row][\/et_pb_section][et_pb_section fb_built=&#8221;1&#8243; disabled_on=&#8221;off|off|off&#8221; admin_label=&#8221;Kontakt Sektion&#8221; _builder_version=&#8221;4.21.0&#8243; _module_preset=&#8221;default&#8221; background_color=&#8221;gcid-b9977658-4716-4f1b-8f0f-15b61fc8dfd9&#8243; background_image=&#8221;https:\/\/www.roeltgen.de\/wp-content\/uploads\/2023\/05\/corner-dots-left-top-light.png&#8221; background_size=&#8221;initial&#8221; background_position=&#8221;top_left&#8221; border_width_left=&#8221;10px&#8221; border_color_left=&#8221;gcid-7ce7b00a-a0f7-4559-8af2-0adef5afd391&#8243; saved_tabs=&#8221;all&#8221; global_colors_info=&#8221;{%22gcid-b9977658-4716-4f1b-8f0f-15b61fc8dfd9%22:%91%22background_color%22%93,%22gcid-7ce7b00a-a0f7-4559-8af2-0adef5afd391%22:%91%22border_color_left%22%93}&#8221;][et_pb_row _builder_version=&#8221;4.17.3&#8243; _module_preset=&#8221;default&#8221; global_colors_info=&#8221;{}&#8221;][et_pb_column type=&#8221;4_4&#8243; _builder_version=&#8221;4.17.3&#8243; _module_preset=&#8221;default&#8221; global_colors_info=&#8221;{}&#8221;][et_pb_image src=&#8221;https:\/\/www.roeltgen.de\/wp-content\/uploads\/2023\/05\/R.png&#8221; alt=&#8221;R\u00f6ltgen Marking Systems&#8221; title_text=&#8221;R&#8221; align=&#8221;center&#8221; _builder_version=&#8221;4.21.0&#8243; _module_preset=&#8221;default&#8221; custom_margin=&#8221;||20px||false|false&#8221; global_colors_info=&#8221;{}&#8221;][\/et_pb_image][et_pb_text _builder_version=&#8221;4.17.3&#8243; _module_preset=&#8221;default&#8221; text_font=&#8221;|700||on|||||&#8221; text_text_color=&#8221;gcid-7ce7b00a-a0f7-4559-8af2-0adef5afd391&#8243; text_font_size=&#8221;15px&#8221; text_orientation=&#8221;center&#8221; custom_margin=&#8221;||2px|2px|false|false&#8221; global_colors_info=&#8221;{%22gcid-7ce7b00a-a0f7-4559-8af2-0adef5afd391%22:%91%22text_text_color%22%93}&#8221;]<\/p>\n<p>let&#8217;s get connected<\/p>\n<p>[\/et_pb_text][et_pb_text _builder_version=&#8221;4.21.0&#8243; _module_preset=&#8221;default&#8221; header_2_text_align=&#8221;center&#8221; header_2_text_color=&#8221;#FFFFFF&#8221; custom_margin=&#8221;||5px||false|false&#8221; global_colors_info=&#8221;{}&#8221;]<\/p>\n<h2>Do you have a question?<\/h2>\n<p>[\/et_pb_text][et_pb_text _builder_version=&#8221;4.21.0&#8243; _module_preset=&#8221;default&#8221; text_font=&#8221;|300|||||||&#8221; text_text_color=&#8221;#FFFFFF&#8221; text_line_height=&#8221;1.6em&#8221; text_orientation=&#8221;center&#8221; width=&#8221;50%&#8221; width_tablet=&#8221;100%&#8221; width_phone=&#8221;&#8221; width_last_edited=&#8221;on|tablet&#8221; module_alignment=&#8221;center&#8221; global_colors_info=&#8221;{}&#8221;]<\/p>\n<p><strong>Benefit from our many years of experience and receive personalised advice tailored to your individual applications.<\/strong><\/p>\n<p>[\/et_pb_text][et_pb_button button_url=&#8221;https:\/\/www.roeltgen.de\/en\/contact\/&#8221; button_text=&#8221;Get in touch&#8221; button_alignment=&#8221;center&#8221; _builder_version=&#8221;4.21.0&#8243; _module_preset=&#8221;default&#8221; custom_button=&#8221;on&#8221; button_text_size=&#8221;16px&#8221; button_text_color=&#8221;#FFFFFF&#8221; button_bg_color=&#8221;gcid-7ce7b00a-a0f7-4559-8af2-0adef5afd391&#8243; button_border_width=&#8221;0px&#8221; button_font=&#8221;|600|||||||&#8221; button_use_icon=&#8221;off&#8221; global_colors_info=&#8221;{%22gcid-2eb85268-1f51-4f24-a4be-13bed7ca8ff6%22:%91%22button_bg_color__hover%22%93,%22gcid-7ce7b00a-a0f7-4559-8af2-0adef5afd391%22:%91%22button_bg_color%22%93}&#8221; button_bg_color__hover_enabled=&#8221;on|desktop&#8221; button_bg_color__hover=&#8221;#c65108&#8243; button_bg_enable_color__hover=&#8221;on&#8221;][\/et_pb_button][\/et_pb_column][\/et_pb_row][\/et_pb_section]<\/p>\n","protected":false},"excerpt":{"rendered":"<p>OUTSOURCINGContract marking serviceOUTSOURCINGMarking of industrial componentsOur contract marking service is a flexible and economical solution, because it does not always make sense to have your own marking system. That is why we take care of the marking of your parts directly for you, so that you do not have to purchase expensive technology and still [&hellip;]<\/p>\n","protected":false},"author":7,"featured_media":0,"parent":108002,"menu_order":0,"comment_status":"closed","ping_status":"closed","template":"","meta":{"_et_pb_use_builder":"on","_et_pb_old_content":"","_et_gb_content_width":"","footnotes":""},"class_list":["post-107929","page","type-page","status-publish","hentry"],"yoast_head":"<!-- This site is optimized with the Yoast SEO Premium plugin v27.4 (Yoast SEO v27.4) - https:\/\/yoast.com\/product\/yoast-seo-premium-wordpress\/ -->\n<title>Wage marking for industry and mechanical engineering<\/title>\n<meta name=\"description\" content=\"Wage marking for industrial components: embossing, needle embossing or laser. Flexible, economical and implemented exactly according to your specifications.\" \/>\n<meta name=\"robots\" content=\"index, follow, max-snippet:-1, max-image-preview:large, max-video-preview:-1\" \/>\n<link rel=\"canonical\" href=\"https:\/\/www.roeltgen.de\/en\/services\/contract-marking-service\/\" \/>\n<meta property=\"og:locale\" content=\"en_US\" \/>\n<meta property=\"og:type\" content=\"article\" \/>\n<meta property=\"og:title\" content=\"R\u00f6ltgen GmbH &amp; Co. KG \u2013 Ihr Experte f\u00fcr Kennzeichnungswerkzeuge und Kennzeichnungsmaschinen.\" \/>\n<meta property=\"og:description\" content=\"Hochwertige Kennzeichnungswerkzeuge und leistungsstarke Kennzeichnungsmaschinen \u2013 daf\u00fcr steht die R\u00f6ltgen GmbH &amp; Co. KG.\" \/>\n<meta property=\"og:url\" content=\"https:\/\/www.roeltgen.de\/en\/services\/contract-marking-service\/\" \/>\n<meta property=\"og:site_name\" content=\"R\u00d6LTGEN MARKING SYSTEMS\" \/>\n<meta property=\"article:publisher\" content=\"https:\/\/www.facebook.com\/Roeltgen\/\" \/>\n<meta property=\"article:modified_time\" content=\"2026-03-17T09:44:34+00:00\" \/>\n<meta property=\"og:image\" content=\"https:\/\/www.roeltgen.de\/wp-content\/uploads\/2025\/11\/Header-2.jpg\" \/>\n\t<meta property=\"og:image:width\" content=\"2000\" \/>\n\t<meta property=\"og:image:height\" content=\"1460\" \/>\n\t<meta property=\"og:image:type\" content=\"image\/jpeg\" \/>\n<meta name=\"twitter:card\" content=\"summary_large_image\" \/>\n<meta name=\"twitter:label1\" content=\"Est. reading time\" \/>\n\t<meta name=\"twitter:data1\" content=\"3 minutes\" \/>\n<script type=\"application\/ld+json\" class=\"yoast-schema-graph\">{\"@context\":\"https:\\\/\\\/schema.org\",\"@graph\":[{\"@type\":\"WebPage\",\"@id\":\"https:\\\/\\\/www.roeltgen.de\\\/en\\\/services\\\/contract-marking-service\\\/\",\"url\":\"https:\\\/\\\/www.roeltgen.de\\\/en\\\/services\\\/contract-marking-service\\\/\",\"name\":\"Wage marking for industry and mechanical engineering\",\"isPartOf\":{\"@id\":\"https:\\\/\\\/www.roeltgen.de\\\/#website\"},\"datePublished\":\"2023-05-10T13:44:19+00:00\",\"dateModified\":\"2026-03-17T09:44:34+00:00\",\"description\":\"Wage marking for industrial components: embossing, needle embossing or laser. Flexible, economical and implemented exactly according to your specifications.\",\"breadcrumb\":{\"@id\":\"https:\\\/\\\/www.roeltgen.de\\\/en\\\/services\\\/contract-marking-service\\\/#breadcrumb\"},\"inLanguage\":\"en-US\",\"potentialAction\":[{\"@type\":\"ReadAction\",\"target\":[\"https:\\\/\\\/www.roeltgen.de\\\/en\\\/services\\\/contract-marking-service\\\/\"]}]},{\"@type\":\"BreadcrumbList\",\"@id\":\"https:\\\/\\\/www.roeltgen.de\\\/en\\\/services\\\/contract-marking-service\\\/#breadcrumb\",\"itemListElement\":[{\"@type\":\"ListItem\",\"position\":1,\"name\":\"Home\",\"item\":\"https:\\\/\\\/www.roeltgen.de\\\/en\\\/home\\\/\"},{\"@type\":\"ListItem\",\"position\":2,\"name\":\"Services\",\"item\":\"https:\\\/\\\/www.roeltgen.de\\\/en\\\/services\\\/\"},{\"@type\":\"ListItem\",\"position\":3,\"name\":\"Contract marking service\"}]},{\"@type\":\"WebSite\",\"@id\":\"https:\\\/\\\/www.roeltgen.de\\\/#website\",\"url\":\"https:\\\/\\\/www.roeltgen.de\\\/\",\"name\":\"R\u00f6ltgen GmbH & Co. KG \u2013 Ihr Experte f\u00fcr Kennzeichnungswerkzeuge und -maschinen.\",\"description\":\"R\u00f6ltgen \u2013 Qualit\u00e4t, die pr\u00e4gt!\",\"publisher\":{\"@id\":\"https:\\\/\\\/www.roeltgen.de\\\/#organization\"},\"alternateName\":\"R\u00f6ltgen GmbH & Co. KG\",\"potentialAction\":[{\"@type\":\"SearchAction\",\"target\":{\"@type\":\"EntryPoint\",\"urlTemplate\":\"https:\\\/\\\/www.roeltgen.de\\\/?s={search_term_string}\"},\"query-input\":{\"@type\":\"PropertyValueSpecification\",\"valueRequired\":true,\"valueName\":\"search_term_string\"}}],\"inLanguage\":\"en-US\"},{\"@type\":\"Organization\",\"@id\":\"https:\\\/\\\/www.roeltgen.de\\\/#organization\",\"name\":\"R\u00d6LTGEN GmbH & Co. KG\",\"alternateName\":\"R\u00f6ltgen Marking-System\",\"url\":\"https:\\\/\\\/www.roeltgen.de\\\/\",\"logo\":{\"@type\":\"ImageObject\",\"inLanguage\":\"en-US\",\"@id\":\"https:\\\/\\\/www.roeltgen.de\\\/#\\\/schema\\\/logo\\\/image\\\/\",\"url\":\"https:\\\/\\\/www.roeltgen.de\\\/wp-content\\\/uploads\\\/2026\\\/01\\\/Roeltgen-Kurzzeichen.jpg\",\"contentUrl\":\"https:\\\/\\\/www.roeltgen.de\\\/wp-content\\\/uploads\\\/2026\\\/01\\\/Roeltgen-Kurzzeichen.jpg\",\"width\":241,\"height\":180,\"caption\":\"R\u00d6LTGEN GmbH & Co. KG\"},\"image\":{\"@id\":\"https:\\\/\\\/www.roeltgen.de\\\/#\\\/schema\\\/logo\\\/image\\\/\"},\"sameAs\":[\"https:\\\/\\\/www.facebook.com\\\/Roeltgen\\\/\"],\"description\":\"Die R\u00f6ltgen GmbH & Co. KG ist ein erfahrener Hersteller und Spezialist f\u00fcr Kennzeichnungswerkzeuge und Kennzeichnungsmaschinen. Das Unternehmen entwickelt und fertigt pr\u00e4zise, langlebige L\u00f6sungen f\u00fcr die industrielle Kennzeichnung unterschiedlichster Materialien. Mit hoher Fertigungstiefe, technischem Know-how und praxisnaher Beratung steht R\u00f6ltgen f\u00fcr Qualit\u00e4t, Zuverl\u00e4ssigkeit und ma\u00dfgeschneiderte Kennzeichnungsl\u00f6sungen. Die Produkte kommen branchen\u00fcbergreifend in Industrie, Handwerk und Fertigung zum Einsatz und erf\u00fcllen h\u00f6chste Anforderungen an Pr\u00e4zision und Best\u00e4ndigkeit.\",\"email\":\"info@roeltgen.de\",\"telephone\":\"+49-(0)212-3399-0\",\"legalName\":\"R\u00f6ltgen GmbH und Co. KG\",\"foundingDate\":\"1941-04-01\",\"vatID\":\"DE120961312\",\"taxID\":\"128\\\/5915\\\/4235\",\"duns\":\"317021913\",\"numberOfEmployees\":{\"@type\":\"QuantitativeValue\",\"minValue\":\"11\",\"maxValue\":\"50\"}}]}<\/script>\n<!-- \/ Yoast SEO Premium plugin. -->","yoast_head_json":{"title":"Wage marking for industry and mechanical engineering","description":"Wage marking for industrial components: embossing, needle embossing or laser. Flexible, economical and implemented exactly according to your specifications.","robots":{"index":"index","follow":"follow","max-snippet":"max-snippet:-1","max-image-preview":"max-image-preview:large","max-video-preview":"max-video-preview:-1"},"canonical":"https:\/\/www.roeltgen.de\/en\/services\/contract-marking-service\/","og_locale":"en_US","og_type":"article","og_title":"R\u00f6ltgen GmbH & Co. KG \u2013 Ihr Experte f\u00fcr Kennzeichnungswerkzeuge und Kennzeichnungsmaschinen.","og_description":"Hochwertige Kennzeichnungswerkzeuge und leistungsstarke Kennzeichnungsmaschinen \u2013 daf\u00fcr steht die R\u00f6ltgen GmbH & Co. KG.","og_url":"https:\/\/www.roeltgen.de\/en\/services\/contract-marking-service\/","og_site_name":"R\u00d6LTGEN MARKING SYSTEMS","article_publisher":"https:\/\/www.facebook.com\/Roeltgen\/","article_modified_time":"2026-03-17T09:44:34+00:00","og_image":[{"width":2000,"height":1460,"url":"https:\/\/www.roeltgen.de\/wp-content\/uploads\/2025\/11\/Header-2.jpg","type":"image\/jpeg"}],"twitter_card":"summary_large_image","twitter_misc":{"Est. reading time":"3 minutes"},"schema":{"@context":"https:\/\/schema.org","@graph":[{"@type":"WebPage","@id":"https:\/\/www.roeltgen.de\/en\/services\/contract-marking-service\/","url":"https:\/\/www.roeltgen.de\/en\/services\/contract-marking-service\/","name":"Wage marking for industry and mechanical engineering","isPartOf":{"@id":"https:\/\/www.roeltgen.de\/#website"},"datePublished":"2023-05-10T13:44:19+00:00","dateModified":"2026-03-17T09:44:34+00:00","description":"Wage marking for industrial components: embossing, needle embossing or laser. Flexible, economical and implemented exactly according to your specifications.","breadcrumb":{"@id":"https:\/\/www.roeltgen.de\/en\/services\/contract-marking-service\/#breadcrumb"},"inLanguage":"en-US","potentialAction":[{"@type":"ReadAction","target":["https:\/\/www.roeltgen.de\/en\/services\/contract-marking-service\/"]}]},{"@type":"BreadcrumbList","@id":"https:\/\/www.roeltgen.de\/en\/services\/contract-marking-service\/#breadcrumb","itemListElement":[{"@type":"ListItem","position":1,"name":"Home","item":"https:\/\/www.roeltgen.de\/en\/home\/"},{"@type":"ListItem","position":2,"name":"Services","item":"https:\/\/www.roeltgen.de\/en\/services\/"},{"@type":"ListItem","position":3,"name":"Contract marking service"}]},{"@type":"WebSite","@id":"https:\/\/www.roeltgen.de\/#website","url":"https:\/\/www.roeltgen.de\/","name":"R\u00f6ltgen GmbH & Co. KG \u2013 Ihr Experte f\u00fcr Kennzeichnungswerkzeuge und -maschinen.","description":"R\u00f6ltgen \u2013 Qualit\u00e4t, die pr\u00e4gt!","publisher":{"@id":"https:\/\/www.roeltgen.de\/#organization"},"alternateName":"R\u00f6ltgen GmbH & Co. KG","potentialAction":[{"@type":"SearchAction","target":{"@type":"EntryPoint","urlTemplate":"https:\/\/www.roeltgen.de\/?s={search_term_string}"},"query-input":{"@type":"PropertyValueSpecification","valueRequired":true,"valueName":"search_term_string"}}],"inLanguage":"en-US"},{"@type":"Organization","@id":"https:\/\/www.roeltgen.de\/#organization","name":"R\u00d6LTGEN GmbH & Co. KG","alternateName":"R\u00f6ltgen Marking-System","url":"https:\/\/www.roeltgen.de\/","logo":{"@type":"ImageObject","inLanguage":"en-US","@id":"https:\/\/www.roeltgen.de\/#\/schema\/logo\/image\/","url":"https:\/\/www.roeltgen.de\/wp-content\/uploads\/2026\/01\/Roeltgen-Kurzzeichen.jpg","contentUrl":"https:\/\/www.roeltgen.de\/wp-content\/uploads\/2026\/01\/Roeltgen-Kurzzeichen.jpg","width":241,"height":180,"caption":"R\u00d6LTGEN GmbH & Co. KG"},"image":{"@id":"https:\/\/www.roeltgen.de\/#\/schema\/logo\/image\/"},"sameAs":["https:\/\/www.facebook.com\/Roeltgen\/"],"description":"Die R\u00f6ltgen GmbH & Co. KG ist ein erfahrener Hersteller und Spezialist f\u00fcr Kennzeichnungswerkzeuge und Kennzeichnungsmaschinen. Das Unternehmen entwickelt und fertigt pr\u00e4zise, langlebige L\u00f6sungen f\u00fcr die industrielle Kennzeichnung unterschiedlichster Materialien. Mit hoher Fertigungstiefe, technischem Know-how und praxisnaher Beratung steht R\u00f6ltgen f\u00fcr Qualit\u00e4t, Zuverl\u00e4ssigkeit und ma\u00dfgeschneiderte Kennzeichnungsl\u00f6sungen. Die Produkte kommen branchen\u00fcbergreifend in Industrie, Handwerk und Fertigung zum Einsatz und erf\u00fcllen h\u00f6chste Anforderungen an Pr\u00e4zision und Best\u00e4ndigkeit.","email":"info@roeltgen.de","telephone":"+49-(0)212-3399-0","legalName":"R\u00f6ltgen GmbH und Co. KG","foundingDate":"1941-04-01","vatID":"DE120961312","taxID":"128\/5915\/4235","duns":"317021913","numberOfEmployees":{"@type":"QuantitativeValue","minValue":"11","maxValue":"50"}}]}},"_links":{"self":[{"href":"https:\/\/www.roeltgen.de\/en\/wp-json\/wp\/v2\/pages\/107929","targetHints":{"allow":["GET"]}}],"collection":[{"href":"https:\/\/www.roeltgen.de\/en\/wp-json\/wp\/v2\/pages"}],"about":[{"href":"https:\/\/www.roeltgen.de\/en\/wp-json\/wp\/v2\/types\/page"}],"author":[{"embeddable":true,"href":"https:\/\/www.roeltgen.de\/en\/wp-json\/wp\/v2\/users\/7"}],"replies":[{"embeddable":true,"href":"https:\/\/www.roeltgen.de\/en\/wp-json\/wp\/v2\/comments?post=107929"}],"version-history":[{"count":6,"href":"https:\/\/www.roeltgen.de\/en\/wp-json\/wp\/v2\/pages\/107929\/revisions"}],"predecessor-version":[{"id":108709,"href":"https:\/\/www.roeltgen.de\/en\/wp-json\/wp\/v2\/pages\/107929\/revisions\/108709"}],"up":[{"embeddable":true,"href":"https:\/\/www.roeltgen.de\/en\/wp-json\/wp\/v2\/pages\/108002"}],"wp:attachment":[{"href":"https:\/\/www.roeltgen.de\/en\/wp-json\/wp\/v2\/media?parent=107929"}],"curies":[{"name":"wp","href":"https:\/\/api.w.org\/{rel}","templated":true}]}}