{"id":107906,"date":"2026-02-13T15:39:15","date_gmt":"2026-02-13T14:39:15","guid":{"rendered":"https:\/\/www.roeltgen.de\/food-industry\/"},"modified":"2026-03-17T11:16:06","modified_gmt":"2026-03-17T10:16:06","slug":"food-industry","status":"publish","type":"page","link":"https:\/\/www.roeltgen.de\/en\/sectors\/food-industry\/","title":{"rendered":"Food industry"},"content":{"rendered":"<p>[et_pb_section fb_built=&#8221;1&#8243; _builder_version=&#8221;4.27.5&#8243; _module_preset=&#8221;default&#8221; use_background_color_gradient=&#8221;on&#8221; background_color_gradient_direction=&#8221;45deg&#8221; background_color_gradient_stops=&#8221;rgba(0,0,0,0.4) 0%|rgba(0,0,0,0.4) 100%&#8221; background_color_gradient_overlays_image=&#8221;on&#8221; background_image=&#8221;https:\/\/www.roeltgen.de\/wp-content\/uploads\/2023\/07\/Lebensmittel.webp&#8221; global_colors_info=&#8221;{}&#8221;][et_pb_row _builder_version=&#8221;4.21.0&#8243; _module_preset=&#8221;default&#8221; global_colors_info=&#8221;{}&#8221;][et_pb_column type=&#8221;4_4&#8243; _builder_version=&#8221;4.17.3&#8243; _module_preset=&#8221;default&#8221; global_colors_info=&#8221;{}&#8221;][et_pb_text _builder_version=&#8221;4.21.0&#8243; _module_preset=&#8221;default&#8221; text_font=&#8221;|700||on|||||&#8221; text_text_color=&#8221;#FFFFFF&#8221; text_font_size=&#8221;15px&#8221; custom_margin=&#8221;||2px|2px|false|false&#8221; global_colors_info=&#8221;{}&#8221;]<\/p>\n<p>Quality that makes a difference!<\/p>\n<p>[\/et_pb_text][et_pb_text _builder_version=&#8221;4.27.5&#8243; _module_preset=&#8221;default&#8221; header_font=&#8221;||||||||&#8221; header_text_color=&#8221;#FFFFFF&#8221; header_font_size=&#8221;60px&#8221; header_2_text_color=&#8221;#FFFFFF&#8221; custom_margin=&#8221;||0px||false|false&#8221; header_font_size_tablet=&#8221;60px&#8221; header_font_size_phone=&#8221;48px&#8221; header_font_size_last_edited=&#8221;on|phone&#8221; global_colors_info=&#8221;{}&#8221;]<\/p>\n<h1>\u00a0Food industry<\/h1>\n<p>[\/et_pb_text][\/et_pb_column][\/et_pb_row][\/et_pb_section][et_pb_section fb_built=&#8221;1&#8243; _builder_version=&#8221;4.17.3&#8243; _module_preset=&#8221;default&#8221; background_image=&#8221;https:\/\/www.roeltgen.de\/wp-content\/uploads\/2023\/05\/corner-dots-left-top.png&#8221; background_size=&#8221;initial&#8221; background_position=&#8221;top_left&#8221; global_colors_info=&#8221;{}&#8221;][et_pb_row _builder_version=&#8221;4.17.3&#8243; _module_preset=&#8221;default&#8221; global_colors_info=&#8221;{}&#8221;][et_pb_column type=&#8221;4_4&#8243; _builder_version=&#8221;4.17.3&#8243; _module_preset=&#8221;default&#8221; global_colors_info=&#8221;{}&#8221;][et_pb_text _builder_version=&#8221;4.21.0&#8243; _module_preset=&#8221;default&#8221; text_font=&#8221;|700||on|||||&#8221; text_text_color=&#8221;gcid-7ce7b00a-a0f7-4559-8af2-0adef5afd391&#8243; text_font_size=&#8221;15px&#8221; custom_margin=&#8221;||2px|2px|false|false&#8221; global_colors_info=&#8221;{%22gcid-7ce7b00a-a0f7-4559-8af2-0adef5afd391%22:%91%22text_text_color%22%93}&#8221;]<\/p>\n<p>Blister packs, cardboard packaging, tubular bags<\/p>\n<p>[\/et_pb_text][et_pb_text _builder_version=&#8221;4.27.5&#8243; _module_preset=&#8221;default&#8221; global_colors_info=&#8221;{}&#8221;]<\/p>\n<h2>\u00a0Food industry<\/h2>\n<p>[\/et_pb_text][\/et_pb_column][\/et_pb_row][et_pb_row column_structure=&#8221;2_3,1_3&#8243; _builder_version=&#8221;4.17.3&#8243; _module_preset=&#8221;default&#8221; custom_padding=&#8221;0px||35px||false|false&#8221; global_colors_info=&#8221;{}&#8221;][et_pb_column type=&#8221;2_3&#8243; _builder_version=&#8221;4.17.3&#8243; _module_preset=&#8221;default&#8221; global_colors_info=&#8221;{}&#8221;][et_pb_text _builder_version=&#8221;4.27.5&#8243; _module_preset=&#8221;default&#8221; text_font=&#8221;||||||||&#8221; text_font_size=&#8221;18px&#8221; text_line_height=&#8221;1.8em&#8221; global_colors_info=&#8221;{}&#8221;]<\/p>\n<p>The food industry places high demands on labelling, as products must be clearly and reliably labelled. Packaging carries information such as batch numbers, best-before dates and manufacturer details so that products can be clearly identified. This information must be clearly legible, but the labelling must not interfere with the production process. In addition, the systems must work reliably to avoid downtime.<\/p>\n<p><\/p>\n<p>Labelling is an important part of traceability. In other words, it shows exactly where a product was manufactured and which batch it comes from. This is particularly important because, in the event of a recall, a quick response is essential. Markings are automatically recorded and digitally processed, making data available immediately. Errors can be detected more quickly, reducing risks and ensuring that processes remain secure. It also improves transparency along the entire supply chain.<\/p>\n<p><\/p>\n<p>Clear labelling not only helps in production, but also in storage, transport and trade. Products can be clearly identified, thus avoiding mix-ups. In addition, manufacturers benefit from stable processes, as information is available at all times.<\/p>\n<p><\/p>\n<p>Different processes are used depending on the packaging material, as paper, film and plastic have different requirements. The marking must be durable so that it remains legible even when exposed to moisture, cooling or temperature fluctuations. In addition, colours and materials must not compromise product safety, while legal requirements must be met.<\/p>\n<p><\/p>\n<p>Below, we present tools and marking systems that have been specially developed for the requirements of the food industry. They enable safe, standard-compliant and economical labelling, reliably supporting traceability, consumer protection and efficient production processes.<\/p>\n<p>[\/et_pb_text][dipl_woo_products_categories include_categories=&#8221;97,98,99,100,113,93,18,96,53&#8243; order_by=&#8221;menu_order&#8221; number_of_columns=&#8221;3&#8243; thumbnail_size=&#8221;woocommerce_single&#8221; show_product_count=&#8221;off&#8221; equal_height=&#8221;on&#8221; number_of_columns_tablet=&#8221;2&#8243; number_of_columns_phone=&#8221;1&#8243; number_of_columns_last_edited=&#8221;on|phone&#8221; _builder_version=&#8221;4.27.5&#8243; _module_preset=&#8221;default&#8221; title_level=&#8221;h3&#8243; title_font_size=&#8221;16px&#8221; border_color_all_category=&#8221;gcid-7ce7b00a-a0f7-4559-8af2-0adef5afd391&#8243; box_shadow_style_product_category=&#8221;preset3&#8243; global_colors_info=&#8221;{%22gcid-7ce7b00a-a0f7-4559-8af2-0adef5afd391%22:%91%22border_color_all_category%22%93}&#8221;][\/dipl_woo_products_categories][\/et_pb_column][et_pb_column type=&#8221;1_3&#8243; module_class=&#8221;single-service-column-2&#8243; _builder_version=&#8221;4.17.3&#8243; _module_preset=&#8221;default&#8221; background_color=&#8221;#f4f4f4&#8243; custom_padding=&#8221;35px|35px|35px|35px|true|true&#8221; sticky_position=&#8221;top&#8221; sticky_offset_top=&#8221;35px&#8221; sticky_limit_bottom=&#8221;row&#8221; sticky_position_tablet=&#8221;none&#8221; sticky_position_phone=&#8221;none&#8221; sticky_position_last_edited=&#8221;on|tablet&#8221; border_radii=&#8221;on|10px|10px|10px|10px&#8221; global_colors_info=&#8221;{}&#8221;][et_pb_code admin_label=&#8221;AP &#8211; ProdCat &#8211; EN&#8221; _builder_version=&#8221;4.21.0&#8243; _module_preset=&#8221;default&#8221; global_colors_info=&#8221;{}&#8221; global_module=&#8221;102850&#8243; theme_builder_area=&#8221;post_content&#8221;][et_pb_section global_module=\"102841\"][\/et_pb_section]<!-- [et_pb_line_break_holder] -->[et_pb_section global_module=\"102843\"][\/et_pb_section]<!-- [et_pb_line_break_holder] -->[et_pb_section global_module=\"102844\"][\/et_pb_section]<!-- [et_pb_line_break_holder] -->[et_pb_section global_module=\"102845\"][\/et_pb_section]<!-- [et_pb_line_break_holder] -->[et_pb_section global_module=\"102846\"][\/et_pb_section][\/et_pb_code][\/et_pb_column][\/et_pb_row][et_pb_row _builder_version=&#8221;4.27.5&#8243; _module_preset=&#8221;default&#8221; locked=&#8221;off&#8221; global_colors_info=&#8221;{}&#8221;][et_pb_column type=&#8221;4_4&#8243; _builder_version=&#8221;4.27.5&#8243; _module_preset=&#8221;default&#8221; global_colors_info=&#8221;{}&#8221;][et_pb_text admin_label=&#8221;Internal Links&#8221; _builder_version=&#8221;4.27.5&#8243; _module_preset=&#8221;default&#8221; header_3_font=&#8221;||||on|||#075C97|&#8221; header_3_text_color=&#8221;#075C97&#8243; global_colors_info=&#8221;{}&#8221;]<\/p>\n<h3 style=\"text-align: center;\"><a href=\"https:\/\/www.roeltgen.de\/en\/faq\/faq-marking-procedure\/\">FAQ &#8211; Marking procedure<\/a><\/h3>\n<p>[\/et_pb_text][et_pb_text admin_label=&#8221;internal Links&#8221; _builder_version=&#8221;4.27.5&#8243; _module_preset=&#8221;default&#8221; header_3_font=&#8221;||||on|||#075C97|&#8221; header_3_text_color=&#8221;#075C97&#8243; locked=&#8221;off&#8221; global_colors_info=&#8221;{}&#8221;]<\/p>\n<h3 style=\"text-align: center;\"><a href=\"https:\/\/www.roeltgen.de\/en\/sectors\/pharmacy-chemistry\/\">You may be interested in the pharmacy \/ chemistry.<\/a><\/h3>\n<p>[\/et_pb_text][et_pb_text admin_label=&#8221;internal Links&#8221; _builder_version=&#8221;4.27.5&#8243; _module_preset=&#8221;default&#8221; header_3_font=&#8221;||||on|||#075C97|&#8221; header_3_text_color=&#8221;#075C97&#8243; locked=&#8221;off&#8221; global_colors_info=&#8221;{}&#8221;]<\/p>\n<h3 style=\"text-align: center;\"><a href=\"https:\/\/www.roeltgen.de\/en\/products-for-industrial-marking\/\">Would you like to browse our products?<\/a><\/h3>\n<p>[\/et_pb_text][et_pb_text admin_label=&#8221;externa Links&#8221; _builder_version=&#8221;4.27.5&#8243; _module_preset=&#8221;default&#8221; locked=&#8221;off&#8221; global_colors_info=&#8221;{}&#8221;]<\/p>\n<h2 style=\"text-align: center;\"><b>Further information can be found here:<\/b><\/h2>\n<p style=\"text-align: center;\"><a href=\"https:\/\/www.bvl.bund.de\/DE\/Home\/home_node.html\" target=\"_blank\" rel=\"noopener\">Federal Office of Consumer Protection and Food Safety<\/a><\/p>\n<p style=\"text-align: center;\"><a href=\"https:\/\/www.process.vogel.de\/kennzeichnungspflicht-von-arzneimittelverpackungen-nimmt-zu-a-425962\/\" target=\"_blank\" rel=\"noopener\">Labelling requirements for foodstuffs<\/a><\/p>\n<p style=\"text-align: center;\"><a href=\"https:\/\/www.pharmadeutschland.de\/en\/\" target=\"_blank\" rel=\"noopener\">German Food Association<\/a><\/p>\n<p>&nbsp;<\/p>\n<p>&nbsp;<\/p>\n<p>[\/et_pb_text][\/et_pb_column][\/et_pb_row][\/et_pb_section][et_pb_section fb_built=&#8221;1&#8243; disabled_on=&#8221;off|off|off&#8221; admin_label=&#8221;Kontakt Sektion&#8221; _builder_version=&#8221;4.21.0&#8243; _module_preset=&#8221;default&#8221; background_color=&#8221;gcid-b9977658-4716-4f1b-8f0f-15b61fc8dfd9&#8243; background_image=&#8221;https:\/\/www.roeltgen.de\/wp-content\/uploads\/2023\/05\/corner-dots-left-top-light.png&#8221; background_size=&#8221;initial&#8221; background_position=&#8221;top_left&#8221; border_width_left=&#8221;10px&#8221; border_color_left=&#8221;gcid-7ce7b00a-a0f7-4559-8af2-0adef5afd391&#8243; saved_tabs=&#8221;all&#8221; global_colors_info=&#8221;{%22gcid-b9977658-4716-4f1b-8f0f-15b61fc8dfd9%22:%91%22background_color%22%93,%22gcid-7ce7b00a-a0f7-4559-8af2-0adef5afd391%22:%91%22border_color_left%22%93}&#8221;][et_pb_row _builder_version=&#8221;4.17.3&#8243; _module_preset=&#8221;default&#8221; global_colors_info=&#8221;{}&#8221;][et_pb_column type=&#8221;4_4&#8243; _builder_version=&#8221;4.17.3&#8243; _module_preset=&#8221;default&#8221; global_colors_info=&#8221;{}&#8221;][et_pb_image src=&#8221;https:\/\/www.roeltgen.de\/wp-content\/uploads\/2023\/05\/R.png&#8221; alt=&#8221;R\u00f6ltgen Marking Systems&#8221; title_text=&#8221;R&#8221; align=&#8221;center&#8221; _builder_version=&#8221;4.21.0&#8243; _module_preset=&#8221;default&#8221; custom_margin=&#8221;||20px||false|false&#8221; global_colors_info=&#8221;{}&#8221;][\/et_pb_image][et_pb_text _builder_version=&#8221;4.17.3&#8243; _module_preset=&#8221;default&#8221; text_font=&#8221;|700||on|||||&#8221; text_text_color=&#8221;gcid-7ce7b00a-a0f7-4559-8af2-0adef5afd391&#8243; text_font_size=&#8221;15px&#8221; text_orientation=&#8221;center&#8221; custom_margin=&#8221;||2px|2px|false|false&#8221; global_colors_info=&#8221;{%22gcid-7ce7b00a-a0f7-4559-8af2-0adef5afd391%22:%91%22text_text_color%22%93}&#8221;]<\/p>\n<p>let&#8217;s get connected<\/p>\n<p>[\/et_pb_text][et_pb_text _builder_version=&#8221;4.21.0&#8243; _module_preset=&#8221;default&#8221; header_2_text_align=&#8221;center&#8221; header_2_text_color=&#8221;#FFFFFF&#8221; custom_margin=&#8221;||5px||false|false&#8221; global_colors_info=&#8221;{}&#8221;]<\/p>\n<h2>Sie haben eine Frage?<\/h2>\n<p>[\/et_pb_text][et_pb_text _builder_version=&#8221;4.21.0&#8243; _module_preset=&#8221;default&#8221; text_font=&#8221;|300|||||||&#8221; text_text_color=&#8221;#FFFFFF&#8221; text_line_height=&#8221;1.6em&#8221; text_orientation=&#8221;center&#8221; width=&#8221;50%&#8221; width_tablet=&#8221;100%&#8221; width_phone=&#8221;&#8221; width_last_edited=&#8221;on|tablet&#8221; module_alignment=&#8221;center&#8221; global_colors_info=&#8221;{}&#8221;]<\/p>\n<p><strong>Benefit from our many years of experience and receive personalised advice tailored to your individual applications.<\/strong><\/p>\n<p>[\/et_pb_text][et_pb_button button_url=&#8221;https:\/\/www.roeltgen.de\/en\/contact\/&#8221; button_text=&#8221;Get in touch&#8221; button_alignment=&#8221;center&#8221; _builder_version=&#8221;4.21.0&#8243; _module_preset=&#8221;default&#8221; custom_button=&#8221;on&#8221; button_text_size=&#8221;16px&#8221; button_text_color=&#8221;#FFFFFF&#8221; button_bg_color=&#8221;gcid-7ce7b00a-a0f7-4559-8af2-0adef5afd391&#8243; button_border_width=&#8221;0px&#8221; button_font=&#8221;|600|||||||&#8221; button_use_icon=&#8221;off&#8221; global_colors_info=&#8221;{%22gcid-2eb85268-1f51-4f24-a4be-13bed7ca8ff6%22:%91%22button_bg_color__hover%22%93,%22gcid-7ce7b00a-a0f7-4559-8af2-0adef5afd391%22:%91%22button_bg_color%22%93}&#8221; button_bg_color__hover_enabled=&#8221;on|desktop&#8221; button_bg_color__hover=&#8221;#c65108&#8243; button_bg_enable_color__hover=&#8221;on&#8221;][\/et_pb_button][\/et_pb_column][\/et_pb_row][\/et_pb_section]<\/p>\n","protected":false},"excerpt":{"rendered":"<p>Quality that makes a difference!\u00a0Food industryBlister packs, cardboard packaging, tubular bags\u00a0Food industryThe food industry places high demands on labelling, as products must be clearly and reliably labelled. Packaging carries information such as batch numbers, best-before dates and manufacturer details so that products can be clearly identified. This information must be clearly legible, but the labelling [&hellip;]<\/p>\n","protected":false},"author":5,"featured_media":0,"parent":107995,"menu_order":0,"comment_status":"closed","ping_status":"closed","template":"","meta":{"_et_pb_use_builder":"on","_et_pb_old_content":"","_et_gb_content_width":"","footnotes":""},"class_list":["post-107906","page","type-page","status-publish","hentry"],"yoast_head":"<!-- This site is optimized with the Yoast SEO Premium plugin v27.3 (Yoast SEO v27.3) - https:\/\/yoast.com\/product\/yoast-seo-premium-wordpress\/ -->\n<title>Marking cardboard boxes and blister packs | R\u00f6ltgen<\/title>\n<meta name=\"description\" content=\"Secure marking of cardboard boxes and blister packs: solutions for packaging, blister machines and folding boxes.\" \/>\n<meta name=\"robots\" content=\"index, follow, max-snippet:-1, max-image-preview:large, max-video-preview:-1\" \/>\n<link rel=\"canonical\" href=\"https:\/\/www.roeltgen.de\/en\/sectors\/food-industry\/\" \/>\n<meta property=\"og:locale\" content=\"en_US\" \/>\n<meta property=\"og:type\" content=\"article\" \/>\n<meta property=\"og:title\" content=\"R\u00f6ltgen GmbH &amp; Co. KG \u2013 Ihr Experte f\u00fcr Kennzeichnungswerkzeuge und Kennzeichnungsmaschinen.\" \/>\n<meta property=\"og:description\" content=\"Hochwertige Kennzeichnungswerkzeuge und leistungsstarke Kennzeichnungsmaschinen \u2013 daf\u00fcr steht die R\u00f6ltgen GmbH &amp; Co. KG.\" \/>\n<meta property=\"og:url\" content=\"https:\/\/www.roeltgen.de\/en\/sectors\/food-industry\/\" \/>\n<meta property=\"og:site_name\" content=\"R\u00d6LTGEN MARKING SYSTEMS\" \/>\n<meta property=\"article:publisher\" content=\"https:\/\/www.facebook.com\/Roeltgen\/\" \/>\n<meta property=\"article:modified_time\" content=\"2026-03-17T10:16:06+00:00\" \/>\n<meta property=\"og:image\" content=\"https:\/\/www.roeltgen.de\/wp-content\/uploads\/2025\/11\/Header-2.jpg\" \/>\n\t<meta property=\"og:image:width\" content=\"2000\" \/>\n\t<meta property=\"og:image:height\" content=\"1460\" \/>\n\t<meta property=\"og:image:type\" content=\"image\/jpeg\" \/>\n<meta name=\"twitter:card\" content=\"summary_large_image\" \/>\n<meta name=\"twitter:label1\" content=\"Est. reading time\" \/>\n\t<meta name=\"twitter:data1\" content=\"4 minutes\" \/>\n<script type=\"application\/ld+json\" class=\"yoast-schema-graph\">{\"@context\":\"https:\\\/\\\/schema.org\",\"@graph\":[{\"@type\":\"WebPage\",\"@id\":\"https:\\\/\\\/www.roeltgen.de\\\/en\\\/sectors\\\/food-industry\\\/\",\"url\":\"https:\\\/\\\/www.roeltgen.de\\\/en\\\/sectors\\\/food-industry\\\/\",\"name\":\"Marking cardboard boxes and blister packs | R\u00f6ltgen\",\"isPartOf\":{\"@id\":\"https:\\\/\\\/www.roeltgen.de\\\/#website\"},\"datePublished\":\"2026-02-13T14:39:15+00:00\",\"dateModified\":\"2026-03-17T10:16:06+00:00\",\"description\":\"Secure marking of cardboard boxes and blister packs: solutions for packaging, blister machines and folding boxes.\",\"breadcrumb\":{\"@id\":\"https:\\\/\\\/www.roeltgen.de\\\/en\\\/sectors\\\/food-industry\\\/#breadcrumb\"},\"inLanguage\":\"en-US\",\"potentialAction\":[{\"@type\":\"ReadAction\",\"target\":[\"https:\\\/\\\/www.roeltgen.de\\\/en\\\/sectors\\\/food-industry\\\/\"]}]},{\"@type\":\"BreadcrumbList\",\"@id\":\"https:\\\/\\\/www.roeltgen.de\\\/en\\\/sectors\\\/food-industry\\\/#breadcrumb\",\"itemListElement\":[{\"@type\":\"ListItem\",\"position\":1,\"name\":\"Home\",\"item\":\"https:\\\/\\\/www.roeltgen.de\\\/en\\\/\"},{\"@type\":\"ListItem\",\"position\":2,\"name\":\"Sectors\",\"item\":\"https:\\\/\\\/www.roeltgen.de\\\/en\\\/sectors\\\/\"},{\"@type\":\"ListItem\",\"position\":3,\"name\":\"Food industry\"}]},{\"@type\":\"WebSite\",\"@id\":\"https:\\\/\\\/www.roeltgen.de\\\/#website\",\"url\":\"https:\\\/\\\/www.roeltgen.de\\\/\",\"name\":\"R\u00f6ltgen GmbH & Co. KG \u2013 Ihr Experte f\u00fcr Kennzeichnungswerkzeuge und -maschinen.\",\"description\":\"R\u00f6ltgen \u2013 Qualit\u00e4t, die pr\u00e4gt!\",\"publisher\":{\"@id\":\"https:\\\/\\\/www.roeltgen.de\\\/#organization\"},\"alternateName\":\"R\u00f6ltgen GmbH & Co. KG\",\"potentialAction\":[{\"@type\":\"SearchAction\",\"target\":{\"@type\":\"EntryPoint\",\"urlTemplate\":\"https:\\\/\\\/www.roeltgen.de\\\/?s={search_term_string}\"},\"query-input\":{\"@type\":\"PropertyValueSpecification\",\"valueRequired\":true,\"valueName\":\"search_term_string\"}}],\"inLanguage\":\"en-US\"},{\"@type\":\"Organization\",\"@id\":\"https:\\\/\\\/www.roeltgen.de\\\/#organization\",\"name\":\"R\u00d6LTGEN GmbH & Co. KG\",\"alternateName\":\"R\u00f6ltgen Marking-System\",\"url\":\"https:\\\/\\\/www.roeltgen.de\\\/\",\"logo\":{\"@type\":\"ImageObject\",\"inLanguage\":\"en-US\",\"@id\":\"https:\\\/\\\/www.roeltgen.de\\\/#\\\/schema\\\/logo\\\/image\\\/\",\"url\":\"https:\\\/\\\/www.roeltgen.de\\\/wp-content\\\/uploads\\\/2026\\\/01\\\/Roeltgen-Kurzzeichen.jpg\",\"contentUrl\":\"https:\\\/\\\/www.roeltgen.de\\\/wp-content\\\/uploads\\\/2026\\\/01\\\/Roeltgen-Kurzzeichen.jpg\",\"width\":241,\"height\":180,\"caption\":\"R\u00d6LTGEN GmbH & Co. KG\"},\"image\":{\"@id\":\"https:\\\/\\\/www.roeltgen.de\\\/#\\\/schema\\\/logo\\\/image\\\/\"},\"sameAs\":[\"https:\\\/\\\/www.facebook.com\\\/Roeltgen\\\/\"],\"description\":\"Die R\u00f6ltgen GmbH & Co. KG ist ein erfahrener Hersteller und Spezialist f\u00fcr Kennzeichnungswerkzeuge und Kennzeichnungsmaschinen. Das Unternehmen entwickelt und fertigt pr\u00e4zise, langlebige L\u00f6sungen f\u00fcr die industrielle Kennzeichnung unterschiedlichster Materialien. Mit hoher Fertigungstiefe, technischem Know-how und praxisnaher Beratung steht R\u00f6ltgen f\u00fcr Qualit\u00e4t, Zuverl\u00e4ssigkeit und ma\u00dfgeschneiderte Kennzeichnungsl\u00f6sungen. Die Produkte kommen branchen\u00fcbergreifend in Industrie, Handwerk und Fertigung zum Einsatz und erf\u00fcllen h\u00f6chste Anforderungen an Pr\u00e4zision und Best\u00e4ndigkeit.\",\"email\":\"info@roeltgen.de\",\"telephone\":\"+49-(0)212-3399-0\",\"legalName\":\"R\u00f6ltgen GmbH und Co. KG\",\"foundingDate\":\"1941-04-01\",\"vatID\":\"DE120961312\",\"taxID\":\"128\\\/5915\\\/4235\",\"duns\":\"317021913\",\"numberOfEmployees\":{\"@type\":\"QuantitativeValue\",\"minValue\":\"11\",\"maxValue\":\"50\"}}]}<\/script>\n<!-- \/ Yoast SEO Premium plugin. -->","yoast_head_json":{"title":"Marking cardboard boxes and blister packs | R\u00f6ltgen","description":"Secure marking of cardboard boxes and blister packs: solutions for packaging, blister machines and folding boxes.","robots":{"index":"index","follow":"follow","max-snippet":"max-snippet:-1","max-image-preview":"max-image-preview:large","max-video-preview":"max-video-preview:-1"},"canonical":"https:\/\/www.roeltgen.de\/en\/sectors\/food-industry\/","og_locale":"en_US","og_type":"article","og_title":"R\u00f6ltgen GmbH & Co. KG \u2013 Ihr Experte f\u00fcr Kennzeichnungswerkzeuge und Kennzeichnungsmaschinen.","og_description":"Hochwertige Kennzeichnungswerkzeuge und leistungsstarke Kennzeichnungsmaschinen \u2013 daf\u00fcr steht die R\u00f6ltgen GmbH & Co. KG.","og_url":"https:\/\/www.roeltgen.de\/en\/sectors\/food-industry\/","og_site_name":"R\u00d6LTGEN MARKING SYSTEMS","article_publisher":"https:\/\/www.facebook.com\/Roeltgen\/","article_modified_time":"2026-03-17T10:16:06+00:00","og_image":[{"width":2000,"height":1460,"url":"https:\/\/www.roeltgen.de\/wp-content\/uploads\/2025\/11\/Header-2.jpg","type":"image\/jpeg"}],"twitter_card":"summary_large_image","twitter_misc":{"Est. reading time":"4 minutes"},"schema":{"@context":"https:\/\/schema.org","@graph":[{"@type":"WebPage","@id":"https:\/\/www.roeltgen.de\/en\/sectors\/food-industry\/","url":"https:\/\/www.roeltgen.de\/en\/sectors\/food-industry\/","name":"Marking cardboard boxes and blister packs | R\u00f6ltgen","isPartOf":{"@id":"https:\/\/www.roeltgen.de\/#website"},"datePublished":"2026-02-13T14:39:15+00:00","dateModified":"2026-03-17T10:16:06+00:00","description":"Secure marking of cardboard boxes and blister packs: solutions for packaging, blister machines and folding boxes.","breadcrumb":{"@id":"https:\/\/www.roeltgen.de\/en\/sectors\/food-industry\/#breadcrumb"},"inLanguage":"en-US","potentialAction":[{"@type":"ReadAction","target":["https:\/\/www.roeltgen.de\/en\/sectors\/food-industry\/"]}]},{"@type":"BreadcrumbList","@id":"https:\/\/www.roeltgen.de\/en\/sectors\/food-industry\/#breadcrumb","itemListElement":[{"@type":"ListItem","position":1,"name":"Home","item":"https:\/\/www.roeltgen.de\/en\/"},{"@type":"ListItem","position":2,"name":"Sectors","item":"https:\/\/www.roeltgen.de\/en\/sectors\/"},{"@type":"ListItem","position":3,"name":"Food industry"}]},{"@type":"WebSite","@id":"https:\/\/www.roeltgen.de\/#website","url":"https:\/\/www.roeltgen.de\/","name":"R\u00f6ltgen GmbH & Co. KG \u2013 Ihr Experte f\u00fcr Kennzeichnungswerkzeuge und -maschinen.","description":"R\u00f6ltgen \u2013 Qualit\u00e4t, die pr\u00e4gt!","publisher":{"@id":"https:\/\/www.roeltgen.de\/#organization"},"alternateName":"R\u00f6ltgen GmbH & Co. KG","potentialAction":[{"@type":"SearchAction","target":{"@type":"EntryPoint","urlTemplate":"https:\/\/www.roeltgen.de\/?s={search_term_string}"},"query-input":{"@type":"PropertyValueSpecification","valueRequired":true,"valueName":"search_term_string"}}],"inLanguage":"en-US"},{"@type":"Organization","@id":"https:\/\/www.roeltgen.de\/#organization","name":"R\u00d6LTGEN GmbH & Co. KG","alternateName":"R\u00f6ltgen Marking-System","url":"https:\/\/www.roeltgen.de\/","logo":{"@type":"ImageObject","inLanguage":"en-US","@id":"https:\/\/www.roeltgen.de\/#\/schema\/logo\/image\/","url":"https:\/\/www.roeltgen.de\/wp-content\/uploads\/2026\/01\/Roeltgen-Kurzzeichen.jpg","contentUrl":"https:\/\/www.roeltgen.de\/wp-content\/uploads\/2026\/01\/Roeltgen-Kurzzeichen.jpg","width":241,"height":180,"caption":"R\u00d6LTGEN GmbH & Co. KG"},"image":{"@id":"https:\/\/www.roeltgen.de\/#\/schema\/logo\/image\/"},"sameAs":["https:\/\/www.facebook.com\/Roeltgen\/"],"description":"Die R\u00f6ltgen GmbH & Co. KG ist ein erfahrener Hersteller und Spezialist f\u00fcr Kennzeichnungswerkzeuge und Kennzeichnungsmaschinen. Das Unternehmen entwickelt und fertigt pr\u00e4zise, langlebige L\u00f6sungen f\u00fcr die industrielle Kennzeichnung unterschiedlichster Materialien. Mit hoher Fertigungstiefe, technischem Know-how und praxisnaher Beratung steht R\u00f6ltgen f\u00fcr Qualit\u00e4t, Zuverl\u00e4ssigkeit und ma\u00dfgeschneiderte Kennzeichnungsl\u00f6sungen. Die Produkte kommen branchen\u00fcbergreifend in Industrie, Handwerk und Fertigung zum Einsatz und erf\u00fcllen h\u00f6chste Anforderungen an Pr\u00e4zision und Best\u00e4ndigkeit.","email":"info@roeltgen.de","telephone":"+49-(0)212-3399-0","legalName":"R\u00f6ltgen GmbH und Co. KG","foundingDate":"1941-04-01","vatID":"DE120961312","taxID":"128\/5915\/4235","duns":"317021913","numberOfEmployees":{"@type":"QuantitativeValue","minValue":"11","maxValue":"50"}}]}},"_links":{"self":[{"href":"https:\/\/www.roeltgen.de\/en\/wp-json\/wp\/v2\/pages\/107906","targetHints":{"allow":["GET"]}}],"collection":[{"href":"https:\/\/www.roeltgen.de\/en\/wp-json\/wp\/v2\/pages"}],"about":[{"href":"https:\/\/www.roeltgen.de\/en\/wp-json\/wp\/v2\/types\/page"}],"author":[{"embeddable":true,"href":"https:\/\/www.roeltgen.de\/en\/wp-json\/wp\/v2\/users\/5"}],"replies":[{"embeddable":true,"href":"https:\/\/www.roeltgen.de\/en\/wp-json\/wp\/v2\/comments?post=107906"}],"version-history":[{"count":8,"href":"https:\/\/www.roeltgen.de\/en\/wp-json\/wp\/v2\/pages\/107906\/revisions"}],"predecessor-version":[{"id":108718,"href":"https:\/\/www.roeltgen.de\/en\/wp-json\/wp\/v2\/pages\/107906\/revisions\/108718"}],"up":[{"embeddable":true,"href":"https:\/\/www.roeltgen.de\/en\/wp-json\/wp\/v2\/pages\/107995"}],"wp:attachment":[{"href":"https:\/\/www.roeltgen.de\/en\/wp-json\/wp\/v2\/media?parent=107906"}],"curies":[{"name":"wp","href":"https:\/\/api.w.org\/{rel}","templated":true}]}}